{"id":1261,"date":"2020-01-07T16:32:06","date_gmt":"2020-01-07T16:32:06","guid":{"rendered":"https:\/\/www.metal-styl.com\/?post_type=product&#038;p=1261"},"modified":"2020-01-07T16:32:07","modified_gmt":"2020-01-07T16:32:07","slug":"kontener-3-szufladowy-k32-szer-430mm","status":"publish","type":"product","link":"https:\/\/www.metal-styl.com\/index.php\/produkt\/kontener-3-szufladowy-k32-szer-430mm\/","title":{"rendered":"Kontener 3-szufladowy K32 szer.430mm"},"content":{"rendered":"<div id=\"idTab1\" class=\"rte\">\n<p><span style=\"color: #800000;\"><strong>Kontener 3-szufladowy K32 szer.430mm<\/strong><\/span><\/p>\n<p><strong>Wymiary: szer\/g\u0142\/wys 430x500x620mm<\/strong><\/p>\n<p>Kontener 3-szufladowy<\/p>\n<p>Kontenerek zamykany zamkiem centralnym na kluczyk ( w komplecie 2 kluczyki )<\/p>\n<p>Szuflady wysuwane na prowadnicach rolkowych<\/p>\n<p>Kontenerek mobilny na k\u00f3\u0142eczkach ( z hamulcem), co pozwala na swobodne przesuwanie kontenerka<\/p>\n<p>Wysoko\u015b\u0107 kontenerka pozwala na umieszczenie go r\u00f3wnie\u017c pod biurkiem<\/p>\n<p>Z przodu biurka ozdobny panel w kolorze Antracyt<\/p>\n<p>Waga biurka: 26kg<\/p>\n<div id=\"idTab1\" class=\"rte\">\n<div id=\"idTab1\" class=\"rte\">\n<p><ins><strong>Kolorystyka zestawu:<\/strong><\/ins><\/p>\n<p><img decoding=\"async\" title=\"Zestaw Grusza Jasna + Antracyt\" src=\"http:\/\/www.sklep.metal-styl.com\/img\/cms\/grusza_jasna_antracyt.jpg\" alt=\"Grusza_Jasna_Antracyt\" width=\"154\" height=\"78\" \/>\u00a0Grusza Jasna + Antracyt<\/p>\n<p>&#8211;\u00a0Solidny wytrzyma\u0142y blat\u00a0oraz podstawa kontenerka<\/p>\n<p>&#8211; Dekoracyjne elementy pokryte s\u0105 laminatami<\/p>\n<p>&#8211;\u00a0Stosowanie do produkcji mebli p\u0142yty laminowanej gwarantuje d\u0142ug\u0105 \u017cywotno\u015b\u0107 i wysok\u0105 wytrzyma\u0142o\u015b\u0107 powierzchni roboczych.<\/p>\n<p>&#8211; W\u0105skie p\u0142aszczyzny element\u00f3w meblowych starannie wyko\u0144czone obrze\u017camii ABS zewn\u0119trzna o grubo\u015bci 2mm i ABS o grubo\u015bci 0,8-0,1mm, co chroni je przed przypadkowymi uszkodzeniami kraw\u0119dzi, poprawia estetyk\u0119 i wp\u0142ywa na trwa\u0142o\u015b\u0107<\/p>\n<p>&#8211; Nasze meble posiadaj\u0105 Atest ekologiczny E1 potwierdzony przez Akademi\u0119 Medyczn\u0105 w Gda\u0144sku.<\/p>\n<p>&#8211; Zastosowane w naszej produkcji obrze\u017ca meblowe posiadaj\u0105 atest Higieniczny potwierdzony przez Narodowy Instytut Zdrowia Publicznego<\/p>\n<p>&nbsp;<\/p>\n<p>Termin realizacji: 2-10 dni roboczych w zale\u017cno\u015bci od dost\u0119pno\u015bci produktu oraz kolorystyki. W celu ustalenia terminu realizacji zam\u00f3wienia ka\u017cdorazowo prosimy o kontakt z biurem.<\/p>\n<\/div>\n<\/div>\n<\/div>\n","protected":false},"excerpt":{"rendered":"<p><strong>Wymiary: szer\/g\u0142\/wys 430x500x620mm<\/strong><\/p>\n","protected":false},"featured_media":1262,"comment_status":"open","ping_status":"closed","template":"","meta":[],"product_cat":[22],"product_tag":[826,829,827,828,737],"yst_prominent_words":[824,705,696,728,694,585,821,823,725,727,706,693,729,820,697,730,698],"class_list":{"0":"post-1261","1":"product","2":"type-product","3":"status-publish","4":"has-post-thumbnail","6":"product_cat-meble-biurowe-zestawy","7":"product_tag-kontenerek-k32","8":"product_tag-kontenerek-k32-na-kolkach","9":"product_tag-kontenerek-mobilny","10":"product_tag-kontenerek-przybiurkowy","11":"product_tag-meble-odnowa","12":"entry","14":"first","15":"instock","16":"shipping-taxable","17":"product-type-simple"},"_links":{"self":[{"href":"https:\/\/www.metal-styl.com\/index.php\/wp-json\/wp\/v2\/product\/1261","targetHints":{"allow":["GET"]}}],"collection":[{"href":"https:\/\/www.metal-styl.com\/index.php\/wp-json\/wp\/v2\/product"}],"about":[{"href":"https:\/\/www.metal-styl.com\/index.php\/wp-json\/wp\/v2\/types\/product"}],"replies":[{"embeddable":true,"href":"https:\/\/www.metal-styl.com\/index.php\/wp-json\/wp\/v2\/comments?post=1261"}],"version-history":[{"count":1,"href":"https:\/\/www.metal-styl.com\/index.php\/wp-json\/wp\/v2\/product\/1261\/revisions"}],"predecessor-version":[{"id":1263,"href":"https:\/\/www.metal-styl.com\/index.php\/wp-json\/wp\/v2\/product\/1261\/revisions\/1263"}],"wp:featuredmedia":[{"embeddable":true,"href":"https:\/\/www.metal-styl.com\/index.php\/wp-json\/wp\/v2\/media\/1262"}],"wp:attachment":[{"href":"https:\/\/www.metal-styl.com\/index.php\/wp-json\/wp\/v2\/media?parent=1261"}],"wp:term":[{"taxonomy":"product_cat","embeddable":true,"href":"https:\/\/www.metal-styl.com\/index.php\/wp-json\/wp\/v2\/product_cat?post=1261"},{"taxonomy":"product_tag","embeddable":true,"href":"https:\/\/www.metal-styl.com\/index.php\/wp-json\/wp\/v2\/product_tag?post=1261"},{"taxonomy":"yst_prominent_words","embeddable":true,"href":"https:\/\/www.metal-styl.com\/index.php\/wp-json\/wp\/v2\/yst_prominent_words?post=1261"}],"curies":[{"name":"wp","href":"https:\/\/api.w.org\/{rel}","templated":true}]}}