{"id":1270,"date":"2020-01-07T16:51:41","date_gmt":"2020-01-07T16:51:41","guid":{"rendered":"https:\/\/www.metal-styl.com\/?post_type=product&#038;p=1270"},"modified":"2020-02-13T15:18:49","modified_gmt":"2020-02-13T15:18:49","slug":"szafa-biurowa-2-czesciowa-r32-szer-800mm","status":"publish","type":"product","link":"https:\/\/www.metal-styl.com\/index.php\/produkt\/szafa-biurowa-2-czesciowa-r32-szer-800mm\/","title":{"rendered":"Szafa biurowa 2 cz\u0119\u015bciowa R32 szer. 800mm"},"content":{"rendered":"<div id=\"center_column\">\n<div id=\"more_info_block\" class=\"clear\">\n<div id=\"more_info_sheets\" class=\"sheets align_justify\">\n<div id=\"idTab1\" class=\"rte\">\n<p><span style=\"color: #800000;\"><strong>\u00a0Rega\u0142, Szafa biurowa, ubraniowa 4-drzwiowa, 2 modu\u0142owa<\/strong><\/span><\/p>\n<p><strong>Wymiary: szer\/g\u0142\/wys 800x400x1960mm<\/strong><\/p>\n<div id=\"idTab1\" class=\"rte\">\n<div id=\"idTab1\" class=\"rte\">\n<p>Wyposa\u017cenie:<\/p>\n<p>&#8211; cztery p\u00f3\u0142ki, pi\u0119\u0107 przestrzeni<\/p>\n<p>&#8211; g\u00f3rna cz\u0119\u015b\u0107 zamykana drzwiczkami wyposa\u017cona w dwie p\u00f3\u0142ki ( 3 przestrzenie ), dolna cz\u0119\u015b\u0107 zamykana drzwiczkami, wyposa\u017cona w jedn\u0105 p\u00f3\u0142k\u0119 ( 2 przestrzenie )<\/p>\n<p>&#8211; ozdobne uchwyty meblowe<\/p>\n<p>&#8211; Drzwi w rega\u0142ach i szafach mocowane s\u0105 na zawiasach puszkowych z regulacj\u0105 i funkcj\u0105 domykania<\/p>\n<p>&#8211; \u015bruby poziomuj\u0105ce u\u0142atwiaj\u0105ce poziomowanie mebli na nier\u00f3wnej pod\u0142odze<\/p>\n<p>&#8211; stopki regulacyjne w rega\u0142ach, szafach i kontenerkach pomog\u0105 ustawi\u0107 meble w prostym szyku. Regulacj\u0119 przeprowadza si\u0119 wewn\u0105trz mebla.<\/p>\n<p>Istnieje mo\u017cliwo\u015b\u0107 monta\u017cu zamka na kluczyk ( w komplecie 2 kluczyki).<\/p>\n<p>Koszt dodatkowego zamka to 20z\u0142 netto<\/p>\n<p>Szafa wyprodukowana na bazie wysokiej jako\u015bci melaminowanych p\u0142yt wi\u00f3rowych.<\/p>\n<p>&#8211; W\u0105skie p\u0142aszczyzny element\u00f3w meblowych starannie wyko\u0144czone obrze\u017cem PCV.<\/p>\n<p>&#8211; Front szafy wykonany z p\u0142yty o grubo\u015bci 22mm, korpus wykonany z p\u0142yty o grubo\u015bci 18mm.<\/p>\n<p>&#8211; Szafa posiada Atest ekologiczny E1 potwierdzony przez Akademi\u0119 Medyczn\u0105 w Gda\u0144sku.<\/p>\n<p>&#8211; Zastosowane obrze\u017ca meblowe posiadaj\u0105 atest Higieniczny potwierdzony przez Narodowy Instytut Zdrowia Publicznego<\/p>\n<p>Termin realizacji: 2-10 dni roboczych w zale\u017cno\u015bci od dost\u0119pno\u015bci produktu oraz kolorystyki. W celu ustalenia terminu realizacji zam\u00f3wienia ka\u017cdorazowo prosimy o kontakt z biurem.<\/p>\n<\/div>\n<\/div>\n<\/div>\n<\/div>\n<\/div>\n<\/div>\n","protected":false},"excerpt":{"rendered":"<p><strong>Wymiary: szer\/g\u0142\/wys 800x400x1960mm<\/strong><\/p>\n","protected":false},"featured_media":1271,"comment_status":"open","ping_status":"closed","template":"","meta":[],"product_cat":[22],"product_tag":[737,884,885,883,227],"yst_prominent_words":[728,876,873,585,878,854,851,874,877,879,386,880,853,850,848,462,882,875,872,871],"class_list":{"0":"post-1270","1":"product","2":"type-product","3":"status-publish","4":"has-post-thumbnail","6":"product_cat-meble-biurowe-zestawy","7":"product_tag-meble-odnowa","8":"product_tag-regalo-r-32","9":"product_tag-szafa-biurowa","10":"product_tag-szafa-biurowa-r-32","11":"product_tag-szafa-ubraniowa","12":"entry","14":"first","15":"instock","16":"shipping-taxable","17":"product-type-simple"},"_links":{"self":[{"href":"https:\/\/www.metal-styl.com\/index.php\/wp-json\/wp\/v2\/product\/1270","targetHints":{"allow":["GET"]}}],"collection":[{"href":"https:\/\/www.metal-styl.com\/index.php\/wp-json\/wp\/v2\/product"}],"about":[{"href":"https:\/\/www.metal-styl.com\/index.php\/wp-json\/wp\/v2\/types\/product"}],"replies":[{"embeddable":true,"href":"https:\/\/www.metal-styl.com\/index.php\/wp-json\/wp\/v2\/comments?post=1270"}],"version-history":[{"count":2,"href":"https:\/\/www.metal-styl.com\/index.php\/wp-json\/wp\/v2\/product\/1270\/revisions"}],"predecessor-version":[{"id":3064,"href":"https:\/\/www.metal-styl.com\/index.php\/wp-json\/wp\/v2\/product\/1270\/revisions\/3064"}],"wp:featuredmedia":[{"embeddable":true,"href":"https:\/\/www.metal-styl.com\/index.php\/wp-json\/wp\/v2\/media\/1271"}],"wp:attachment":[{"href":"https:\/\/www.metal-styl.com\/index.php\/wp-json\/wp\/v2\/media?parent=1270"}],"wp:term":[{"taxonomy":"product_cat","embeddable":true,"href":"https:\/\/www.metal-styl.com\/index.php\/wp-json\/wp\/v2\/product_cat?post=1270"},{"taxonomy":"product_tag","embeddable":true,"href":"https:\/\/www.metal-styl.com\/index.php\/wp-json\/wp\/v2\/product_tag?post=1270"},{"taxonomy":"yst_prominent_words","embeddable":true,"href":"https:\/\/www.metal-styl.com\/index.php\/wp-json\/wp\/v2\/yst_prominent_words?post=1270"}],"curies":[{"name":"wp","href":"https:\/\/api.w.org\/{rel}","templated":true}]}}