{"id":1295,"date":"2020-01-07T17:24:07","date_gmt":"2020-01-07T17:24:07","guid":{"rendered":"https:\/\/www.metal-styl.com\/?post_type=product&#038;p=1295"},"modified":"2020-01-07T17:24:08","modified_gmt":"2020-01-07T17:24:08","slug":"polka-pod-klawiature-kkl","status":"publish","type":"product","link":"https:\/\/www.metal-styl.com\/index.php\/produkt\/polka-pod-klawiature-kkl\/","title":{"rendered":"P\u00f3\u0142ka pod klawiatur\u0119 KKL"},"content":{"rendered":"<div id=\"center_column\">\n<div id=\"more_info_block\" class=\"clear\">\n<div id=\"more_info_sheets\" class=\"sheets align_justify\">\n<div id=\"idTab1\" class=\"rte\">\n<p><span style=\"color: #800000;\"><strong>P\u00f3\u0142ka na klawiatur\u0119, mocowana pod blatem<\/strong><\/span><\/p>\n<p><strong>Wymiary: szer\/g\u0142\/wys 570x410x80mm<\/strong><\/p>\n<p>Do p\u00f3\u0142ki do\u0142\u0105czony jest komplet niezb\u0119dnych mocowa\u0144.<\/p>\n<p>Do biurka mo\u017cna dom\u00f3wi\u0107 p\u00f3\u0142k\u0119 na klawiatur\u0119 komputerow\u0105 oraz mobilny w\u00f3zek na komputer stacjonarny. Dzi\u0119ki k\u00f3\u0142eczkom w ka\u017cdej chwili mo\u017cesz wygodnie przestawia\u0107 stacj\u0119.<\/p>\n<\/div>\n<\/div>\n<\/div>\n<\/div>\n","protected":false},"excerpt":{"rendered":"<p><strong>Wymiary: szer\/g\u0142\/wys 570x410x80mm<\/strong><\/p>\n","protected":false},"featured_media":1296,"comment_status":"open","ping_status":"closed","template":"","meta":[],"product_cat":[22],"product_tag":[932,933],"yst_prominent_words":[931],"class_list":{"0":"post-1295","1":"product","2":"type-product","3":"status-publish","4":"has-post-thumbnail","6":"product_cat-meble-biurowe-zestawy","7":"product_tag-kaseta-pod-klawiature","8":"product_tag-kaseta-polka-pod-klawiature-kk-l","9":"entry","11":"first","12":"instock","13":"shipping-taxable","14":"product-type-simple"},"_links":{"self":[{"href":"https:\/\/www.metal-styl.com\/index.php\/wp-json\/wp\/v2\/product\/1295","targetHints":{"allow":["GET"]}}],"collection":[{"href":"https:\/\/www.metal-styl.com\/index.php\/wp-json\/wp\/v2\/product"}],"about":[{"href":"https:\/\/www.metal-styl.com\/index.php\/wp-json\/wp\/v2\/types\/product"}],"replies":[{"embeddable":true,"href":"https:\/\/www.metal-styl.com\/index.php\/wp-json\/wp\/v2\/comments?post=1295"}],"version-history":[{"count":1,"href":"https:\/\/www.metal-styl.com\/index.php\/wp-json\/wp\/v2\/product\/1295\/revisions"}],"predecessor-version":[{"id":1297,"href":"https:\/\/www.metal-styl.com\/index.php\/wp-json\/wp\/v2\/product\/1295\/revisions\/1297"}],"wp:featuredmedia":[{"embeddable":true,"href":"https:\/\/www.metal-styl.com\/index.php\/wp-json\/wp\/v2\/media\/1296"}],"wp:attachment":[{"href":"https:\/\/www.metal-styl.com\/index.php\/wp-json\/wp\/v2\/media?parent=1295"}],"wp:term":[{"taxonomy":"product_cat","embeddable":true,"href":"https:\/\/www.metal-styl.com\/index.php\/wp-json\/wp\/v2\/product_cat?post=1295"},{"taxonomy":"product_tag","embeddable":true,"href":"https:\/\/www.metal-styl.com\/index.php\/wp-json\/wp\/v2\/product_tag?post=1295"},{"taxonomy":"yst_prominent_words","embeddable":true,"href":"https:\/\/www.metal-styl.com\/index.php\/wp-json\/wp\/v2\/yst_prominent_words?post=1295"}],"curies":[{"name":"wp","href":"https:\/\/api.w.org\/{rel}","templated":true}]}}