{"id":1298,"date":"2020-01-07T17:27:42","date_gmt":"2020-01-07T17:27:42","guid":{"rendered":"https:\/\/www.metal-styl.com\/?post_type=product&#038;p=1298"},"modified":"2020-02-13T14:52:02","modified_gmt":"2020-02-13T14:52:02","slug":"podstawka-jezdna-pc","status":"publish","type":"product","link":"https:\/\/www.metal-styl.com\/index.php\/produkt\/podstawka-jezdna-pc\/","title":{"rendered":"PODSTAWKA JEZDNA PC"},"content":{"rendered":"<p><span style=\"color: #800000;\"><strong>Podstawa pod komputer<\/strong><\/span><\/p>\n<p>P\u00f3\u0142ka jezdna na k\u00f3\u0142eczkach pod stacj\u0119 komputera<\/p>\n","protected":false},"excerpt":{"rendered":"<p>Podstawka jezdna pod stacj\u0119 komputera PC<\/p>\n<p>&nbsp;<\/p>\n","protected":false},"featured_media":1299,"comment_status":"open","ping_status":"closed","template":"","meta":[],"product_cat":[22],"product_tag":[935,934],"yst_prominent_words":[],"class_list":{"0":"post-1298","1":"product","2":"type-product","3":"status-publish","4":"has-post-thumbnail","6":"product_cat-meble-biurowe-zestawy","7":"product_tag-podstawa-jezdna-pod-pc","8":"product_tag-podstawa-pod-komputer","9":"entry","11":"first","12":"instock","13":"shipping-taxable","14":"product-type-simple"},"_links":{"self":[{"href":"https:\/\/www.metal-styl.com\/index.php\/wp-json\/wp\/v2\/product\/1298","targetHints":{"allow":["GET"]}}],"collection":[{"href":"https:\/\/www.metal-styl.com\/index.php\/wp-json\/wp\/v2\/product"}],"about":[{"href":"https:\/\/www.metal-styl.com\/index.php\/wp-json\/wp\/v2\/types\/product"}],"replies":[{"embeddable":true,"href":"https:\/\/www.metal-styl.com\/index.php\/wp-json\/wp\/v2\/comments?post=1298"}],"version-history":[{"count":2,"href":"https:\/\/www.metal-styl.com\/index.php\/wp-json\/wp\/v2\/product\/1298\/revisions"}],"predecessor-version":[{"id":3060,"href":"https:\/\/www.metal-styl.com\/index.php\/wp-json\/wp\/v2\/product\/1298\/revisions\/3060"}],"wp:featuredmedia":[{"embeddable":true,"href":"https:\/\/www.metal-styl.com\/index.php\/wp-json\/wp\/v2\/media\/1299"}],"wp:attachment":[{"href":"https:\/\/www.metal-styl.com\/index.php\/wp-json\/wp\/v2\/media?parent=1298"}],"wp:term":[{"taxonomy":"product_cat","embeddable":true,"href":"https:\/\/www.metal-styl.com\/index.php\/wp-json\/wp\/v2\/product_cat?post=1298"},{"taxonomy":"product_tag","embeddable":true,"href":"https:\/\/www.metal-styl.com\/index.php\/wp-json\/wp\/v2\/product_tag?post=1298"},{"taxonomy":"yst_prominent_words","embeddable":true,"href":"https:\/\/www.metal-styl.com\/index.php\/wp-json\/wp\/v2\/yst_prominent_words?post=1298"}],"curies":[{"name":"wp","href":"https:\/\/api.w.org\/{rel}","templated":true}]}}