{"id":1583,"date":"2020-01-12T21:42:26","date_gmt":"2020-01-12T21:42:26","guid":{"rendered":"https:\/\/www.metal-styl.com\/?post_type=product&#038;p=1583"},"modified":"2022-06-13T10:08:10","modified_gmt":"2022-06-13T10:08:10","slug":"kaseta-klawiatury-polka-na-klawiature-k-kl","status":"publish","type":"product","link":"https:\/\/www.metal-styl.com\/index.php\/produkt\/kaseta-klawiatury-polka-na-klawiature-k-kl\/","title":{"rendered":"Kaseta klawiatury &#8211; p\u00f3\u0142ka na klawiatur\u0119 K-KL"},"content":{"rendered":"<div id=\"idTab1\" class=\"rte\">\n<p><span style=\"color: #800000;\"><strong>Kaseta klawiatury K-KL &#8211; p\u00f3\u0142ka na klawiatur\u0119<\/strong><\/span><\/p>\n<p><strong>Wymiary: szer\/g\u0142\/wys 570x410x80mm<\/strong><\/p>\n<p>&#8211; kaseta na klawiatur\u0119 do zamocowania pod blatem biurka<br \/>\n&#8211; wykonana z p\u0142yty meblowej gr.18mm, obrze\u017ce gr. 2mm i 0,8mm<br \/>\n&#8211; prowadnice rolkowe<br \/>\n&#8211; monta\u017c na metalowych k\u0105townikach<\/p>\n<div id=\"idTab1\" class=\"rte\">\n<div id=\"idTab1\" class=\"rte\">\n<p>Do biurka mo\u017cna dom\u00f3wi\u0107 mobilny w\u00f3zek na komputer stacjonarny.<\/p>\n<p>Dzi\u0119ki k\u00f3\u0142eczkom w ka\u017cdej chwili mo\u017cesz wygodnie przestawia\u0107 stacj\u0119.<\/p>\n<p>5 ZESTAW\u00d3W KOLORYSTYCZNYCH &#8211; JEDNA CENA!<\/p>\n<p><ins><strong>Kolorystyka mebli do wyboru:<\/strong><\/ins><\/p>\n<p>&#8211; Orzech Camaro + Platyna<\/p>\n<p>&#8211; Buk Bawaria + Platyna<\/p>\n<p>&#8211; Grusza Polna + Platyna<\/p>\n<p>&#8211; Buk Bawaria<\/p>\n<p>&#8211; Grusza Polna<\/p>\n<p>Niezale\u017cnie od tego jaki zestaw kolorystyczny wybierzesz,<\/p>\n<p>gwarantujemy jedn\u0105 sta\u0142\u0105 cen\u0119!<\/p>\n<p style=\"text-align: center;\"><img decoding=\"async\" class=\"aligncenter\" title=\"Zestaw Orzech Camaro + Platyna\" src=\"http:\/\/www.sklep.metal-styl.com\/img\/cms\/orzech_platyna.jpg\" alt=\"Orzech_Camaro_Platyna\" width=\"60\" height=\"33\" \/> Orzech Camaro + Platyna<\/p>\n<p style=\"text-align: center;\"><img decoding=\"async\" class=\"aligncenter\" title=\"Buk Bawaria + Platyna\" src=\"http:\/\/www.sklep.metal-styl.com\/img\/cms\/bawaria_platyna.jpg\" alt=\"Buk_Bawaria_Platyna\" width=\"62\" height=\"31\" \/> Buk Bawaria + Platyna<\/p>\n<p style=\"text-align: center;\"><img decoding=\"async\" class=\"aligncenter\" src=\"http:\/\/www.sklep.metal-styl.com\/img\/cms\/gruszapolna_platyna.jpg\" alt=\"\" width=\"63\" height=\"31\" \/> Grusza Polna + Platyna<\/p>\n<p style=\"text-align: center;\"><img loading=\"lazy\" decoding=\"async\" class=\"aligncenter\" src=\"http:\/\/www.sklep.metal-styl.com\/img\/cms\/bukbawaria.jpg\" alt=\"\" width=\"32\" height=\"32\" \/> Buk Bawaria<\/p>\n<p style=\"text-align: center;\"><img loading=\"lazy\" decoding=\"async\" class=\"aligncenter\" src=\"http:\/\/www.sklep.metal-styl.com\/img\/cms\/gruszapolna.jpg\" alt=\"\" width=\"31\" height=\"31\" \/> Grusza Polna<\/p>\n<p>&nbsp;<\/p>\n<p>&#8211; Wszystkie elementy wyprodukowane na bazie wysokiej jako\u015bci melaminowanych p\u0142yt wi\u00f3rowych.<\/p>\n<p>&#8211; W\u0105skie p\u0142aszczyzny element\u00f3w meblowych starannie wyko\u0144czone obrze\u017cem PCV.<\/p>\n<p>Termin realizacji: 2-10 dni roboczych w zale\u017cno\u015bci od dost\u0119pno\u015bci produktu oraz kolorystyki. W celu ustalenia terminu realizacji zam\u00f3wienia ka\u017cdorazowo prosimy o kontakt z biurem.<\/p>\n<\/div>\n<\/div>\n<\/div>\n","protected":false},"excerpt":{"rendered":"<p><strong>Wymiary: szer\/g\u0142\/wys 570x410x80mm<\/strong><\/p>\n","protected":false},"featured_media":1584,"comment_status":"open","ping_status":"closed","template":"","meta":[],"product_cat":[22,944,24],"product_tag":[1252,1251,1253,1254],"yst_prominent_words":[956,952,694,955,948,946,951,752,949,947,1249,931,2636,2686,1247,950,945,954,957,953],"class_list":{"0":"post-1583","1":"product","2":"type-product","3":"status-publish","4":"has-post-thumbnail","6":"product_cat-meble-biurowe-zestawy","7":"product_cat-pozostale-silver","8":"product_cat-silver","9":"product_tag-k-kl","10":"product_tag-kaseta-klawiatury","11":"product_tag-polka-k-kl","12":"product_tag-polka-na-klawiature","13":"entry","15":"first","16":"instock","17":"shipping-taxable","18":"product-type-simple"},"_links":{"self":[{"href":"https:\/\/www.metal-styl.com\/index.php\/wp-json\/wp\/v2\/product\/1583","targetHints":{"allow":["GET"]}}],"collection":[{"href":"https:\/\/www.metal-styl.com\/index.php\/wp-json\/wp\/v2\/product"}],"about":[{"href":"https:\/\/www.metal-styl.com\/index.php\/wp-json\/wp\/v2\/types\/product"}],"replies":[{"embeddable":true,"href":"https:\/\/www.metal-styl.com\/index.php\/wp-json\/wp\/v2\/comments?post=1583"}],"version-history":[{"count":2,"href":"https:\/\/www.metal-styl.com\/index.php\/wp-json\/wp\/v2\/product\/1583\/revisions"}],"predecessor-version":[{"id":3079,"href":"https:\/\/www.metal-styl.com\/index.php\/wp-json\/wp\/v2\/product\/1583\/revisions\/3079"}],"wp:featuredmedia":[{"embeddable":true,"href":"https:\/\/www.metal-styl.com\/index.php\/wp-json\/wp\/v2\/media\/1584"}],"wp:attachment":[{"href":"https:\/\/www.metal-styl.com\/index.php\/wp-json\/wp\/v2\/media?parent=1583"}],"wp:term":[{"taxonomy":"product_cat","embeddable":true,"href":"https:\/\/www.metal-styl.com\/index.php\/wp-json\/wp\/v2\/product_cat?post=1583"},{"taxonomy":"product_tag","embeddable":true,"href":"https:\/\/www.metal-styl.com\/index.php\/wp-json\/wp\/v2\/product_tag?post=1583"},{"taxonomy":"yst_prominent_words","embeddable":true,"href":"https:\/\/www.metal-styl.com\/index.php\/wp-json\/wp\/v2\/yst_prominent_words?post=1583"}],"curies":[{"name":"wp","href":"https:\/\/api.w.org\/{rel}","templated":true}]}}