{"id":1924,"date":"2020-01-13T16:34:34","date_gmt":"2020-01-13T16:34:34","guid":{"rendered":"https:\/\/www.metal-styl.com\/?post_type=product&#038;p=1924"},"modified":"2020-01-13T16:42:21","modified_gmt":"2020-01-13T16:42:21","slug":"dostawka-lacznik-do-biurka-p-180-3","status":"publish","type":"product","link":"https:\/\/www.metal-styl.com\/index.php\/produkt\/dostawka-lacznik-do-biurka-p-180-3\/","title":{"rendered":"Dostawka, \u0142\u0105cznik do biurka P-180"},"content":{"rendered":"<p><span style=\"color: #800000;\"><strong>Dostawka, \u0142\u0105cznik do biurka P-180<\/strong><\/span><\/p>\n<p><strong>Wymiary: szer\/g\u0142\/wys 1400x700x22<br \/>\n<\/strong><\/p>\n<p>&#8211; \u0142\u0105cznik posiada blat w kszta\u0142cie \u00bd ko\u0142a<br \/>\n&#8211; s\u0142u\u017cy do \u0142\u0105czenia biurek pod k\u0105tem prostym<br \/>\n&#8211; blat gr. 22mm , obrze\u017ce gr. 2mm<br \/>\n&#8211; blat posiada standardowo otwory na blachy \u0142\u0105cz\u0105ce z biurkami<br \/>\n&#8211; przy \u0142\u0105czeniu tylko z jednym bokiem biurka nale\u017cy zamontowa\u0107 nog\u0119 metalow\u0105 N<\/p>\n<div id=\"idTab1\" class=\"rte\">\n<div id=\"idTab1\" class=\"rte\">\n<p>5 ZESTAW\u00d3W KOLORYSTYCZNYCH &#8211; JEDNA CENA!<\/p>\n<p><ins><strong>Kolorystyka mebli do wyboru:<\/strong><\/ins><\/p>\n<p>&#8211; Orzech Camaro + Platyna<\/p>\n<p>&#8211; Buk Bawaria + Platyna<\/p>\n<p>&#8211; Grusza Polna + Platyna<\/p>\n<p>&#8211; Buk Bawaria<\/p>\n<p>&#8211; Grusza Polna<\/p>\n<p>Niezale\u017cnie od tego jaki zestaw kolorystyczny wybierzesz,<\/p>\n<p>gwarantujemy jedn\u0105 sta\u0142\u0105 cen\u0119!<\/p>\n<p style=\"text-align: center;\"><img decoding=\"async\" class=\"aligncenter\" title=\"Zestaw Orzech Camaro + Platyna\" src=\"http:\/\/www.sklep.metal-styl.com\/img\/cms\/orzech_platyna.jpg\" alt=\"Orzech_Camaro_Platyna\" width=\"60\" height=\"33\" \/> Orzech Camaro + Platyna<\/p>\n<p style=\"text-align: center;\"><img decoding=\"async\" class=\"aligncenter\" title=\"Buk Bawaria + Platyna\" src=\"http:\/\/www.sklep.metal-styl.com\/img\/cms\/bawaria_platyna.jpg\" alt=\"Buk_Bawaria_Platyna\" width=\"62\" height=\"31\" \/> Buk Bawaria + Platyna<\/p>\n<p style=\"text-align: center;\"><img decoding=\"async\" class=\"aligncenter\" src=\"http:\/\/www.sklep.metal-styl.com\/img\/cms\/gruszapolna_platyna.jpg\" alt=\"\" width=\"63\" height=\"31\" \/> Grusza Polna + Platyna<\/p>\n<p style=\"text-align: center;\"><img loading=\"lazy\" decoding=\"async\" class=\"aligncenter\" src=\"http:\/\/www.sklep.metal-styl.com\/img\/cms\/bukbawaria.jpg\" alt=\"\" width=\"32\" height=\"32\" \/> Buk Bawaria<\/p>\n<p style=\"text-align: center;\"><img loading=\"lazy\" decoding=\"async\" class=\"aligncenter\" src=\"http:\/\/www.sklep.metal-styl.com\/img\/cms\/gruszapolna.jpg\" alt=\"\" width=\"31\" height=\"31\" \/> Grusza Polna<\/p>\n<p>&nbsp;<\/p>\n<p>&#8211; Wszystkie elementy wyprodukowane na bazie wysokiej jako\u015bci melaminowanych p\u0142yt wi\u00f3rowych.<\/p>\n<p>&#8211; W\u0105skie p\u0142aszczyzny element\u00f3w meblowych starannie wyko\u0144czone obrze\u017cem PCV.<\/p>\n<p>Termin realizacji: 2-10 dni roboczych w zale\u017cno\u015bci od dost\u0119pno\u015bci produktu oraz kolorystyki. W celu ustalenia terminu realizacji zam\u00f3wienia ka\u017cdorazowo prosimy o kontakt z biurem.<\/p>\n<\/div>\n<\/div>\n","protected":false},"excerpt":{"rendered":"<p><strong>Wymiary: szer\/g\u0142\/wys 1400x700x22<\/strong><\/p>\n","protected":false},"featured_media":1950,"comment_status":"open","ping_status":"closed","template":"","meta":[],"product_cat":[1288,22,24,1284],"product_tag":[1264,1266],"yst_prominent_words":[956,952,694,581,955,948,946,951,797,752,949,947,786,1247,950,945,954,957,953,796],"class_list":{"0":"post-1924","1":"product","2":"type-product","3":"status-publish","4":"has-post-thumbnail","6":"product_cat-dostawki-silver-buk-bawaria","7":"product_cat-meble-biurowe-zestawy","8":"product_cat-silver","9":"product_cat-silver-buk-bawaria","10":"product_tag-dostawka","11":"product_tag-lacznik-biurek-p-180","12":"entry","14":"first","15":"instock","16":"shipping-taxable","17":"product-type-simple"},"_links":{"self":[{"href":"https:\/\/www.metal-styl.com\/index.php\/wp-json\/wp\/v2\/product\/1924","targetHints":{"allow":["GET"]}}],"collection":[{"href":"https:\/\/www.metal-styl.com\/index.php\/wp-json\/wp\/v2\/product"}],"about":[{"href":"https:\/\/www.metal-styl.com\/index.php\/wp-json\/wp\/v2\/types\/product"}],"replies":[{"embeddable":true,"href":"https:\/\/www.metal-styl.com\/index.php\/wp-json\/wp\/v2\/comments?post=1924"}],"version-history":[{"count":1,"href":"https:\/\/www.metal-styl.com\/index.php\/wp-json\/wp\/v2\/product\/1924\/revisions"}],"predecessor-version":[{"id":1951,"href":"https:\/\/www.metal-styl.com\/index.php\/wp-json\/wp\/v2\/product\/1924\/revisions\/1951"}],"wp:featuredmedia":[{"embeddable":true,"href":"https:\/\/www.metal-styl.com\/index.php\/wp-json\/wp\/v2\/media\/1950"}],"wp:attachment":[{"href":"https:\/\/www.metal-styl.com\/index.php\/wp-json\/wp\/v2\/media?parent=1924"}],"wp:term":[{"taxonomy":"product_cat","embeddable":true,"href":"https:\/\/www.metal-styl.com\/index.php\/wp-json\/wp\/v2\/product_cat?post=1924"},{"taxonomy":"product_tag","embeddable":true,"href":"https:\/\/www.metal-styl.com\/index.php\/wp-json\/wp\/v2\/product_tag?post=1924"},{"taxonomy":"yst_prominent_words","embeddable":true,"href":"https:\/\/www.metal-styl.com\/index.php\/wp-json\/wp\/v2\/yst_prominent_words?post=1924"}],"curies":[{"name":"wp","href":"https:\/\/api.w.org\/{rel}","templated":true}]}}