{"id":2199,"date":"2020-01-13T23:12:44","date_gmt":"2020-01-13T23:12:44","guid":{"rendered":"https:\/\/www.metal-styl.com\/?post_type=product&#038;p=2199"},"modified":"2020-02-12T10:09:06","modified_gmt":"2020-02-12T10:09:06","slug":"stolik-okragly-silver-st80r-szer-800mm-4","status":"publish","type":"product","link":"https:\/\/www.metal-styl.com\/index.php\/produkt\/stolik-okragly-silver-st80r-szer-800mm-4\/","title":{"rendered":"Stolik okr\u0105g\u0142y Silver ST80R szer.800mm"},"content":{"rendered":"<p><span style=\"color: #800000;\"><strong>\u00a0Stolik okr\u0105g\u0142y &#8211; Silver ST80R<\/strong><\/span><\/p>\n<p><strong>Wymiary: szer\/wys 800x740mm<\/strong><\/p>\n<p>Okr\u0105g\u0142y stolik to praktyczny i tani \u015brodek uniwersalnego wyposa\u017cenia sali konferencyjnej i pomieszcze\u0144, s\u0142u\u017c\u0105cych do przeprowadzania rozm\u00f3w. Stabilny, klasyczny stolik wype\u0142ni znakomicie ka\u017cd\u0105 przestrze\u0144 konferencyjn\u0105.<\/p>\n<p>Wyposa\u017cenie: &#8211; \u015bruby poziomuj\u0105ce u\u0142atwiaj\u0105ce poziomowanie stolika na nier\u00f3wnej pod\u0142odze<\/p>\n<p><span style=\"color: #800000;\"><strong>5 ZESTAW\u00d3W KOLORYSTYCZNYCH &#8211; JEDNA CENA!<\/strong><\/span><\/p>\n<p><span style=\"color: #800000;\"><strong>Niezale\u017cnie od tego jaki zestaw kolorystyczny wybierzesz, gwarantujemy jedn\u0105 sta\u0142\u0105 cen\u0119!<\/strong><\/span><\/p>\n<p style=\"text-align: left;\"><strong>Kolorystyka mebli do wyboru:<\/strong><\/p>\n<p style=\"text-align: center;\"><img decoding=\"async\" class=\"aligncenter\" title=\"Zestaw Orzech Camaro + Platyna\" src=\"http:\/\/www.sklep.metal-styl.com\/img\/cms\/orzech_platyna.jpg\" alt=\"Orzech_Camaro_Platyna\" width=\"60\" height=\"33\" \/> Orzech Camaro + Platyna<\/p>\n<p style=\"text-align: center;\"><img decoding=\"async\" class=\"aligncenter\" title=\"Buk Bawaria + Platyna\" src=\"http:\/\/www.sklep.metal-styl.com\/img\/cms\/bawaria_platyna.jpg\" alt=\"Buk_Bawaria_Platyna\" width=\"62\" height=\"31\" \/> Buk Bawaria + Platyna<\/p>\n<p style=\"text-align: center;\"><img decoding=\"async\" class=\"aligncenter\" src=\"http:\/\/www.sklep.metal-styl.com\/img\/cms\/gruszapolna_platyna.jpg\" alt=\"\" width=\"63\" height=\"31\" \/> Grusza Polna + Platyna<\/p>\n<p style=\"text-align: center;\"><img loading=\"lazy\" decoding=\"async\" class=\"aligncenter\" src=\"http:\/\/www.sklep.metal-styl.com\/img\/cms\/bukbawaria.jpg\" alt=\"\" width=\"32\" height=\"32\" \/> Buk Bawaria<\/p>\n<p style=\"text-align: center;\"><img loading=\"lazy\" decoding=\"async\" class=\"aligncenter\" src=\"http:\/\/www.sklep.metal-styl.com\/img\/cms\/gruszapolna.jpg\" alt=\"\" width=\"31\" height=\"31\" \/> Grusza Polna<\/p>\n<p>&#8211; wyprodukowane na bazie wysokiej jako\u015bci melaminowanych p\u0142yt wi\u00f3rowych.<\/p>\n<p>&#8211; W\u0105skie p\u0142aszczyzny element\u00f3w meblowych starannie wyko\u0144czone obrze\u017cem PCV.<\/p>\n<p>&#8211; Dekoracyjne elementy pokryte s\u0105 laminatami<\/p>\n<p>&#8211; Solidny wytrzyma\u0142y blat o grubo\u015bci 22mm.<\/p>\n<p>&#8211; Stopka regulacyjna, dzi\u0119ki kt\u00f3rej w \u0142atwy spos\u00f3b wyregulujesz ustawienie stolika w przypadku nier\u00f3wnej pod\u0142ogi.\u00a0 <img loading=\"lazy\" decoding=\"async\" class=\"aligncenter\" src=\"http:\/\/www.sklep.metal-styl.com\/img\/cms\/stopka_regulacyjna.jpg\" alt=\"\" width=\"150\" height=\"113\" \/><\/p>\n<p>&#8211; Szafa posiada Atest ekologiczny E1 potwierdzony przez Akademi\u0119 Medyczn\u0105 w Gda\u0144sku.<\/p>\n<p>&#8211; Zastosowane obrze\u017ca meblowe posiadaj\u0105 atest Higieniczny potwierdzony przez Narodowy Instytut Zdrowia Publicznego<\/p>\n<p>Termin realizacji: 2-10 dni roboczych w zale\u017cno\u015bci od dost\u0119pno\u015bci produktu oraz kolorystyki. W celu ustalenia terminu realizacji zam\u00f3wienia ka\u017cdorazowo prosimy o kontakt z biurem.<\/p>\n","protected":false},"excerpt":{"rendered":"<p><strong>Wymiary: szer\/wys 800x740mm<\/strong><\/p>\n","protected":false},"featured_media":2230,"comment_status":"open","ping_status":"closed","template":"","meta":[],"product_cat":[22,24,1270,1273],"product_tag":[967,1002,997,1003],"yst_prominent_words":[728,956,955,948,752,949,958,1000,954,957,729,730,998,1001],"class_list":{"0":"post-2199","1":"product","2":"type-product","3":"status-publish","4":"has-post-thumbnail","6":"product_cat-meble-biurowe-zestawy","7":"product_cat-silver","8":"product_cat-buk-bawaria-platyna","9":"product_cat-stoly-i-stoliki","10":"product_tag-orzech-camaro","11":"product_tag-st80r","12":"product_tag-stolik-odnowa","13":"product_tag-stolik-okragly","14":"entry","16":"first","17":"instock","18":"shipping-taxable","19":"product-type-simple"},"_links":{"self":[{"href":"https:\/\/www.metal-styl.com\/index.php\/wp-json\/wp\/v2\/product\/2199","targetHints":{"allow":["GET"]}}],"collection":[{"href":"https:\/\/www.metal-styl.com\/index.php\/wp-json\/wp\/v2\/product"}],"about":[{"href":"https:\/\/www.metal-styl.com\/index.php\/wp-json\/wp\/v2\/types\/product"}],"replies":[{"embeddable":true,"href":"https:\/\/www.metal-styl.com\/index.php\/wp-json\/wp\/v2\/comments?post=2199"}],"version-history":[{"count":2,"href":"https:\/\/www.metal-styl.com\/index.php\/wp-json\/wp\/v2\/product\/2199\/revisions"}],"predecessor-version":[{"id":3037,"href":"https:\/\/www.metal-styl.com\/index.php\/wp-json\/wp\/v2\/product\/2199\/revisions\/3037"}],"wp:featuredmedia":[{"embeddable":true,"href":"https:\/\/www.metal-styl.com\/index.php\/wp-json\/wp\/v2\/media\/2230"}],"wp:attachment":[{"href":"https:\/\/www.metal-styl.com\/index.php\/wp-json\/wp\/v2\/media?parent=2199"}],"wp:term":[{"taxonomy":"product_cat","embeddable":true,"href":"https:\/\/www.metal-styl.com\/index.php\/wp-json\/wp\/v2\/product_cat?post=2199"},{"taxonomy":"product_tag","embeddable":true,"href":"https:\/\/www.metal-styl.com\/index.php\/wp-json\/wp\/v2\/product_tag?post=2199"},{"taxonomy":"yst_prominent_words","embeddable":true,"href":"https:\/\/www.metal-styl.com\/index.php\/wp-json\/wp\/v2\/yst_prominent_words?post=2199"}],"curies":[{"name":"wp","href":"https:\/\/api.w.org\/{rel}","templated":true}]}}