{"id":238,"date":"2019-11-25T19:40:30","date_gmt":"2019-11-25T19:40:30","guid":{"rendered":"http:\/\/metalsty.cluster014.ovh.net\/pixel\/?post_type=product&#038;p=238"},"modified":"2020-01-03T16:17:06","modified_gmt":"2020-01-03T16:17:06","slug":"szafa-biurowa-wysoka-o-szerokosci-1200mm","status":"publish","type":"product","link":"https:\/\/www.metal-styl.com\/index.php\/produkt\/szafa-biurowa-wysoka-o-szerokosci-1200mm\/","title":{"rendered":"Szafa 2-drzwiowa o szer.1200mm  wysoka"},"content":{"rendered":"<p><span style=\"color: #800000;\"><strong>Szafa biurowa, aktowa z czterema p\u00f3\u0142kami SB-120<\/strong><\/span><\/p>\n<p><strong>Wymiary: wys\/szer\/g\u0142 1990x1200x435mm<\/strong><\/p>\n<p>Opis: Szafa 2-drzwiowa,\u00a0wyposa\u017cona w 4 przestawne p\u00f3\u0142ki z mo\u017cliwo\u015bci\u0105 regulacji ich wysoko\u015bci.<\/p>\n<p>Uchwyt drzwiowy z zamkiem zabezpieczaj\u0105cym.<\/p>\n<p>W komplecie 2 kluczyki.<\/p>\n<p>Szafa malowana trwa\u0142ymi farbami proszkowymi w kolorze wg. Palety RAL<\/p>\n<p>Oferta cenowa dotyczy koloru: Ral 7035 popielato-platynowy<\/p>\n<p>Istnieje mo\u017cliwo\u015b\u0107 malowania szaf w innym kolorze.<\/p>\n<p>&nbsp;<\/p>\n<p><strong>W swojej standardowej ofercie posiadamy r\u00f3wnie\u017c szafy wysokie o innych szeroko\u015bciach:<\/strong><\/p>\n<p><span style=\"color: #800000;\"><strong>Szafka aktowa o szeroko\u015bci 600mm SB-60<\/strong><\/span><\/p>\n<p><strong>Wymiary: wys\/szer\/g\u0142 1990x600x435mm<\/strong><\/p>\n<p><span style=\"color: #800000;\"><strong>Szafka aktowa o szeroko\u015bci 800mm SB-80<\/strong><\/span><\/p>\n<p><strong>Wymiary: wys\/szer\/g\u0142 1990x800x435mm<\/strong><\/p>\n<p><span style=\"color: #800000;\"><strong>Szafka aktowa o szeroko\u015bci 1000mm SB-100<\/strong><\/span><\/p>\n<p><strong>Wymiary: wys\/szer\/g\u0142 1990x1000x435mm<\/strong><\/p>\n<p>W celu wyceny prosimy o przes\u0142anie do nas maila na adres biuro@metal-styl.com z zapytaniem ofertowym oraz przedstawieniem Pa\u0144stwa potrzeb i oczekiwa\u0144 wobec produktu.<\/p>\n","protected":false},"excerpt":{"rendered":"<p><span style=\"color: #800000;\"><strong>Szafa biurowa, aktowa dwudrzwiowa z czterema p\u00f3\u0142kami SB-120<\/strong><\/span><\/p>\n<p><strong>Wymiary: wys\/szer\/g\u0142 1990x1200x435mm<\/strong><\/p>\n<p>Symbol:\u00a0SB-120<\/p>\n","protected":false},"featured_media":833,"comment_status":"open","ping_status":"closed","template":"","meta":[],"product_cat":[26,27],"product_tag":[65,68,73,74,60,62,61],"yst_prominent_words":[404,412,409,394,386,407,402,411,408,405,401,406],"class_list":{"0":"post-238","1":"product","2":"type-product","3":"status-publish","4":"has-post-thumbnail","6":"product_cat-meble-biurowe-metalowe","7":"product_cat-szafy-aktowe","8":"product_tag-szafa-aktowa","9":"product_tag-szafa-biurowa-metalowa-na-dokumenty","10":"product_tag-szafa-sb-120","11":"product_tag-szafa-sbm-212","12":"product_tag-szafka-biurowa","13":"product_tag-szafka-na-akta","14":"product_tag-szafka-na-dokumenty","15":"entry","17":"first","18":"instock","19":"shipping-taxable","20":"product-type-simple"},"_links":{"self":[{"href":"https:\/\/www.metal-styl.com\/index.php\/wp-json\/wp\/v2\/product\/238","targetHints":{"allow":["GET"]}}],"collection":[{"href":"https:\/\/www.metal-styl.com\/index.php\/wp-json\/wp\/v2\/product"}],"about":[{"href":"https:\/\/www.metal-styl.com\/index.php\/wp-json\/wp\/v2\/types\/product"}],"replies":[{"embeddable":true,"href":"https:\/\/www.metal-styl.com\/index.php\/wp-json\/wp\/v2\/comments?post=238"}],"version-history":[{"count":4,"href":"https:\/\/www.metal-styl.com\/index.php\/wp-json\/wp\/v2\/product\/238\/revisions"}],"predecessor-version":[{"id":908,"href":"https:\/\/www.metal-styl.com\/index.php\/wp-json\/wp\/v2\/product\/238\/revisions\/908"}],"wp:featuredmedia":[{"embeddable":true,"href":"https:\/\/www.metal-styl.com\/index.php\/wp-json\/wp\/v2\/media\/833"}],"wp:attachment":[{"href":"https:\/\/www.metal-styl.com\/index.php\/wp-json\/wp\/v2\/media?parent=238"}],"wp:term":[{"taxonomy":"product_cat","embeddable":true,"href":"https:\/\/www.metal-styl.com\/index.php\/wp-json\/wp\/v2\/product_cat?post=238"},{"taxonomy":"product_tag","embeddable":true,"href":"https:\/\/www.metal-styl.com\/index.php\/wp-json\/wp\/v2\/product_tag?post=238"},{"taxonomy":"yst_prominent_words","embeddable":true,"href":"https:\/\/www.metal-styl.com\/index.php\/wp-json\/wp\/v2\/yst_prominent_words?post=238"}],"curies":[{"name":"wp","href":"https:\/\/api.w.org\/{rel}","templated":true}]}}