{"id":241,"date":"2019-11-25T20:09:03","date_gmt":"2019-11-25T20:09:03","guid":{"rendered":"http:\/\/metalsty.cluster014.ovh.net\/pixel\/?post_type=product&#038;p=241"},"modified":"2020-01-03T15:15:02","modified_gmt":"2020-01-03T15:15:02","slug":"nadstawka-biurowa-o-szerokosci-800mm","status":"publish","type":"product","link":"https:\/\/www.metal-styl.com\/index.php\/produkt\/nadstawka-biurowa-o-szerokosci-800mm\/","title":{"rendered":"Nadstawka biurowa o szer. 800mm dwudrzwiowa"},"content":{"rendered":"<div id=\"idTab1\" class=\"rte\">\n<p><span style=\"color: #800000;\"><strong>Nadstawka biurowa o szeroko\u015bci 800mm NSB-80 do szafy biurowej SB-80<\/strong><\/span><\/p>\n<p><strong>Wymiary: wys\/szer\/g\u0142 810x800x435mm<\/strong><\/p>\n<p>Opis: Nadstawka aktowa o szeroko\u015bci 800mm.<\/p>\n<p>Przeznaczona do ustawienia do istniej\u0105cej ju\u017c szafy biurowej lub do samodzielnego u\u017cytkowania. Zastosowanie nadstawki pozwala na pe\u0142niejsze wykorzystanie biurowej przestrzeni o dodatkowe miejsce na dokumenty. Stanowi\u0107 mo\u017ce te\u017c schowek na dokumenty z ograniczonym dost\u0119pem tylko wyznaczonych u\u017cytkownik\u00f3w.<\/p>\n<p>Nadstawka jest 2-drzwiowa i wyposa\u017cona w 1 p\u00f3\u0142\u0119 metalow\u0105 z mo\u017cliwo\u015bci\u0105 regulacji jej wysoko\u015bci.<\/p>\n<p>Uchwyt drzwiowy z zamkiem zabezpieczaj\u0105cym.<\/p>\n<p>W komplecie 2 kluczyki<\/p>\n<p>W celu zapewnienia bezpiecze\u0144stwa, w nadstawkach jak i szafach biurowych zastosowali\u015bmy ryglowanie drzwi w trzech miejscach ( g\u00f3ra, bok, d\u00f3\u0142).<\/p>\n<p>Malowana trwa\u0142ymi farbami proszkowymi w kolorze wg. Palety RAL<\/p>\n<p>Oferta cenowa dotyczy koloru: Ral 7035 popielato-platynowy<\/p>\n<p>Istnieje mo\u017cliwo\u015b\u0107 malowania nadstawek w innym kolorze lub w dw\u00f3ch kolorach.<\/p>\n<p>W swojej standardowej ofercie posiadamy r\u00f3wnie\u017c nadstawki o innych szeroko\u015bciach:<\/p>\n<p>&nbsp;<\/p>\n<p><strong>W swojej standardowej ofercie posiadamy r\u00f3wnie\u017c nadstawki o innych szeroko\u015bciach:<\/strong><\/p>\n<p><span style=\"color: #800000;\"><strong>Nadstawka biurowa o szeroko\u015bci 600mm NSB-60<\/strong><\/span><\/p>\n<p><strong>Wymiary: wys\/szer\/g\u0142 810x600x435mm<\/strong><\/p>\n<p><span style=\"color: #800000;\"><strong>Nadstawka biurowa\u00a0 o szeroko\u015bci 1000mm NSB-100<\/strong><\/span><\/p>\n<p><strong>Wymiary: wys\/szer\/g\u0142 810x1000x435mm<\/strong><\/p>\n<p><span style=\"color: #800000;\"><strong>Nadstawka biurowa\u00a0 o szeroko\u015bci 1200mm NSB-120<\/strong><\/span><\/p>\n<p><strong>Wymiary: wys\/szer\/g\u0142 810x1200x435mm<\/strong><\/p>\n<p>W celu wyceny prosimy o przes\u0142anie do nas maila na adres biuro@metal-styl.com z zapytaniem ofertowym oraz przedstawieniem Pa\u0144stwa potrzeb i oczekiwa\u0144 wobec produktu.<\/p>\n<\/div>\n","protected":false},"excerpt":{"rendered":"<div id=\"short_description_content\" class=\"rte align_justify\">\n<p><span style=\"color: #800000;\"><strong>Nadstawka biurowa o szeroko\u015bci 800mm NSB-80 do szafy biurowej SB-80<\/strong><\/span><\/p>\n<p><strong>Wymiary: wys\/szer\/g\u0142 810x800x435mm<\/strong><\/p>\n<\/div>\n","protected":false},"featured_media":842,"comment_status":"open","ping_status":"closed","template":"","meta":[],"product_cat":[26,28],"product_tag":[77,75,84,81,82],"yst_prominent_words":[441,427,417,429,435,425,418,416,436,424,430,428,419,434,423,408,426,405,401,406],"class_list":{"0":"post-241","1":"product","2":"type-product","3":"status-publish","4":"has-post-thumbnail","6":"product_cat-meble-biurowe-metalowe","7":"product_cat-nadstawki-biurowe","8":"product_tag-nadstawka-aktowa","9":"product_tag-nadstawka-biurowa","10":"product_tag-nadstawka-do-szafy-biurowej","11":"product_tag-nadstawka-nsb-80","12":"product_tag-nadstawka-sbm-802","13":"entry","15":"first","16":"instock","17":"shipping-taxable","18":"product-type-simple"},"_links":{"self":[{"href":"https:\/\/www.metal-styl.com\/index.php\/wp-json\/wp\/v2\/product\/241","targetHints":{"allow":["GET"]}}],"collection":[{"href":"https:\/\/www.metal-styl.com\/index.php\/wp-json\/wp\/v2\/product"}],"about":[{"href":"https:\/\/www.metal-styl.com\/index.php\/wp-json\/wp\/v2\/types\/product"}],"replies":[{"embeddable":true,"href":"https:\/\/www.metal-styl.com\/index.php\/wp-json\/wp\/v2\/comments?post=241"}],"version-history":[{"count":4,"href":"https:\/\/www.metal-styl.com\/index.php\/wp-json\/wp\/v2\/product\/241\/revisions"}],"predecessor-version":[{"id":867,"href":"https:\/\/www.metal-styl.com\/index.php\/wp-json\/wp\/v2\/product\/241\/revisions\/867"}],"wp:featuredmedia":[{"embeddable":true,"href":"https:\/\/www.metal-styl.com\/index.php\/wp-json\/wp\/v2\/media\/842"}],"wp:attachment":[{"href":"https:\/\/www.metal-styl.com\/index.php\/wp-json\/wp\/v2\/media?parent=241"}],"wp:term":[{"taxonomy":"product_cat","embeddable":true,"href":"https:\/\/www.metal-styl.com\/index.php\/wp-json\/wp\/v2\/product_cat?post=241"},{"taxonomy":"product_tag","embeddable":true,"href":"https:\/\/www.metal-styl.com\/index.php\/wp-json\/wp\/v2\/product_tag?post=241"},{"taxonomy":"yst_prominent_words","embeddable":true,"href":"https:\/\/www.metal-styl.com\/index.php\/wp-json\/wp\/v2\/yst_prominent_words?post=241"}],"curies":[{"name":"wp","href":"https:\/\/api.w.org\/{rel}","templated":true}]}}