{"id":2511,"date":"2020-01-14T15:12:49","date_gmt":"2020-01-14T15:12:49","guid":{"rendered":"https:\/\/www.metal-styl.com\/?post_type=product&#038;p=2511"},"modified":"2020-01-14T15:53:24","modified_gmt":"2020-01-14T15:53:24","slug":"biurko-silver-b-80s-szer-800mm-5","status":"publish","type":"product","link":"https:\/\/www.metal-styl.com\/index.php\/produkt\/biurko-silver-b-80s-szer-800mm-5\/","title":{"rendered":"Biurko Silver B-80S szer.800mm"},"content":{"rendered":"<p><span style=\"color: #800000;\"><strong>\u00a0Biurko proste, stela\u017c metalowy &#8211; Silver B-80S<\/strong><\/span><\/p>\n<p><strong>Wymiary: szer\/g\u0142\/wys 800x700x740mm<\/strong><\/p>\n<p>Wyposa\u017cenie: &#8211; dwie eleganckie przelotki na kable po obu stronach blatu. Dzi\u0119ki temu rozwi\u0105zaniu mo\u017cemy estetycznie poprowadzi\u0107 kable w ten spos\u00f3b aby nie zajmowa\u0142y one miejsca na biurku oraz pomaga\u0142y w utrzymaniu czysto\u015bci.<\/p>\n<p>&#8211; stela\u017ce biurkowe s\u0105 wykonane z metalu, malowane proszkowo w kolorze Ral Alu 9006, przystosowane do ukrycia pionowego okablowania, posiadaj\u0105 regulacj\u0119 poziomu w zakresie do 15mm<\/p>\n<p>&#8211;\u00a0\u015bruby poziomuj\u0105ce\u00a0u\u0142atwiaj\u0105ce poziomowanie biurka na nier\u00f3wnej pod\u0142odze<\/p>\n<p>Do biurka mo\u017cna dom\u00f3wi\u0107 p\u00f3\u0142k\u0119 na klawiatur\u0119 komputerow\u0105 oraz mobilny w\u00f3zek na komputer stacjonarny. Dzi\u0119ki k\u00f3\u0142eczkom w ka\u017cdej chwili mo\u017cesz wygodnie przestawia\u0107 stacj\u0119.<\/p>\n<p><span style=\"color: #800000;\"><strong>5 ZESTAW\u00d3W KOLORYSTYCZNYCH &#8211; JEDNA CENA!<\/strong><\/span><\/p>\n<p><span style=\"color: #800000;\"><strong>Niezale\u017cnie od tego jaki zestaw kolorystyczny wybierzesz, gwarantujemy jedn\u0105 sta\u0142\u0105 cen\u0119!<\/strong><\/span><\/p>\n<p style=\"text-align: left;\"><strong>Kolorystyka mebli do wyboru:<\/strong><\/p>\n<p style=\"text-align: center;\"><img decoding=\"async\" class=\"aligncenter\" title=\"Zestaw Orzech Camaro + Platyna\" src=\"http:\/\/www.sklep.metal-styl.com\/img\/cms\/orzech_platyna.jpg\" alt=\"Orzech_Camaro_Platyna\" width=\"60\" height=\"33\" \/> Orzech Camaro + Platyna<\/p>\n<p style=\"text-align: center;\"><img decoding=\"async\" class=\"aligncenter\" title=\"Buk Bawaria + Platyna\" src=\"http:\/\/www.sklep.metal-styl.com\/img\/cms\/bawaria_platyna.jpg\" alt=\"Buk_Bawaria_Platyna\" width=\"62\" height=\"31\" \/> Buk Bawaria + Platyna<\/p>\n<p style=\"text-align: center;\"><img decoding=\"async\" class=\"aligncenter\" src=\"http:\/\/www.sklep.metal-styl.com\/img\/cms\/gruszapolna_platyna.jpg\" alt=\"\" width=\"63\" height=\"31\" \/> Grusza Polna + Platyna<\/p>\n<p style=\"text-align: center;\"><img loading=\"lazy\" decoding=\"async\" class=\"aligncenter\" src=\"http:\/\/www.sklep.metal-styl.com\/img\/cms\/bukbawaria.jpg\" alt=\"\" width=\"32\" height=\"32\" \/> Buk Bawaria<\/p>\n<p style=\"text-align: center;\"><img loading=\"lazy\" decoding=\"async\" class=\"aligncenter\" src=\"http:\/\/www.sklep.metal-styl.com\/img\/cms\/gruszapolna.jpg\" alt=\"\" width=\"31\" height=\"31\" \/> Grusza Polna<\/p>\n<p>&#8211; Biurko wyprodukowane na bazie wysokiej jako\u015bci melaminowanych p\u0142yt wi\u00f3rowych.<\/p>\n<p>&#8211; W\u0105skie p\u0142aszczyzny element\u00f3w meblowych starannie wyko\u0144czone obrze\u017cem PCV.<\/p>\n<p>&#8211; Dekoracyjne elementy biurek pokryte s\u0105 laminatami<\/p>\n<p>&#8211; Solidny wytrzyma\u0142y blat o grubo\u015bci 22mm. Podstawa biurka wykonana z lekkiego, ozdobnego stela\u017cu.<\/p>\n<p>&#8211; W blatach biurek zastosowali\u015bmy \u00a0funkcjonalne przelotki,<\/p>\n<p>kt\u00f3rymi poprowadzisz kable elektryczne. \u00a0<img loading=\"lazy\" decoding=\"async\" class=\"aligncenter\" title=\"Funkcjonalne przelotki, w blatach biurek\" src=\"http:\/\/www.sklep.metal-styl.com\/img\/cms\/przelotka_w_blacie_biurka.jpg\" alt=\"W blatach biurek zastosowali\u015bmy funkcjonalne przelotki, kt\u00f3rymi poprowadzisz kable elektryczne.\" width=\"150\" height=\"113\" \/>&#8211; w kolumnie stela\u017ca z \u0142atwo\u015bci\u0105\u00a0ukryjesz kable elektryczne\u00a0<img loading=\"lazy\" decoding=\"async\" class=\"aligncenter\" src=\"http:\/\/www.sklep.metal-styl.com\/img\/cms\/Kolumna_stelaza_na_kable_elektryczne.jpg\" alt=\"\" width=\"150\" height=\"200\" \/>&#8211;\u00a0mo\u017cesz \u015bci\u0105gn\u0105\u0107 \u015brodkow\u0105 blend\u0119 i\u00a0schowa\u0107 kable z urz\u0105dze\u0144\u00a0<img loading=\"lazy\" decoding=\"async\" class=\"aligncenter\" src=\"http:\/\/www.sklep.metal-styl.com\/img\/cms\/srodkowa_blenda_wyciagana_do_schowania_kabli.jpg\" alt=\"\" width=\"150\" height=\"200\" \/><\/p>\n<p>&#8211; Szafa posiada Atest ekologiczny E1 potwierdzony przez Akademi\u0119 Medyczn\u0105 w Gda\u0144sku.<\/p>\n<p>&#8211; Zastosowane obrze\u017ca meblowe posiadaj\u0105 atest Higieniczny potwierdzony przez Narodowy Instytut Zdrowia Publicznego<\/p>\n<p>Termin realizacji: 2-10 dni roboczych w zale\u017cno\u015bci od dost\u0119pno\u015bci produktu oraz kolorystyki. W celu ustalenia terminu realizacji zam\u00f3wienia ka\u017cdorazowo prosimy o kontakt z biurem.<\/p>\n","protected":false},"excerpt":{"rendered":"<p><strong>Wymiary: szer\/g\u0142\/wys 800x700x740mm<\/strong><\/p>\n","protected":false},"featured_media":2593,"comment_status":"open","ping_status":"closed","template":"","meta":[],"product_cat":[1299,22,24,1283],"product_tag":[1038,711,1039,969,966,968,962,967],"yst_prominent_words":[728,956,695,694,707,955,948,704,752,949,703,692,954,957,706,729,701,730],"class_list":{"0":"post-2511","1":"product","2":"type-product","3":"status-publish","4":"has-post-thumbnail","6":"product_cat-biurka-silver-grusza-szara-platyna","7":"product_cat-meble-biurowe-zestawy","8":"product_cat-silver","9":"product_cat-silver-grusza-szara-platyna","10":"product_tag-biurko-b-80s","11":"product_tag-biurko-meble-odnowa","12":"product_tag-biurko-na-stelazu","13":"product_tag-biurko-o-szerokosci-80cm","14":"product_tag-biurko-odnowa","15":"product_tag-biurko-orzech","16":"product_tag-biurko-silver","17":"product_tag-orzech-camaro","18":"entry","20":"first","21":"instock","22":"shipping-taxable","23":"product-type-simple"},"_links":{"self":[{"href":"https:\/\/www.metal-styl.com\/index.php\/wp-json\/wp\/v2\/product\/2511","targetHints":{"allow":["GET"]}}],"collection":[{"href":"https:\/\/www.metal-styl.com\/index.php\/wp-json\/wp\/v2\/product"}],"about":[{"href":"https:\/\/www.metal-styl.com\/index.php\/wp-json\/wp\/v2\/types\/product"}],"replies":[{"embeddable":true,"href":"https:\/\/www.metal-styl.com\/index.php\/wp-json\/wp\/v2\/comments?post=2511"}],"version-history":[{"count":1,"href":"https:\/\/www.metal-styl.com\/index.php\/wp-json\/wp\/v2\/product\/2511\/revisions"}],"predecessor-version":[{"id":2594,"href":"https:\/\/www.metal-styl.com\/index.php\/wp-json\/wp\/v2\/product\/2511\/revisions\/2594"}],"wp:featuredmedia":[{"embeddable":true,"href":"https:\/\/www.metal-styl.com\/index.php\/wp-json\/wp\/v2\/media\/2593"}],"wp:attachment":[{"href":"https:\/\/www.metal-styl.com\/index.php\/wp-json\/wp\/v2\/media?parent=2511"}],"wp:term":[{"taxonomy":"product_cat","embeddable":true,"href":"https:\/\/www.metal-styl.com\/index.php\/wp-json\/wp\/v2\/product_cat?post=2511"},{"taxonomy":"product_tag","embeddable":true,"href":"https:\/\/www.metal-styl.com\/index.php\/wp-json\/wp\/v2\/product_tag?post=2511"},{"taxonomy":"yst_prominent_words","embeddable":true,"href":"https:\/\/www.metal-styl.com\/index.php\/wp-json\/wp\/v2\/yst_prominent_words?post=2511"}],"curies":[{"name":"wp","href":"https:\/\/api.w.org\/{rel}","templated":true}]}}