{"id":2646,"date":"2020-01-14T16:42:33","date_gmt":"2020-01-14T16:42:33","guid":{"rendered":"https:\/\/www.metal-styl.com\/?post_type=product&#038;p=2646"},"modified":"2020-01-14T16:43:56","modified_gmt":"2020-01-14T16:43:56","slug":"noga-metalowa-do-lacznikow-biurek-kopia","status":"publish","type":"product","link":"https:\/\/www.metal-styl.com\/index.php\/produkt\/noga-metalowa-do-lacznikow-biurek-kopia\/","title":{"rendered":"Noga metalowa do \u0142\u0105cznik\u00f3w biurek"},"content":{"rendered":"<p><span style=\"color: #800000;\"><strong>Noga metalowa do \u0142\u0105cznik\u00f3w biurek<\/strong><\/span><\/p>\n<p><strong>Wymiary: szer\/wys 60&#215;718<br \/>\n<\/strong><\/p>\n<div id=\"idTab1\" class=\"rte\">\n<div id=\"idTab1\" class=\"rte\">\n<p>&nbsp;<\/p>\n<\/div>\n<\/div>\n","protected":false},"excerpt":{"rendered":"<p><strong>Wymiary: szer\/wys 60&#215;718<\/strong><\/p>\n","protected":false},"featured_media":1599,"comment_status":"open","ping_status":"closed","template":"","meta":[],"product_cat":[1300,22,1306,24,1283],"product_tag":[1264,1267],"yst_prominent_words":[],"class_list":{"0":"post-2646","1":"product","2":"type-product","3":"status-publish","4":"has-post-thumbnail","6":"product_cat-dostawki-silver-grusza-szara-platyna","7":"product_cat-meble-biurowe-zestawy","8":"product_cat-pozostale-silver-grusza-szara-platyna","9":"product_cat-silver","10":"product_cat-silver-grusza-szara-platyna","11":"product_tag-dostawka","12":"product_tag-noga-metalowa-do-biurka","13":"entry","15":"first","16":"instock","17":"shipping-taxable","18":"product-type-simple"},"_links":{"self":[{"href":"https:\/\/www.metal-styl.com\/index.php\/wp-json\/wp\/v2\/product\/2646","targetHints":{"allow":["GET"]}}],"collection":[{"href":"https:\/\/www.metal-styl.com\/index.php\/wp-json\/wp\/v2\/product"}],"about":[{"href":"https:\/\/www.metal-styl.com\/index.php\/wp-json\/wp\/v2\/types\/product"}],"replies":[{"embeddable":true,"href":"https:\/\/www.metal-styl.com\/index.php\/wp-json\/wp\/v2\/comments?post=2646"}],"version-history":[{"count":2,"href":"https:\/\/www.metal-styl.com\/index.php\/wp-json\/wp\/v2\/product\/2646\/revisions"}],"predecessor-version":[{"id":2648,"href":"https:\/\/www.metal-styl.com\/index.php\/wp-json\/wp\/v2\/product\/2646\/revisions\/2648"}],"wp:featuredmedia":[{"embeddable":true,"href":"https:\/\/www.metal-styl.com\/index.php\/wp-json\/wp\/v2\/media\/1599"}],"wp:attachment":[{"href":"https:\/\/www.metal-styl.com\/index.php\/wp-json\/wp\/v2\/media?parent=2646"}],"wp:term":[{"taxonomy":"product_cat","embeddable":true,"href":"https:\/\/www.metal-styl.com\/index.php\/wp-json\/wp\/v2\/product_cat?post=2646"},{"taxonomy":"product_tag","embeddable":true,"href":"https:\/\/www.metal-styl.com\/index.php\/wp-json\/wp\/v2\/product_tag?post=2646"},{"taxonomy":"yst_prominent_words","embeddable":true,"href":"https:\/\/www.metal-styl.com\/index.php\/wp-json\/wp\/v2\/yst_prominent_words?post=2646"}],"curies":[{"name":"wp","href":"https:\/\/api.w.org\/{rel}","templated":true}]}}