{"id":2703,"date":"2020-01-15T09:48:50","date_gmt":"2020-01-15T09:48:50","guid":{"rendered":"https:\/\/www.metal-styl.com\/?post_type=product&#038;p=2703"},"modified":"2020-01-15T09:52:00","modified_gmt":"2020-01-15T09:52:00","slug":"szafka-szkolna-6-skrytkowa-z-daszkiem-skosnym-i-kieszenia-na-ksiazki-su-962-ks","status":"publish","type":"product","link":"https:\/\/www.metal-styl.com\/index.php\/produkt\/szafka-szkolna-6-skrytkowa-z-daszkiem-skosnym-i-kieszenia-na-ksiazki-su-962-ks\/","title":{"rendered":"Szafka szkolna 6-skrytkowa z daszkiem sko\u015bnym i kieszeni\u0105 na ksi\u0105\u017cki SU-962-KS"},"content":{"rendered":"<p><span style=\"color: #800000;\"><strong>Szafka szkolna 6-skrytkowa z daszkiem sko\u015bnym i kieszeni\u0105 na ksi\u0105\u017cki SU-962-KS<br \/>\n<\/strong><\/span><\/p>\n<p><strong>Wymiary: wys\/szer\/g\u0142 1830-1930x890x490mm<\/strong><\/p>\n<p>Szafki szkolne ubraniowo-skrytkowe z dwoma poziomami skrytek przeznaczone do wyposa\u017cenia szatni w szko\u0142ach, przedszkolach, halach sportowych, itp.<\/p>\n<p>Opis:<\/p>\n<p>&#8211; ka\u017cda komora jest wyposa\u017cona w dr\u0105\u017cek z haczykami<\/p>\n<p>&#8211; drzwiczki zamykane s\u0105 cylindrycznym jednopunktowym zamkiem patentowym z dwoma kluczykami w komplecie<\/p>\n<p>&#8211; ka\u017cde drzwi w g\u00f3rnej i dolnej cz\u0119\u015bci posiadaj\u0105 wywietrzniki w postaci perforacji otworowej<\/p>\n<p>&#8211; na ka\u017cdych drzwiczkach wyt\u0142oczone jest miejsce na wizytownik<\/p>\n<p><strong>Istnieje mo\u017cliwo\u015b\u0107 dodatkowego wyposa\u017cenia: <\/strong><\/p>\n<p>&#8211; zam\u00f3wienia do szafek \u0142awek sta\u0142ych lub wysuwanych<\/p>\n<p>&#8211; mo\u017cliwo\u015b\u0107 zamontowania systemu MASTER KEY<\/p>\n<p>&#8211; zamontowania zamk\u00f3w przystosowanych do zamykania na k\u0142\u00f3dk\u0119<\/p>\n<p>&#8211; wykonania szafek z daszkiem sko\u015bnym<\/p>\n<p>Szafa malowana trwa\u0142ymi farbami proszkowymi w kolorze wg Palety RAL<\/p>\n<p>Oferta cenowa dotyczy koloru: Ral 7035 popielato-platynowy<\/p>\n<p>Istnieje mo\u017cliwo\u015b\u0107 malowania szaf w innym kolorze lub w dw\u00f3ch kolorach.<\/p>\n<p>Mo\u017cliwo\u015b\u0107 wykonania szafy w innych rozmiarach w innych kolorach oraz wg indywidualnych potrzeb klienta. W celu wyceny prosimy o przes\u0142anie do nas maila na adres biuro@metal-styl.com z zapytaniem ofertowym oraz przedstawieniem Pa\u0144stwa potrzeb i oczekiwa\u0144 wobec produktu.<\/p>\n","protected":false},"excerpt":{"rendered":"<p><strong>Wymiary: wys\/szer\/g\u0142 1830-1930x610x490mm<\/strong><\/p>\n","protected":false},"featured_media":2705,"comment_status":"open","ping_status":"closed","template":"","meta":[],"product_cat":[26,43,44],"product_tag":[1390,1372,261,1387,1371,1377,1317],"yst_prominent_words":[1333,1359,449,444,493,409,450,395,394,1360,1357,393,1358,1336,1373],"class_list":{"0":"post-2703","1":"product","2":"type-product","3":"status-publish","4":"has-post-thumbnail","6":"product_cat-meble-biurowe-metalowe","7":"product_cat-meble-szkolne","8":"product_cat-szafki-szkolne","9":"product_tag-su-962-ks","10":"product_tag-szafa-szkolna","11":"product_tag-szafka-6-drzwiowa","12":"product_tag-szafka-6-komorowa","13":"product_tag-szafka-szkolna-z-daszkiem-skosnym","14":"product_tag-szafka-szkolna-z-kieszenia-na-ksiazki","15":"product_tag-szafka-ubraniowa","16":"entry","18":"first","19":"instock","20":"shipping-taxable","21":"product-type-simple"},"_links":{"self":[{"href":"https:\/\/www.metal-styl.com\/index.php\/wp-json\/wp\/v2\/product\/2703","targetHints":{"allow":["GET"]}}],"collection":[{"href":"https:\/\/www.metal-styl.com\/index.php\/wp-json\/wp\/v2\/product"}],"about":[{"href":"https:\/\/www.metal-styl.com\/index.php\/wp-json\/wp\/v2\/types\/product"}],"replies":[{"embeddable":true,"href":"https:\/\/www.metal-styl.com\/index.php\/wp-json\/wp\/v2\/comments?post=2703"}],"version-history":[{"count":1,"href":"https:\/\/www.metal-styl.com\/index.php\/wp-json\/wp\/v2\/product\/2703\/revisions"}],"predecessor-version":[{"id":2706,"href":"https:\/\/www.metal-styl.com\/index.php\/wp-json\/wp\/v2\/product\/2703\/revisions\/2706"}],"wp:featuredmedia":[{"embeddable":true,"href":"https:\/\/www.metal-styl.com\/index.php\/wp-json\/wp\/v2\/media\/2705"}],"wp:attachment":[{"href":"https:\/\/www.metal-styl.com\/index.php\/wp-json\/wp\/v2\/media?parent=2703"}],"wp:term":[{"taxonomy":"product_cat","embeddable":true,"href":"https:\/\/www.metal-styl.com\/index.php\/wp-json\/wp\/v2\/product_cat?post=2703"},{"taxonomy":"product_tag","embeddable":true,"href":"https:\/\/www.metal-styl.com\/index.php\/wp-json\/wp\/v2\/product_tag?post=2703"},{"taxonomy":"yst_prominent_words","embeddable":true,"href":"https:\/\/www.metal-styl.com\/index.php\/wp-json\/wp\/v2\/yst_prominent_words?post=2703"}],"curies":[{"name":"wp","href":"https:\/\/api.w.org\/{rel}","templated":true}]}}