{"id":281,"date":"2019-11-26T12:01:39","date_gmt":"2019-11-26T12:01:39","guid":{"rendered":"http:\/\/metalsty.cluster014.ovh.net\/pixel\/?post_type=product&#038;p=281"},"modified":"2020-01-03T17:09:25","modified_gmt":"2020-01-03T17:09:25","slug":"szafa-biurowa-z-drzwiami-przesuwnymi-wysoka-o-szerokosci-1400mm","status":"publish","type":"product","link":"https:\/\/www.metal-styl.com\/index.php\/produkt\/szafa-biurowa-z-drzwiami-przesuwnymi-wysoka-o-szerokosci-1400mm\/","title":{"rendered":"Szafa z drzwiami przesuwnymi o szer.1400mm wysoka"},"content":{"rendered":"<p style=\"text-align: center;\"><strong><span style=\"color: #800000;\">Szafa biurowa, aktowa wysoka z dwoma p\u00f3\u0142kami SBP-140<\/span><\/strong><\/p>\n<p style=\"text-align: center;\"><strong>Wymiary: wys\/szer\/g\u0142 1990x1400x435mm<\/strong><\/p>\n<p style=\"text-align: center;\">Opis: Drzwi przesuwne zamykane zamkiem cylindrycznym oraz wyposa\u017cone w uchwyt drzwiowy.<\/p>\n<p style=\"text-align: center;\">Szafa posiada 8 p\u00f3\u0142ek, po 4 z ka\u017cdej strony szafy. Wewn\u0105trz szafy znajduje si\u0119 \u015bciana dzia\u0142owa dziel\u0105ca szaf\u0119 na dwie po\u0142owy..<\/p>\n<p style=\"text-align: center;\">W komplecie 2 kluczyki.<\/p>\n<p style=\"text-align: center;\">Szafa malowana trwa\u0142ymi farbami proszkowymi w kolorze wg. Palety RAL<\/p>\n<p style=\"text-align: center;\">Oferta cenowa dotyczy koloru: Ral 7035 popielato-platynowy<\/p>\n<p style=\"text-align: center;\">Istnieje mo\u017cliwo\u015b\u0107 malowania szaf w innym kolorze.<\/p>\n<p>Istnieje mo\u017cliwo\u015b\u0107 malowania szaf w innym kolorze lub w dw\u00f3ch kolorach.<\/p>\n<p>&nbsp;<\/p>\n<p><strong>W swojej standardowej ofercie posiadamy r\u00f3wnie\u017c szafy wysokie o innych szeroko\u015bciach:<\/strong><\/p>\n<p><span style=\"color: #800000;\"><strong>Szafa biurowa o szeroko\u015bci 1000mm SBP-100<\/strong><\/span><\/p>\n<p><strong>Wymiary: wys\/szer\/g\u0142 1990x1000x435mm<\/strong><\/p>\n<p><span style=\"color: #800000;\"><strong>Szafa biurowa\u00a0 o szeroko\u015bci 1200mm SBP-120<\/strong><\/span><\/p>\n<p><strong>Wymiary: wys\/szer\/g\u0142 1990x1200x435mm<\/strong><\/p>\n<p>W celu wyceny prosimy o przes\u0142anie do nas maila na adres biuro@metal-styl.com z zapytaniem ofertowym oraz przedstawieniem Pa\u0144stwa potrzeb i oczekiwa\u0144 wobec produktu.<\/p>\n","protected":false},"excerpt":{"rendered":"<p><strong><span style=\"color: #800000;\">Szafa biurowa, aktowa niska z dwoma p\u00f3\u0142kami SBP-140<\/span><\/strong><\/p>\n<p><strong>Wymiary: wys\/szer\/g\u0142 1990x1400x435mm<\/strong><\/p>\n<p>Symbol: SBP-140<\/p>\n","protected":false},"featured_media":917,"comment_status":"open","ping_status":"closed","template":"","meta":[],"product_cat":[26,27],"product_tag":[481,480,96,60,47,62,61,97],"yst_prominent_words":[427,417,448,444,443,474,409,478,475,445,476,394,477,386,453,452,434,405,401,406],"class_list":{"0":"post-281","1":"product","2":"type-product","3":"status-publish","4":"has-post-thumbnail","6":"product_cat-meble-biurowe-metalowe","7":"product_cat-szafy-aktowe","8":"product_tag-szafa-sbm-221","9":"product_tag-szafa-sbp-140","10":"product_tag-szafa-z-drzwiami-przesuwnymi","11":"product_tag-szafka-biurowa","12":"product_tag-szafka-biurowa-niska","13":"product_tag-szafka-na-akta","14":"product_tag-szafka-na-dokumenty","15":"product_tag-z-drzwiami-przesuwnymi-szafa","16":"entry","18":"first","19":"instock","20":"shipping-taxable","21":"product-type-simple"},"_links":{"self":[{"href":"https:\/\/www.metal-styl.com\/index.php\/wp-json\/wp\/v2\/product\/281","targetHints":{"allow":["GET"]}}],"collection":[{"href":"https:\/\/www.metal-styl.com\/index.php\/wp-json\/wp\/v2\/product"}],"about":[{"href":"https:\/\/www.metal-styl.com\/index.php\/wp-json\/wp\/v2\/types\/product"}],"replies":[{"embeddable":true,"href":"https:\/\/www.metal-styl.com\/index.php\/wp-json\/wp\/v2\/comments?post=281"}],"version-history":[{"count":4,"href":"https:\/\/www.metal-styl.com\/index.php\/wp-json\/wp\/v2\/product\/281\/revisions"}],"predecessor-version":[{"id":916,"href":"https:\/\/www.metal-styl.com\/index.php\/wp-json\/wp\/v2\/product\/281\/revisions\/916"}],"wp:featuredmedia":[{"embeddable":true,"href":"https:\/\/www.metal-styl.com\/index.php\/wp-json\/wp\/v2\/media\/917"}],"wp:attachment":[{"href":"https:\/\/www.metal-styl.com\/index.php\/wp-json\/wp\/v2\/media?parent=281"}],"wp:term":[{"taxonomy":"product_cat","embeddable":true,"href":"https:\/\/www.metal-styl.com\/index.php\/wp-json\/wp\/v2\/product_cat?post=281"},{"taxonomy":"product_tag","embeddable":true,"href":"https:\/\/www.metal-styl.com\/index.php\/wp-json\/wp\/v2\/product_tag?post=281"},{"taxonomy":"yst_prominent_words","embeddable":true,"href":"https:\/\/www.metal-styl.com\/index.php\/wp-json\/wp\/v2\/yst_prominent_words?post=281"}],"curies":[{"name":"wp","href":"https:\/\/api.w.org\/{rel}","templated":true}]}}