{"id":2825,"date":"2020-02-09T18:40:55","date_gmt":"2020-02-09T18:40:55","guid":{"rendered":"https:\/\/www.metal-styl.com\/?post_type=product&#038;p=2825"},"modified":"2020-02-24T13:43:07","modified_gmt":"2020-02-24T13:43:07","slug":"regaly-magazynowe-o-nosnosci-200kg-polke","status":"publish","type":"product","link":"https:\/\/www.metal-styl.com\/index.php\/produkt\/regaly-magazynowe-o-nosnosci-200kg-polke\/","title":{"rendered":"REGA\u0141Y MAGAZYNOWE O NO\u015aNO\u015aCI 200KG\/P\u00d3\u0141K\u0118"},"content":{"rendered":"<table width=\"666\">\n<tbody>\n<tr>\n<td style=\"text-align: right;\" width=\"104\"><strong>RM207531520<\/strong><\/td>\n<td width=\"312\"><strong>Rega\u0142 skr\u0119cany wys\/szer\/g\u0142 2000<\/strong><strong>x750x315 \/ 5p 200kg<\/strong><\/td>\n<\/tr>\n<tr>\n<td style=\"text-align: right;\" width=\"104\"><strong>RM209431520<\/strong><\/td>\n<td width=\"312\"><strong>Rega\u0142 skr\u0119cany wys\/szer\/g\u0142 2000<\/strong><strong>x940x315 \/ 5p 200kg<\/strong><\/td>\n<\/tr>\n<tr>\n<td style=\"text-align: right;\" width=\"104\"><strong>RM209440520<\/strong><\/td>\n<td width=\"312\"><strong>Rega\u0142 skr\u0119cany wys\/szer\/g\u0142 2000<\/strong><strong>x940x400 \/ 5p 200kg<\/strong><\/td>\n<\/tr>\n<tr>\n<td style=\"text-align: right;\" width=\"104\"><strong>RM209445520<\/strong><\/td>\n<td width=\"312\"><strong>Rega\u0142 skr\u0119cany wys\/szer\/g\u0142 2000<\/strong><strong>x940x450 \/ 5p 200kg<\/strong><\/td>\n<\/tr>\n<tr>\n<td style=\"text-align: right;\" width=\"104\"><strong>RM209450520<\/strong><\/td>\n<td width=\"312\"><strong>Rega\u0142 skr\u0119cany wys\/szer\/g\u0142 2000<\/strong><strong>x940x500 \/ 5p 200kg<\/strong><\/td>\n<\/tr>\n<tr>\n<td style=\"text-align: right;\" width=\"104\"><strong>RM209458520<\/strong><\/td>\n<td width=\"312\"><strong>Rega\u0142 skr\u0119cany wys\/szer\/g\u0142 2000<\/strong><strong>x940x585 \/ 5p 200kg<\/strong><\/td>\n<\/tr>\n<tr>\n<td style=\"text-align: right;\" width=\"104\"><strong>RM209460520<\/strong><\/td>\n<td width=\"312\"><strong>Rega\u0142 skr\u0119cany wys\/szer\/g\u0142 2000<\/strong><strong>x940x600 \/ 5p 200kg<\/strong><\/td>\n<\/tr>\n<tr>\n<td style=\"text-align: right;\" width=\"104\"><strong>RM209470520<\/strong><\/td>\n<td width=\"312\"><strong>Rega\u0142 skr\u0119cany wys\/szer\/g\u0142 2000<\/strong><strong>x940x700 \/ 5p 200kg<\/strong><\/td>\n<\/tr>\n<tr>\n<td style=\"text-align: right;\" width=\"104\"><strong>RM201031520<\/strong><\/td>\n<td width=\"312\"><strong>Rega\u0142 skr\u0119cany wys\/szer\/g\u0142 2000<\/strong><strong>x1000x315 \/ 5p 200kg<\/strong><\/td>\n<\/tr>\n<tr>\n<td style=\"text-align: right;\" width=\"104\"><strong>RM201131520<\/strong><\/td>\n<td width=\"312\"><strong>Rega\u0142 skr\u0119cany wys\/szer\/g\u0142 2000<\/strong><strong>x1180x315 \/ 5p 200kg<\/strong><\/td>\n<\/tr>\n<tr>\n<td style=\"text-align: right;\" width=\"104\"><strong>RM201140520<\/strong><\/td>\n<td width=\"312\"><strong>Rega\u0142 skr\u0119cany wys\/szer\/g\u0142 2000<\/strong><strong>x1180x400 \/ 5p 200kg<\/strong><\/td>\n<\/tr>\n<tr>\n<td style=\"text-align: right;\" width=\"104\"><strong>RM201150520<\/strong><\/td>\n<td width=\"312\"><strong>Rega\u0142 skr\u0119cany wys\/szer\/g\u0142 2000<\/strong><strong>x1180x500 \/ 5p 200kg<\/strong><\/td>\n<\/tr>\n<tr>\n<td style=\"text-align: right;\" width=\"104\"><strong>RM201160520<\/strong><\/td>\n<td width=\"312\"><strong>Rega\u0142 skr\u0119cany wys\/szer\/g\u0142 2000<\/strong><strong>x1180x600 \/ 5p 200kg<\/strong><\/td>\n<\/tr>\n<tr>\n<td style=\"text-align: right;\" width=\"104\"><strong>RM201170520<\/strong><\/td>\n<td width=\"312\"><strong>Rega\u0142 skr\u0119cany wys\/szer\/g\u0142 2000<\/strong><strong>x1180x700 \/ 5p 200kg<\/strong><\/td>\n<\/tr>\n<tr>\n<td style=\"text-align: right;\" width=\"104\"><strong>RM257531520<\/strong><\/td>\n<td width=\"312\"><strong>Rega\u0142 skr\u0119cany wys\/szer\/g\u0142 2500<\/strong><strong>x750x315 \/ 5p 200kg<\/strong><\/td>\n<\/tr>\n<tr>\n<td style=\"text-align: right;\" width=\"104\"><strong>RM259431520<\/strong><\/td>\n<td width=\"312\"><strong>Rega\u0142 skr\u0119cany wys\/szer\/g\u0142 2500<\/strong><strong>x940x315 \/ 5p 200kg<\/strong><\/td>\n<\/tr>\n<tr>\n<td style=\"text-align: right;\" width=\"104\"><strong>RM259440520<\/strong><\/td>\n<td width=\"312\"><strong>Rega\u0142 skr\u0119cany wys\/szer\/g\u0142 2500<\/strong><strong>x940x400 \/ 5p 200kg<\/strong><\/td>\n<\/tr>\n<tr>\n<td style=\"text-align: right;\" width=\"104\"><strong>RM259445520<\/strong><\/td>\n<td width=\"312\"><strong>Rega\u0142 skr\u0119cany wys\/szer\/g\u0142 2500<\/strong><strong>x940x450 \/ 5p 200kg<\/strong><\/td>\n<\/tr>\n<tr>\n<td style=\"text-align: right;\" width=\"104\"><strong>RM259450520<\/strong><\/td>\n<td width=\"312\"><strong>Rega\u0142 skr\u0119cany wys\/szer\/g\u0142 2500<\/strong><strong>x940x500 \/ 5p 200kg<\/strong><\/td>\n<\/tr>\n<tr>\n<td style=\"text-align: right;\" width=\"104\"><strong>RM259458520<\/strong><\/td>\n<td width=\"312\"><strong>Rega\u0142 skr\u0119cany wys\/szer\/g\u0142 2500<\/strong><strong>x940x585 \/ 5p 200kg<\/strong><\/td>\n<\/tr>\n<tr>\n<td style=\"text-align: right;\" width=\"104\"><strong>RM259460520<\/strong><\/td>\n<td width=\"312\"><strong>Rega\u0142 skr\u0119cany wys\/szer\/g\u0142 2500<\/strong><strong>x940x600 \/ 5p 200kg<\/strong><\/td>\n<\/tr>\n<tr>\n<td style=\"text-align: right;\" width=\"104\"><strong>RM259470520<\/strong><\/td>\n<td width=\"312\"><strong>Rega\u0142 skr\u0119cany wys\/szer\/g\u0142 2500<\/strong><strong>x940x700 \/ 5p 200kg<\/strong><\/td>\n<\/tr>\n<tr>\n<td style=\"text-align: right;\" width=\"104\"><strong>RM251031520<\/strong><\/td>\n<td width=\"312\"><strong>Rega\u0142 skr\u0119cany wys\/szer\/g\u0142 2500<\/strong><strong>x1000x315 \/ 5p 200kg<\/strong><\/td>\n<\/tr>\n<tr>\n<td style=\"text-align: right;\" width=\"104\"><strong>RM251131520<\/strong><\/td>\n<td width=\"312\"><strong>Rega\u0142 skr\u0119cany wys\/szer\/g\u0142 2500<\/strong><strong>x1180x315 \/ 5p 200kg<\/strong><\/td>\n<\/tr>\n<tr>\n<td style=\"text-align: right;\" width=\"104\"><strong>RM251140520<\/strong><\/td>\n<td width=\"312\"><strong>Rega\u0142 skr\u0119cany wys\/szer\/g\u0142 2500<\/strong><strong>x1180x400 \/ 5p \u00a0200kg<\/strong><\/td>\n<\/tr>\n<tr>\n<td style=\"text-align: right;\" width=\"104\"><strong>RM251150520<\/strong><\/td>\n<td width=\"312\"><strong>Rega\u0142 skr\u0119cany wys\/szer\/g\u0142 2500<\/strong><strong>x1180x500 \/ 5p 200kg<\/strong><\/td>\n<\/tr>\n<tr>\n<td style=\"text-align: right;\" width=\"104\"><strong>RM251160520<\/strong><\/td>\n<td width=\"312\"><strong>Rega\u0142 skr\u0119cany wys\/szer\/g\u0142 2500<\/strong><strong>x1180x600 \/ 5p 200kg<\/strong><\/td>\n<\/tr>\n<tr>\n<td style=\"text-align: right;\" width=\"104\"><strong>RM251170520<\/strong><\/td>\n<td width=\"312\"><strong>Rega\u0142 skr\u0119cany wys\/szer\/g\u0142 2500<\/strong><strong>x1180x700 \/ 5p \u00a0200kg<\/strong><\/td>\n<\/tr>\n<tr>\n<td style=\"text-align: right;\" width=\"104\"><strong>PRM753120<\/strong><\/td>\n<td width=\"312\"><strong>P\u00f3\u0142ka do rega\u0142u szer\/g\u0142 <\/strong><strong>750&#215;315\/200 200kg<\/strong><\/td>\n<\/tr>\n<tr>\n<td style=\"text-align: right;\" width=\"104\"><strong>PRM943120<\/strong><\/td>\n<td width=\"312\"><strong>P\u00f3\u0142ka do rega\u0142u szer\/g\u0142 <\/strong><strong>940&#215;315\/200 200kg<\/strong><\/td>\n<\/tr>\n<tr>\n<td style=\"text-align: right;\" width=\"104\"><strong>PRM944020<\/strong><\/td>\n<td width=\"312\"><strong>P\u00f3\u0142ka do rega\u0142u szer\/g\u0142 <\/strong><strong>940&#215;400\/200 200kg<\/strong><\/td>\n<\/tr>\n<tr>\n<td style=\"text-align: right;\" width=\"104\"><strong>PRM944520<\/strong><\/td>\n<td width=\"312\"><strong>P\u00f3\u0142ka do rega\u0142u szer\/g\u0142 <\/strong><strong>940&#215;450\/200 200kg<\/strong><\/td>\n<\/tr>\n<tr>\n<td style=\"text-align: right;\" width=\"104\"><strong>PRM945020<\/strong><\/td>\n<td width=\"312\"><strong>P\u00f3\u0142ka do rega\u0142u szer\/g\u0142 <\/strong><strong>940&#215;500\/200 200kg<\/strong><\/td>\n<\/tr>\n<tr>\n<td style=\"text-align: right;\" width=\"104\"><strong>PRM945820<\/strong><\/td>\n<td width=\"312\"><strong>P\u00f3\u0142ka do rega\u0142u szer\/g\u0142 <\/strong><strong>940&#215;585\/200 200kg<\/strong><\/td>\n<\/tr>\n<tr>\n<td style=\"text-align: right;\" width=\"104\"><strong>PRM946020<\/strong><\/td>\n<td width=\"312\"><strong>P\u00f3\u0142ka do rega\u0142u szer\/g\u0142 <\/strong><strong>940&#215;600\/200 200kg<\/strong><\/td>\n<\/tr>\n<tr>\n<td style=\"text-align: right;\" width=\"104\"><strong>PRM947020<\/strong><\/td>\n<td width=\"312\"><strong>P\u00f3\u0142ka do rega\u0142u szer\/g\u0142 <\/strong><strong>940&#215;700\/200 200kg<\/strong><\/td>\n<\/tr>\n<tr>\n<td style=\"text-align: right;\" width=\"104\"><strong>PRM103120<\/strong><\/td>\n<td width=\"312\"><strong>P\u00f3\u0142ka do rega\u0142u szer\/g\u0142 <\/strong><strong>1000&#215;315\/200 200kg<\/strong><\/td>\n<\/tr>\n<tr>\n<td style=\"text-align: right;\" width=\"104\"><strong>PRM113120<\/strong><\/td>\n<td width=\"312\"><strong>P\u00f3\u0142ka do rega\u0142u szer\/g\u0142 <\/strong><strong>1180&#215;315\/200 200kg<\/strong><\/td>\n<\/tr>\n<tr>\n<td style=\"text-align: right;\" width=\"104\"><strong>PRM114020<\/strong><\/td>\n<td width=\"312\"><strong>P\u00f3\u0142ka do rega\u0142u szer\/g\u0142 <\/strong><strong>1180&#215;400\/200 200kg<\/strong><\/td>\n<\/tr>\n<tr>\n<td style=\"text-align: right;\" width=\"104\"><strong>PRM115020<\/strong><\/td>\n<td width=\"312\"><strong>P\u00f3\u0142ka do rega\u0142u szer\/g\u0142 <\/strong><strong>1180&#215;500\/200 200kg<\/strong><\/td>\n<\/tr>\n<tr>\n<td style=\"text-align: right;\" width=\"104\"><strong>PRM116020<\/strong><\/td>\n<td width=\"312\"><strong>P\u00f3\u0142ka do rega\u0142u szer\/g\u0142 <\/strong><strong>1180&#215;600\/200 200kg<\/strong><\/td>\n<\/tr>\n<tr>\n<td style=\"text-align: right;\" width=\"104\"><strong>PRM117020<\/strong><\/td>\n<td width=\"312\"><strong>P\u00f3\u0142ka do rega\u0142u szer\/g\u0142 <\/strong><strong>1180&#215;700\/200 200kg<\/strong><\/td>\n<\/tr>\n<\/tbody>\n<\/table>\n<p>&nbsp;<\/p>\n","protected":false},"excerpt":{"rendered":"<p><strong>REGA\u0141Y MAGAZYNOWE SKR\u0118CANE \u015aRUBAMI<\/strong><\/p>\n<p>Rega\u0142y magazynowe \u2013 skr\u0119cane \u015brubami<\/p>\n<p><strong>Rega\u0142y \u015brubowe z p\u00f3\u0142k\u0105 metalow\u0105:<\/strong><\/p>\n<p>&#8211; wykonane s\u0105 z blachy zimnowalcowanej DC01 (opcjonalnie ocynkowanej)<\/p>\n<p>&#8211; malowane proszkowo na kolor RAL7035 (popiel)<\/p>\n<p>&#8211; skr\u0119cane za pomoc\u0105 \u015brub 6x12mm<\/p>\n<p>&nbsp;<\/p>\n<p><strong>W sk\u0142ad zestawu wchodz\u0105:<\/strong><\/p>\n<p>&#8211; s\u0142upy no\u015bne oraz p\u00f3\u0142ki rega\u0142u<\/p>\n<p>&#8211; \u015bruby niezb\u0119dne do skr\u0119cenia rega\u0142u<\/p>\n<p>&#8211; elementy usztywniaj\u0105ce rega\u0142<\/p>\n<p>&#8211; plastikowe stopki pod s\u0142upy no\u015bne chroni\u0105ce pod\u0142o\u017ce<\/p>\n<p>&nbsp;<\/p>\n<p>&nbsp;<\/p>\n<p>&nbsp;<\/p>\n","protected":false},"featured_media":3388,"comment_status":"open","ping_status":"closed","template":"","meta":[],"product_cat":[1400,1477],"product_tag":[1460,1478,1479,1459],"yst_prominent_words":[1472,1473,1474,1466,1475,1476,1468,1469,1470,1471,1464,1465,1456,1457],"class_list":{"0":"post-2825","1":"product","2":"type-product","3":"status-publish","4":"has-post-thumbnail","6":"product_cat-regaly-magazynowe","7":"product_cat-regaly-magazynowe-o-nosnosci-200kg-polke","8":"product_tag-regal-magazynowy","9":"product_tag-regal-narzedziowy","10":"product_tag-regal-warsztatowy","11":"product_tag-regaly-magazynowe","12":"entry","14":"first","15":"instock","16":"shipping-taxable","17":"product-type-simple"},"_links":{"self":[{"href":"https:\/\/www.metal-styl.com\/index.php\/wp-json\/wp\/v2\/product\/2825","targetHints":{"allow":["GET"]}}],"collection":[{"href":"https:\/\/www.metal-styl.com\/index.php\/wp-json\/wp\/v2\/product"}],"about":[{"href":"https:\/\/www.metal-styl.com\/index.php\/wp-json\/wp\/v2\/types\/product"}],"replies":[{"embeddable":true,"href":"https:\/\/www.metal-styl.com\/index.php\/wp-json\/wp\/v2\/comments?post=2825"}],"version-history":[{"count":4,"href":"https:\/\/www.metal-styl.com\/index.php\/wp-json\/wp\/v2\/product\/2825\/revisions"}],"predecessor-version":[{"id":3402,"href":"https:\/\/www.metal-styl.com\/index.php\/wp-json\/wp\/v2\/product\/2825\/revisions\/3402"}],"wp:featuredmedia":[{"embeddable":true,"href":"https:\/\/www.metal-styl.com\/index.php\/wp-json\/wp\/v2\/media\/3388"}],"wp:attachment":[{"href":"https:\/\/www.metal-styl.com\/index.php\/wp-json\/wp\/v2\/media?parent=2825"}],"wp:term":[{"taxonomy":"product_cat","embeddable":true,"href":"https:\/\/www.metal-styl.com\/index.php\/wp-json\/wp\/v2\/product_cat?post=2825"},{"taxonomy":"product_tag","embeddable":true,"href":"https:\/\/www.metal-styl.com\/index.php\/wp-json\/wp\/v2\/product_tag?post=2825"},{"taxonomy":"yst_prominent_words","embeddable":true,"href":"https:\/\/www.metal-styl.com\/index.php\/wp-json\/wp\/v2\/yst_prominent_words?post=2825"}],"curies":[{"name":"wp","href":"https:\/\/api.w.org\/{rel}","templated":true}]}}