{"id":2830,"date":"2020-02-09T19:26:15","date_gmt":"2020-02-09T19:26:15","guid":{"rendered":"https:\/\/www.metal-styl.com\/?post_type=product&#038;p=2830"},"modified":"2022-06-07T10:19:23","modified_gmt":"2022-06-07T10:19:23","slug":"biurko-tuluza-b61a-szer-1400mm","status":"publish","type":"product","link":"https:\/\/www.metal-styl.com\/index.php\/produkt\/biurko-tuluza-b61a-szer-1400mm\/","title":{"rendered":"Biurko B61A o szer.1400mm"},"content":{"rendered":"","protected":false},"excerpt":{"rendered":"<p><strong>Solidne Biurko TULUZA na stela\u017cu p\u0142ycinowym &#8211; B61A<br \/>\n<\/strong><\/p>\n<p><strong>Wymiary: szer\/g\u0142\/wys 1400x800x740mm<\/strong><\/p>\n<p>Wyposa\u017cenie: Sk\u0142ada si\u0119 z grubego blatu zabezpieczonego obrze\u017cem PCV oraz stabilnej podstawy.<\/p>\n<p>&#8211; biurko posiada blat w kszta\u0142cie prostok\u0105tnym<br \/>\n&#8211; blat biurka gr. 38mm<br \/>\n&#8211; blat biurka lekko uniesiony, mocowany na k\u0105townikach w kolorze antracytu<br \/>\n&#8211; boki biurka gr. 28mm, obrze\u017ce gr. 2mm, \u0142\u0105czyna gr. 18mm &#8211; kr\u00f3tka<br \/>\n&#8211; biurko posiada regulatory poziomu w zakresie do 15mm<br \/>\n&#8211; istnieje mo\u017cliwo\u015b\u0107 zamontowania przelotki na kable<\/p>\n<p>&#8211; melaminowana p\u0142yta meblowa z kt\u00f3rej jest wykonane biurko posiada atest higieniczno\u015bci w klasie E1<br \/>\n(klasa E1 oznacza \u017ce p\u0142yta meblowa jest przyjazna dla \u015brodowiska i ludzi.)<\/p>\n<p>&#8211; warto\u015bci parametr\u00f3w fizykochemicznych s\u0105 zgodne z norm\u0105 EN14322<br \/>\n&#8211; meble przeznaczone do u\u017cytkowania w suchych pomieszczeniach<br \/>\n&#8211; kolorystyka Tabacco new beech<br \/>\n&#8211; gwarancja : 24 miesi\u0105ce<\/p>\n<p>Termin realizacji: 2-10 dni roboczych. W celu ustalenia terminu realizacji zam\u00f3wienia ka\u017cdorazowo prosimy o kontakt z biurem.<\/p>\n<p><strong>\u00a0<\/strong><\/p>\n","protected":false},"featured_media":2832,"comment_status":"open","ping_status":"closed","template":"","meta":[],"product_cat":[1480,22,25],"product_tag":[1506,711,975,966,962,1507],"yst_prominent_words":[],"class_list":{"0":"post-2830","1":"product","2":"type-product","3":"status-publish","4":"has-post-thumbnail","6":"product_cat-biurka-tuluza","7":"product_cat-meble-biurowe-zestawy","8":"product_cat-tuluza","9":"product_tag-biurko-b61a","10":"product_tag-biurko-meble-odnowa","11":"product_tag-biurko-o-szerokosci-140cm","12":"product_tag-biurko-odnowa","13":"product_tag-biurko-silver","14":"product_tag-biurko-tuluza","15":"entry","17":"first","18":"instock","19":"shipping-taxable","20":"product-type-simple"},"_links":{"self":[{"href":"https:\/\/www.metal-styl.com\/index.php\/wp-json\/wp\/v2\/product\/2830","targetHints":{"allow":["GET"]}}],"collection":[{"href":"https:\/\/www.metal-styl.com\/index.php\/wp-json\/wp\/v2\/product"}],"about":[{"href":"https:\/\/www.metal-styl.com\/index.php\/wp-json\/wp\/v2\/types\/product"}],"replies":[{"embeddable":true,"href":"https:\/\/www.metal-styl.com\/index.php\/wp-json\/wp\/v2\/comments?post=2830"}],"version-history":[{"count":5,"href":"https:\/\/www.metal-styl.com\/index.php\/wp-json\/wp\/v2\/product\/2830\/revisions"}],"predecessor-version":[{"id":4356,"href":"https:\/\/www.metal-styl.com\/index.php\/wp-json\/wp\/v2\/product\/2830\/revisions\/4356"}],"wp:featuredmedia":[{"embeddable":true,"href":"https:\/\/www.metal-styl.com\/index.php\/wp-json\/wp\/v2\/media\/2832"}],"wp:attachment":[{"href":"https:\/\/www.metal-styl.com\/index.php\/wp-json\/wp\/v2\/media?parent=2830"}],"wp:term":[{"taxonomy":"product_cat","embeddable":true,"href":"https:\/\/www.metal-styl.com\/index.php\/wp-json\/wp\/v2\/product_cat?post=2830"},{"taxonomy":"product_tag","embeddable":true,"href":"https:\/\/www.metal-styl.com\/index.php\/wp-json\/wp\/v2\/product_tag?post=2830"},{"taxonomy":"yst_prominent_words","embeddable":true,"href":"https:\/\/www.metal-styl.com\/index.php\/wp-json\/wp\/v2\/yst_prominent_words?post=2830"}],"curies":[{"name":"wp","href":"https:\/\/api.w.org\/{rel}","templated":true}]}}