{"id":2849,"date":"2020-02-09T20:14:47","date_gmt":"2020-02-09T20:14:47","guid":{"rendered":"https:\/\/www.metal-styl.com\/?post_type=product&#038;p=2849"},"modified":"2020-02-10T22:15:54","modified_gmt":"2020-02-10T22:15:54","slug":"duzy-solidny-stol-konferencyjny-st160-szer-1600mm","status":"publish","type":"product","link":"https:\/\/www.metal-styl.com\/index.php\/produkt\/duzy-solidny-stol-konferencyjny-st160-szer-1600mm\/","title":{"rendered":"Du\u017cy solidny St\u00f3\u0142 konferencyjny ST160 szer.1600mm"},"content":{"rendered":"<div id=\"idTab1\" class=\"rte\">\n<p><span style=\"color: #800000;\"><strong>Du\u017cy solidny St\u00f3\u0142 Konferencyjny o szeroko\u015bci 1600mm<\/strong><\/span><\/p>\n<div id=\"idTab1\" class=\"rte\">\n<p><strong>Wymiary: szer\/wys 1600\/800x740mm<\/strong><\/p>\n<p>Du\u017cy solidny St\u00f3\u0142 Konferencyjny<\/p>\n<p>Wyposa\u017cenie:<\/p>\n<div id=\"description\" class=\"tab-pane fade show active\" role=\"tabpanel\" aria-labelledby=\"description-tab\">\n<p>&#8211; st\u00f3\u0142 posiada blat w kszta\u0142cie prostok\u0105tnym<br \/>\n&#8211; blat sto\u0142u gr. 38mm<br \/>\n&#8211; blat sto\u0142u lekko uniesiony, mocowany na k\u0105townikach w kolorze antracytu<br \/>\n&#8211; boki sto\u0142u gr. 28mm, obrze\u017ce gr. 2mm , \u0142\u0105czyna gr. 18mm &#8211; kr\u00f3tka<br \/>\n&#8211; st\u00f3\u0142 posiada regulatory poziomu w zakresie do 15mm<\/p>\n<p>&#8211; melaminowana p\u0142yta meblowa z kt\u00f3rej jest wykonany st\u00f3\u0142 posiada atest higieniczno\u015bci w klasie E1<br \/>\n(klasa E1 oznacza \u017ce p\u0142yta meblowa jest przyjazna dla \u015brodowiska i ludzi.)<\/p>\n<p>&#8211; warto\u015bci parametr\u00f3w fizykochemicznych s\u0105 zgodne z norm\u0105 EN14322<br \/>\n&#8211; meble przeznaczone do u\u017cytkowania w suchych pomieszczeniach<br \/>\n&#8211; kolorystyka Tabacco new beech<br \/>\n&#8211; gwarancja : 24 miesi\u0105ce<\/p>\n<\/div>\n<div id=\"howToOrder\" class=\"tab-pane fade\" role=\"tabpanel\" aria-labelledby=\"features-tab\">\n<table class=\"table-data-sheet\">\n<tbody>\n<tr class=\"odd\">\n<td><\/td>\n<td><\/td>\n<\/tr>\n<tr class=\"even\">\n<td><\/td>\n<td><\/td>\n<\/tr>\n<\/tbody>\n<\/table>\n<\/div>\n<p>Termin realizacji: 2-10 dni roboczych. W celu ustalenia terminu realizacji zam\u00f3wienia ka\u017cdorazowo prosimy o kontakt z biurem.<\/p>\n<\/div>\n<\/div>\n","protected":false},"excerpt":{"rendered":"<p><strong>Wymiary: szer\/wys 1600\/800x740mm<\/strong><\/p>\n","protected":false},"featured_media":2850,"comment_status":"open","ping_status":"closed","template":"","meta":[],"product_cat":[22,1481,25],"product_tag":[782,785,737,992,1517,783,771],"yst_prominent_words":[581,568,772,988,986,985,797,776,1504,1503,1498,796,984,989,987,572,775,1515,571,1516],"class_list":{"0":"post-2849","1":"product","2":"type-product","3":"status-publish","4":"has-post-thumbnail","6":"product_cat-meble-biurowe-zestawy","7":"product_cat-stoly","8":"product_cat-tuluza","9":"product_tag-duzy-stol-konferencyjny","10":"product_tag-meble-konferencyjne","11":"product_tag-meble-odnowa","12":"product_tag-solidny-stol-konferencyjny","13":"product_tag-st160","14":"product_tag-stol-konferencyjny","15":"product_tag-stol-odnowa","16":"entry","18":"first","19":"instock","20":"shipping-taxable","21":"product-type-simple"},"_links":{"self":[{"href":"https:\/\/www.metal-styl.com\/index.php\/wp-json\/wp\/v2\/product\/2849","targetHints":{"allow":["GET"]}}],"collection":[{"href":"https:\/\/www.metal-styl.com\/index.php\/wp-json\/wp\/v2\/product"}],"about":[{"href":"https:\/\/www.metal-styl.com\/index.php\/wp-json\/wp\/v2\/types\/product"}],"replies":[{"embeddable":true,"href":"https:\/\/www.metal-styl.com\/index.php\/wp-json\/wp\/v2\/comments?post=2849"}],"version-history":[{"count":4,"href":"https:\/\/www.metal-styl.com\/index.php\/wp-json\/wp\/v2\/product\/2849\/revisions"}],"predecessor-version":[{"id":2911,"href":"https:\/\/www.metal-styl.com\/index.php\/wp-json\/wp\/v2\/product\/2849\/revisions\/2911"}],"wp:featuredmedia":[{"embeddable":true,"href":"https:\/\/www.metal-styl.com\/index.php\/wp-json\/wp\/v2\/media\/2850"}],"wp:attachment":[{"href":"https:\/\/www.metal-styl.com\/index.php\/wp-json\/wp\/v2\/media?parent=2849"}],"wp:term":[{"taxonomy":"product_cat","embeddable":true,"href":"https:\/\/www.metal-styl.com\/index.php\/wp-json\/wp\/v2\/product_cat?post=2849"},{"taxonomy":"product_tag","embeddable":true,"href":"https:\/\/www.metal-styl.com\/index.php\/wp-json\/wp\/v2\/product_tag?post=2849"},{"taxonomy":"yst_prominent_words","embeddable":true,"href":"https:\/\/www.metal-styl.com\/index.php\/wp-json\/wp\/v2\/yst_prominent_words?post=2849"}],"curies":[{"name":"wp","href":"https:\/\/api.w.org\/{rel}","templated":true}]}}