{"id":2854,"date":"2020-02-09T20:35:35","date_gmt":"2020-02-09T20:35:35","guid":{"rendered":"https:\/\/www.metal-styl.com\/?post_type=product&#038;p=2854"},"modified":"2020-02-10T22:16:10","modified_gmt":"2020-02-10T22:16:10","slug":"dostawka-do-biurka-d61l-o-szer-800mm","status":"publish","type":"product","link":"https:\/\/www.metal-styl.com\/index.php\/produkt\/dostawka-do-biurka-d61l-o-szer-800mm\/","title":{"rendered":"Dostawka do biurka D61L o szer.800mm lewa"},"content":{"rendered":"<p><span style=\"color: #800000;\"><strong>Dostawka do biurka D61L &#8211; lewa<br \/>\n<\/strong><\/span><\/p>\n<p><strong>Wymiary: szer\/g\u0142\/wys 800x480x740mm<\/strong><\/p>\n<div id=\"idTab1\" class=\"rte\">\n<p>&#8211; dostawka biurka posiada blat w kszta\u0142cie prostok\u0105tnym<br \/>\n&#8211; dostawka mocowana do biurka za pomoc\u0105 blach monta\u017cowych<br \/>\n&#8211; blat dostawki biurka gr. 38mm ( g\u00f3rna cz\u0119\u015b\u0107 blatu 28mm, dolna cz\u0119\u015b\u0107 lekko cofni\u0119ta , obrze\u017ce gr. 2mm )<br \/>\n&#8211; blat dostawki biurka lekko uniesiony, mocowany na k\u0105townikach w kolorze antracytu<br \/>\n&#8211; boki dostawki gr. 28mm, obrze\u017ce gr. 2mm<br \/>\n&#8211; dostawka biurka posiada regulatory poziomu w zakresie do 15mm<br \/>\n&#8211; istnieje mo\u017cliwo\u015b\u0107 zamontowania przelotki na kable<\/p>\n<p>&#8211; melaminowana p\u0142yta meblowa z kt\u00f3rej jest wykonana dostawka biurka posiada atest higieniczno\u015bci w klasie E1<br \/>\n( klasa E1 oznacza \u017ce p\u0142yta meblowa jest przyjazna dla \u015brodowiska i ludzi )<\/p>\n<p>&#8211; warto\u015bci parametr\u00f3w fizykochemicznych s\u0105 zgodne z norm\u0105 EN14322<br \/>\n&#8211; meble przeznaczone do u\u017cytkowania w suchych pomieszczeniach<br \/>\n&#8211; kolorystyka Tabacco new beech<br \/>\n&#8211; gwarancja : 24 miesi\u0105ce<\/p>\n<p>Termin realizacji: 2-10 dni roboczych. W celu ustalenia terminu realizacji zam\u00f3wienia ka\u017cdorazowo prosimy o kontakt z biurem.<\/p>\n<\/div>\n","protected":false},"excerpt":{"rendered":"<p><strong>Wymiary: szer\/wys 800x740mm<\/strong><\/p>\n","protected":false},"featured_media":2855,"comment_status":"open","ping_status":"closed","template":"","meta":[],"product_cat":[1482,22,25],"product_tag":[1525,791],"yst_prominent_words":[1499,1502,694,1521,581,1522,1519,788,1520,1518,1524,1523,797,1500,1504,1501,1497,1503,1498,796],"class_list":{"0":"post-2854","1":"product","2":"type-product","3":"status-publish","4":"has-post-thumbnail","6":"product_cat-dostawki-tuluza","7":"product_cat-meble-biurowe-zestawy","8":"product_cat-tuluza","9":"product_tag-dostawka-do-biurka-d61l","10":"product_tag-dostawka-przybiurkowa","11":"entry","13":"first","14":"instock","15":"shipping-taxable","16":"product-type-simple"},"_links":{"self":[{"href":"https:\/\/www.metal-styl.com\/index.php\/wp-json\/wp\/v2\/product\/2854","targetHints":{"allow":["GET"]}}],"collection":[{"href":"https:\/\/www.metal-styl.com\/index.php\/wp-json\/wp\/v2\/product"}],"about":[{"href":"https:\/\/www.metal-styl.com\/index.php\/wp-json\/wp\/v2\/types\/product"}],"replies":[{"embeddable":true,"href":"https:\/\/www.metal-styl.com\/index.php\/wp-json\/wp\/v2\/comments?post=2854"}],"version-history":[{"count":3,"href":"https:\/\/www.metal-styl.com\/index.php\/wp-json\/wp\/v2\/product\/2854\/revisions"}],"predecessor-version":[{"id":2912,"href":"https:\/\/www.metal-styl.com\/index.php\/wp-json\/wp\/v2\/product\/2854\/revisions\/2912"}],"wp:featuredmedia":[{"embeddable":true,"href":"https:\/\/www.metal-styl.com\/index.php\/wp-json\/wp\/v2\/media\/2855"}],"wp:attachment":[{"href":"https:\/\/www.metal-styl.com\/index.php\/wp-json\/wp\/v2\/media?parent=2854"}],"wp:term":[{"taxonomy":"product_cat","embeddable":true,"href":"https:\/\/www.metal-styl.com\/index.php\/wp-json\/wp\/v2\/product_cat?post=2854"},{"taxonomy":"product_tag","embeddable":true,"href":"https:\/\/www.metal-styl.com\/index.php\/wp-json\/wp\/v2\/product_tag?post=2854"},{"taxonomy":"yst_prominent_words","embeddable":true,"href":"https:\/\/www.metal-styl.com\/index.php\/wp-json\/wp\/v2\/yst_prominent_words?post=2854"}],"curies":[{"name":"wp","href":"https:\/\/api.w.org\/{rel}","templated":true}]}}