{"id":2861,"date":"2020-02-09T20:45:34","date_gmt":"2020-02-09T20:45:34","guid":{"rendered":"https:\/\/www.metal-styl.com\/?post_type=product&#038;p=2861"},"modified":"2020-02-10T22:11:59","modified_gmt":"2020-02-10T22:11:59","slug":"kontener-biurowy-4-szufladowy-k62","status":"publish","type":"product","link":"https:\/\/www.metal-styl.com\/index.php\/produkt\/kontener-biurowy-4-szufladowy-k62\/","title":{"rendered":"Kontener biurowy 4-szufladowy K62"},"content":{"rendered":"<div id=\"idTab1\" class=\"rte\">\n<p><span style=\"color: #800000;\"><strong>Kontenerek biurowy 4 szufladowy K62<\/strong><\/span><\/p>\n<p><span style=\"color: #000000;\"><strong>Wymiary: szer\/g\u0142\/wys 420x550x630mm<\/strong> <\/span><\/p>\n<div id=\"idTab1\" class=\"rte\">\n<div id=\"idTab1\" class=\"rte\">\n<p>&#8211; kontener mobilny na k\u00f3\u0142kach, posiada 3 szuflady i 1 szuflad\u0119 typu pi\u00f3rnik<br \/>\n&#8211; g\u00f3rny blat i dolna podstawa gr. 28mm , obrze\u017ce gr. 2mm<br \/>\n&#8211; fronty szuflad i dno wykonane z p\u0142yty meblowej gr. 18mm<br \/>\n&#8211; system szuflad typu Metabox (boczki szuflad metalowe malowane proszkowo)<br \/>\n&#8211; wszystkie szuflady s\u0105 zamykane zamkiem centralnym &#8211;<br \/>\nk\u00f3\u0142ka z oponk\u0105 gumow\u0105 , \u0142o\u017cyskowane z hamulcem<\/p>\n<p>&#8211; melaminowana p\u0142yta meblowa z kt\u00f3rej wykonany jest kontener posiada atest higieniczno\u015bci w klasie E1<br \/>\n(klasa E1 oznacza \u017ce p\u0142yta meblowa jest przyjazna dla \u015brodowiska i ludzi.)<\/p>\n<p>&#8211; warto\u015bci parametr\u00f3w fizykochemicznych s\u0105 zgodne z norm\u0105 EN14322<br \/>\n&#8211; meble przeznaczone do u\u017cytkowania w suchych pomieszczeniach<br \/>\n&#8211; kolorystyka Tabacco new beech<br \/>\n&#8211; gwarancja : 24 miesi\u0105ce<\/p>\n<p>Termin realizacji: 2-10 dni roboczych. W celu ustalenia terminu realizacji zam\u00f3wienia ka\u017cdorazowo prosimy o kontakt z biurem.<\/p>\n<\/div>\n<\/div>\n<\/div>\n","protected":false},"excerpt":{"rendered":"<p>Wymiary: szer\/g\u0142\/wys 420x550x630mm<\/p>\n","protected":false},"featured_media":2863,"comment_status":"open","ping_status":"closed","template":"","meta":[],"product_cat":[1483,22,25],"product_tag":[1067,1066,1528,1070,737,738,733,1069],"yst_prominent_words":[1505,797,821,1504,1503,1498,796,730,1527,390,1049],"class_list":{"0":"post-2861","1":"product","2":"type-product","3":"status-publish","4":"has-post-thumbnail","6":"product_cat-kontenery-tuluza","7":"product_cat-meble-biurowe-zestawy","8":"product_cat-tuluza","9":"product_tag-kontener-4-szufladowy","10":"product_tag-kontener-biurowy","11":"product_tag-kontener-k62","12":"product_tag-meble-biurowe","13":"product_tag-meble-odnowa","14":"product_tag-meble-odnowa-z-pszczyny","15":"product_tag-szafka-do-biurka","16":"product_tag-szafka-z-szufladkami","17":"entry","19":"first","20":"instock","21":"shipping-taxable","22":"product-type-simple"},"_links":{"self":[{"href":"https:\/\/www.metal-styl.com\/index.php\/wp-json\/wp\/v2\/product\/2861","targetHints":{"allow":["GET"]}}],"collection":[{"href":"https:\/\/www.metal-styl.com\/index.php\/wp-json\/wp\/v2\/product"}],"about":[{"href":"https:\/\/www.metal-styl.com\/index.php\/wp-json\/wp\/v2\/types\/product"}],"replies":[{"embeddable":true,"href":"https:\/\/www.metal-styl.com\/index.php\/wp-json\/wp\/v2\/comments?post=2861"}],"version-history":[{"count":2,"href":"https:\/\/www.metal-styl.com\/index.php\/wp-json\/wp\/v2\/product\/2861\/revisions"}],"predecessor-version":[{"id":2898,"href":"https:\/\/www.metal-styl.com\/index.php\/wp-json\/wp\/v2\/product\/2861\/revisions\/2898"}],"wp:featuredmedia":[{"embeddable":true,"href":"https:\/\/www.metal-styl.com\/index.php\/wp-json\/wp\/v2\/media\/2863"}],"wp:attachment":[{"href":"https:\/\/www.metal-styl.com\/index.php\/wp-json\/wp\/v2\/media?parent=2861"}],"wp:term":[{"taxonomy":"product_cat","embeddable":true,"href":"https:\/\/www.metal-styl.com\/index.php\/wp-json\/wp\/v2\/product_cat?post=2861"},{"taxonomy":"product_tag","embeddable":true,"href":"https:\/\/www.metal-styl.com\/index.php\/wp-json\/wp\/v2\/product_tag?post=2861"},{"taxonomy":"yst_prominent_words","embeddable":true,"href":"https:\/\/www.metal-styl.com\/index.php\/wp-json\/wp\/v2\/yst_prominent_words?post=2861"}],"curies":[{"name":"wp","href":"https:\/\/api.w.org\/{rel}","templated":true}]}}