{"id":2916,"date":"2020-02-10T22:57:26","date_gmt":"2020-02-10T22:57:26","guid":{"rendered":"https:\/\/www.metal-styl.com\/?post_type=product&#038;p=2916"},"modified":"2020-02-10T23:01:24","modified_gmt":"2020-02-10T23:01:24","slug":"regal-biurowy-szafka-biurowa-tu-80-3b","status":"publish","type":"product","link":"https:\/\/www.metal-styl.com\/index.php\/produkt\/regal-biurowy-szafka-biurowa-tu-80-3b\/","title":{"rendered":"Rega\u0142 biurowy, szafka biurowa TU-80-3B"},"content":{"rendered":"<p><span style=\"color: #800000;\"><strong>Rega\u0142 biurowy, szafka biurowa 2-drzwiowa TU-80-3B<br \/>\n<\/strong><\/span><\/p>\n<p><strong>Wymiary: szer\/g\u0142\/wys 800x400x1201mm<br \/>\n<\/strong><\/p>\n<div id=\"idTab1\" class=\"rte\">\n<div id=\"idTab1\" class=\"rte\">\n<p>Wyposa\u017cenie:<\/p>\n<\/div>\n<\/div>\n<p>&#8211; rega\u0142 \u015bredni z drzwiami zamykaj\u0105cymi 3 rz\u0119dy p\u00f3\u0142ek<br \/>\n&#8211; trzy rz\u0119dy p\u00f3\u0142ek mieszcz\u0105 standardowe segregatory biurowe<br \/>\n&#8211; top g\u00f3rny i top dolny gr. 22mm,<br \/>\n&#8211; korpus wykonany z p\u0142yty meblowej gr.18mm , drzwiczki gr. 18mm<br \/>\n&#8211; obrze\u017ce 2mm &#8211; ty\u0142 wykonany z p\u0142yty HDF jednostronnie lakierowanej 3 \u2013 4 mm<br \/>\n&#8211; p\u00f3\u0142ki wewn\u0105trz z regulowan\u0105 wysoko\u015bci\u0105 &#8211; uchwyty aluminiowe szlifowane o rozstawie 128mm<br \/>\n&#8211; rega\u0142 posiada stopki z regulacj\u0105 poziomu<br \/>\n&#8211; mo\u017cliwo\u015b\u0107 zamontowania zamka patentowego<\/p>\n<p>&#8211; melaminowana p\u0142yta meblowa z kt\u00f3rej wykonany jest rega\u0142 posiada atest higieniczno\u015bci w klasie E1<br \/>\n(klasa E1 oznacza \u017ce p\u0142yta meblowa jest przyjazna dla \u015brodowiska i ludzi.)<\/p>\n<p>&#8211; warto\u015bci parametr\u00f3w fizykochemicznych s\u0105 zgodne z norm\u0105 EN14322<br \/>\n&#8211; meble przeznaczone do u\u017cytkowania w suchych pomieszczeniach<br \/>\n&#8211; kolorystyka Tabacco new beech<br \/>\n&#8211; gwarancja : 24 miesi\u0105ce<\/p>\n<p>Termin realizacji: 2-10 dni roboczych. W celu ustalenia terminu realizacji zam\u00f3wienia ka\u017cdorazowo prosimy o kontakt z biurem.<\/p>\n","protected":false},"excerpt":{"rendered":"<p><strong>Wymiary: szer\/g\u0142\/wys 800x400x1201mm<\/strong><\/p>\n","protected":false},"featured_media":2917,"comment_status":"open","ping_status":"closed","template":"","meta":[],"product_cat":[22,1484,25],"product_tag":[1070,737,1555,1120,1121,1122,1556],"yst_prominent_words":[1505,797,1504,1503,1498,854,1552,796,730,852,1537,1551,1550,1540,853,850],"class_list":{"0":"post-2916","1":"product","2":"type-product","3":"status-publish","4":"has-post-thumbnail","6":"product_cat-meble-biurowe-zestawy","7":"product_cat-szafy-i-regaly-tuluza","8":"product_cat-tuluza","9":"product_tag-meble-biurowe","10":"product_tag-meble-odnowa","11":"product_tag-regal-tu-80-3b","12":"product_tag-regalik-meblowy","13":"product_tag-regaly-biurowe","14":"product_tag-regaly-meblowe","15":"product_tag-szafka-tu-80-3b","16":"entry","18":"first","19":"instock","20":"shipping-taxable","21":"product-type-simple"},"_links":{"self":[{"href":"https:\/\/www.metal-styl.com\/index.php\/wp-json\/wp\/v2\/product\/2916","targetHints":{"allow":["GET"]}}],"collection":[{"href":"https:\/\/www.metal-styl.com\/index.php\/wp-json\/wp\/v2\/product"}],"about":[{"href":"https:\/\/www.metal-styl.com\/index.php\/wp-json\/wp\/v2\/types\/product"}],"replies":[{"embeddable":true,"href":"https:\/\/www.metal-styl.com\/index.php\/wp-json\/wp\/v2\/comments?post=2916"}],"version-history":[{"count":1,"href":"https:\/\/www.metal-styl.com\/index.php\/wp-json\/wp\/v2\/product\/2916\/revisions"}],"predecessor-version":[{"id":2918,"href":"https:\/\/www.metal-styl.com\/index.php\/wp-json\/wp\/v2\/product\/2916\/revisions\/2918"}],"wp:featuredmedia":[{"embeddable":true,"href":"https:\/\/www.metal-styl.com\/index.php\/wp-json\/wp\/v2\/media\/2917"}],"wp:attachment":[{"href":"https:\/\/www.metal-styl.com\/index.php\/wp-json\/wp\/v2\/media?parent=2916"}],"wp:term":[{"taxonomy":"product_cat","embeddable":true,"href":"https:\/\/www.metal-styl.com\/index.php\/wp-json\/wp\/v2\/product_cat?post=2916"},{"taxonomy":"product_tag","embeddable":true,"href":"https:\/\/www.metal-styl.com\/index.php\/wp-json\/wp\/v2\/product_tag?post=2916"},{"taxonomy":"yst_prominent_words","embeddable":true,"href":"https:\/\/www.metal-styl.com\/index.php\/wp-json\/wp\/v2\/yst_prominent_words?post=2916"}],"curies":[{"name":"wp","href":"https:\/\/api.w.org\/{rel}","templated":true}]}}