{"id":2922,"date":"2020-02-10T23:07:09","date_gmt":"2020-02-10T23:07:09","guid":{"rendered":"https:\/\/www.metal-styl.com\/?post_type=product&#038;p=2922"},"modified":"2020-02-10T23:15:32","modified_gmt":"2020-02-10T23:15:32","slug":"regal-biurowy-wysoki-otwarty-tu-80-5","status":"publish","type":"product","link":"https:\/\/www.metal-styl.com\/index.php\/produkt\/regal-biurowy-wysoki-otwarty-tu-80-5\/","title":{"rendered":"Rega\u0142 biurowy wysoki, otwarty TU-80-5"},"content":{"rendered":"<p><span style=\"color: #800000;\"><strong>Rega\u0142 biurowy wysoki, otwarty TU-80-5<br \/>\n<\/strong><\/span><\/p>\n<p><strong>Wymiary: szer\/g\u0142\/wys 800x400x1867mm<br \/>\n<\/strong><\/p>\n<div id=\"idTab1\" class=\"rte\">\n<p>Wyposa\u017cenie:<\/p>\n<p>&#8211; rega\u0142 wysoki otwarty<br \/>\n&#8211; pi\u0119\u0107 rz\u0119d\u00f3w p\u00f3\u0142ek mieszcz\u0105cych standardowe segregatory biurowe<br \/>\n&#8211; top g\u00f3rny i top dolny gr. 22mm,<br \/>\n&#8211; korpus wykonany z p\u0142yty meblowej gr.18mm<br \/>\n&#8211; ty\u0142 wykonany z p\u0142yty HDF jednostronnie lakierowanej 3 \u2013 4 mm<br \/>\n&#8211; p\u00f3\u0142ki wewn\u0105trz z regulowan\u0105 wysoko\u015bci\u0105 (z wyj\u0105tkiem jednej)<br \/>\n&#8211; rega\u0142 posiada stopki z regulacj\u0105 poziomu<\/p>\n<p>&#8211; melaminowana p\u0142yta meblowa z kt\u00f3rej wykonany jest rega\u0142 posiada atest higieniczno\u015bci w klasie E1<br \/>\n(klasa E1 oznacza \u017ce p\u0142yta meblowa jest przyjazna dla \u015brodowiska i ludzi.)<\/p>\n<p>&#8211; warto\u015bci parametr\u00f3w fizykochemicznych s\u0105 zgodne z norm\u0105 EN14322<br \/>\n&#8211; meble przeznaczone do u\u017cytkowania w suchych pomieszczeniach<br \/>\n&#8211; kolorystyka Tabacco new beech<br \/>\n&#8211; gwarancja : 24 miesi\u0105ce<\/p>\n<\/div>\n<p>Termin realizacji: 2-10 dni roboczych. W celu ustalenia terminu realizacji zam\u00f3wienia ka\u017cdorazowo prosimy o kontakt z biurem.<\/p>\n","protected":false},"excerpt":{"rendered":"<p><strong>Wymiary: szer\/g\u0142\/wys 800x400x1867mm<br \/>\n<\/strong><\/p>\n","protected":false},"featured_media":2924,"comment_status":"open","ping_status":"closed","template":"","meta":[],"product_cat":[22,1484,25],"product_tag":[1070,737,1117,1214,1561,1120,1121,1122,1560],"yst_prominent_words":[1505,1504,1539,1503,1498,854,796,730,852,1537,1540,853,850,1559],"class_list":{"0":"post-2922","1":"product","2":"type-product","3":"status-publish","4":"has-post-thumbnail","6":"product_cat-meble-biurowe-zestawy","7":"product_cat-szafy-i-regaly-tuluza","8":"product_cat-tuluza","9":"product_tag-meble-biurowe","10":"product_tag-meble-odnowa","11":"product_tag-reagl-otwarty","12":"product_tag-regal-otwarty-wysoki","13":"product_tag-regal-tu-80-5","14":"product_tag-regalik-meblowy","15":"product_tag-regaly-biurowe","16":"product_tag-regaly-meblowe","17":"product_tag-szafa-tu-80-5","18":"entry","20":"first","21":"instock","22":"shipping-taxable","23":"product-type-simple"},"_links":{"self":[{"href":"https:\/\/www.metal-styl.com\/index.php\/wp-json\/wp\/v2\/product\/2922","targetHints":{"allow":["GET"]}}],"collection":[{"href":"https:\/\/www.metal-styl.com\/index.php\/wp-json\/wp\/v2\/product"}],"about":[{"href":"https:\/\/www.metal-styl.com\/index.php\/wp-json\/wp\/v2\/types\/product"}],"replies":[{"embeddable":true,"href":"https:\/\/www.metal-styl.com\/index.php\/wp-json\/wp\/v2\/comments?post=2922"}],"version-history":[{"count":1,"href":"https:\/\/www.metal-styl.com\/index.php\/wp-json\/wp\/v2\/product\/2922\/revisions"}],"predecessor-version":[{"id":2925,"href":"https:\/\/www.metal-styl.com\/index.php\/wp-json\/wp\/v2\/product\/2922\/revisions\/2925"}],"wp:featuredmedia":[{"embeddable":true,"href":"https:\/\/www.metal-styl.com\/index.php\/wp-json\/wp\/v2\/media\/2924"}],"wp:attachment":[{"href":"https:\/\/www.metal-styl.com\/index.php\/wp-json\/wp\/v2\/media?parent=2922"}],"wp:term":[{"taxonomy":"product_cat","embeddable":true,"href":"https:\/\/www.metal-styl.com\/index.php\/wp-json\/wp\/v2\/product_cat?post=2922"},{"taxonomy":"product_tag","embeddable":true,"href":"https:\/\/www.metal-styl.com\/index.php\/wp-json\/wp\/v2\/product_tag?post=2922"},{"taxonomy":"yst_prominent_words","embeddable":true,"href":"https:\/\/www.metal-styl.com\/index.php\/wp-json\/wp\/v2\/yst_prominent_words?post=2922"}],"curies":[{"name":"wp","href":"https:\/\/api.w.org\/{rel}","templated":true}]}}