{"id":2938,"date":"2020-02-11T07:21:12","date_gmt":"2020-02-11T07:21:12","guid":{"rendered":"https:\/\/www.metal-styl.com\/?post_type=product&#038;p=2938"},"modified":"2020-02-11T07:26:03","modified_gmt":"2020-02-11T07:26:03","slug":"szafa-ubraniowa-tu-60-5","status":"publish","type":"product","link":"https:\/\/www.metal-styl.com\/index.php\/produkt\/szafa-ubraniowa-tu-60-5\/","title":{"rendered":"Szafa ubraniowa TU-60-5"},"content":{"rendered":"<p><span style=\"color: #800000;\"><strong>Szafa odzie\u017cowa 1-drzwiowa TU-60-5<br \/>\n<\/strong><\/span><\/p>\n<p><strong>Wymiary: szer\/g\u0142\/wys 600x400x1921mm<\/strong><\/p>\n<p>Wyposa\u017cenie:<\/p>\n<p>&#8211; szafa ubraniowa , p\u0142ytka<br \/>\n&#8211; wewn\u0105trz u g\u00f3ry jedna p\u00f3\u0142ka, pod p\u00f3\u0142k\u0105 wieszak wysuwny<br \/>\n&#8211; wieszaki z ubraniami wisz\u0105 r\u00f3wnolegle do drzwi<br \/>\n&#8211; top g\u00f3rny i top dolny gr. 22mm, drzwi gr.18mm obrze\u017ce 2mm<br \/>\n&#8211; korpus wykonany z p\u0142yty meblowej gr.18mm<br \/>\n&#8211; ty\u0142 wykonany z p\u0142yty HDF jednostronnie lakierowanej 3 \u2013 4 mm<br \/>\n&#8211; uchwyt aluminiowy szlifowany o rozstawie 128mm<br \/>\n&#8211; rega\u0142 posiada stopki z regulacj\u0105 poziomu<br \/>\n&#8211; mo\u017cliwo\u015b\u0107 zamontowania zamka patentowego<\/p>\n<p>&#8211; melaminowana p\u0142yta meblowa z kt\u00f3rej wykonana jest szafa<br \/>\nposiada atest higieniczno\u015bci w klasie E1<br \/>\n(klasa E1 oznacza \u017ce p\u0142yta meblowa jest przyjazna dla \u015brodowiska i ludzi.)<\/p>\n<p>&#8211; warto\u015bci parametr\u00f3w fizykochemicznych s\u0105 zgodne z norm\u0105 EN14322<br \/>\n&#8211; meble przeznaczone do u\u017cytkowania w suchych pomieszczeniach<br \/>\n&#8211; kolorystyka standardowa<br \/>\n&#8211; gwarancja : 24 miesi\u0105ce<\/p>\n<p>Termin realizacji: 2-10 dni roboczych. W celu ustalenia terminu realizacji zam\u00f3wienia ka\u017cdorazowo prosimy o kontakt z biurem.<\/p>\n","protected":false},"excerpt":{"rendered":"<p><strong>Wymiary: szer\/g\u0142\/wys 600x400x1921mm<\/strong><\/p>\n","protected":false},"featured_media":2941,"comment_status":"open","ping_status":"closed","template":"","meta":[],"product_cat":[22,1484,25],"product_tag":[1070,737,1578,1577,227,1579],"yst_prominent_words":[676,1505,1562,1504,1503,1498,854,796,730,386,1540,853,850],"class_list":{"0":"post-2938","1":"product","2":"type-product","3":"status-publish","4":"has-post-thumbnail","6":"product_cat-meble-biurowe-zestawy","7":"product_cat-szafy-i-regaly-tuluza","8":"product_cat-tuluza","9":"product_tag-meble-biurowe","10":"product_tag-meble-odnowa","11":"product_tag-szafa-biurowa-na-odziez","12":"product_tag-szafa-odziezowa-tu-60-5","13":"product_tag-szafa-ubraniowa","14":"product_tag-tu-60-5","15":"entry","17":"first","18":"instock","19":"shipping-taxable","20":"product-type-simple"},"_links":{"self":[{"href":"https:\/\/www.metal-styl.com\/index.php\/wp-json\/wp\/v2\/product\/2938","targetHints":{"allow":["GET"]}}],"collection":[{"href":"https:\/\/www.metal-styl.com\/index.php\/wp-json\/wp\/v2\/product"}],"about":[{"href":"https:\/\/www.metal-styl.com\/index.php\/wp-json\/wp\/v2\/types\/product"}],"replies":[{"embeddable":true,"href":"https:\/\/www.metal-styl.com\/index.php\/wp-json\/wp\/v2\/comments?post=2938"}],"version-history":[{"count":1,"href":"https:\/\/www.metal-styl.com\/index.php\/wp-json\/wp\/v2\/product\/2938\/revisions"}],"predecessor-version":[{"id":2942,"href":"https:\/\/www.metal-styl.com\/index.php\/wp-json\/wp\/v2\/product\/2938\/revisions\/2942"}],"wp:featuredmedia":[{"embeddable":true,"href":"https:\/\/www.metal-styl.com\/index.php\/wp-json\/wp\/v2\/media\/2941"}],"wp:attachment":[{"href":"https:\/\/www.metal-styl.com\/index.php\/wp-json\/wp\/v2\/media?parent=2938"}],"wp:term":[{"taxonomy":"product_cat","embeddable":true,"href":"https:\/\/www.metal-styl.com\/index.php\/wp-json\/wp\/v2\/product_cat?post=2938"},{"taxonomy":"product_tag","embeddable":true,"href":"https:\/\/www.metal-styl.com\/index.php\/wp-json\/wp\/v2\/product_tag?post=2938"},{"taxonomy":"yst_prominent_words","embeddable":true,"href":"https:\/\/www.metal-styl.com\/index.php\/wp-json\/wp\/v2\/yst_prominent_words?post=2938"}],"curies":[{"name":"wp","href":"https:\/\/api.w.org\/{rel}","templated":true}]}}