{"id":2943,"date":"2020-02-11T07:28:17","date_gmt":"2020-02-11T07:28:17","guid":{"rendered":"https:\/\/www.metal-styl.com\/?post_type=product&#038;p=2943"},"modified":"2020-02-11T07:33:11","modified_gmt":"2020-02-11T07:33:11","slug":"szafa-ubraniowa-tu-su-80-szer-800mm","status":"publish","type":"product","link":"https:\/\/www.metal-styl.com\/index.php\/produkt\/szafa-ubraniowa-tu-su-80-szer-800mm\/","title":{"rendered":"Szafa ubraniowa TU-SU-80 szer. 800mm"},"content":{"rendered":"<div id=\"idTab1\" class=\"rte\">\n<p><span style=\"color: #800000;\"><strong>Szafa garderobiana &#8211; wyposa\u017cona w dr\u0105\u017cek ubraniowy oraz uchwyty drzwiowe TU-SU-80<\/strong><\/span><\/p>\n<p><strong>Wymiary: szer\/g\u0142\/wys 800x600x1921mm<\/strong><\/p>\n<div id=\"description\" class=\"tab-pane fade show active\" role=\"tabpanel\" aria-labelledby=\"description-tab\">\n<p>&#8211; szafa ubraniowa , p\u0142ytka<br \/>\n&#8211; wewn\u0105trz u g\u00f3ry jedna p\u00f3\u0142ka, pod p\u00f3\u0142k\u0105 wieszak wysuwny<br \/>\n&#8211; wieszaki z ubraniami wisz\u0105 r\u00f3wnolegle do drzwi<br \/>\n&#8211; top g\u00f3rny i top dolny gr. 22mm, drzwi gr.18mm obrze\u017ce 2mm<br \/>\n&#8211; korpus wykonany z p\u0142yty meblowej gr.18mm<br \/>\n&#8211; ty\u0142 wykonany z p\u0142yty HDF jednostronnie lakierowanej 3 \u2013 4 mm<br \/>\n&#8211; uchwyt aluminiowy szlifowany o rozstawie 128mm<br \/>\n&#8211; rega\u0142 posiada stopki z regulacj\u0105 poziomu<br \/>\n&#8211; mo\u017cliwo\u015b\u0107 zamontowania zamka patentowego<\/p>\n<p>&#8211; melaminowana p\u0142yta meblowa z kt\u00f3rej wykonana jest szafa<br \/>\nposiada atest higieniczno\u015bci w klasie E1<br \/>\n(klasa E1 oznacza \u017ce p\u0142yta meblowa jest przyjazna dla \u015brodowiska i ludzi.)<\/p>\n<p>&#8211; warto\u015bci parametr\u00f3w fizykochemicznych s\u0105 zgodne z norm\u0105 EN14322<br \/>\n&#8211; meble przeznaczone do u\u017cytkowania w suchych pomieszczeniach<br \/>\n&#8211; kolorystyka Tabacco new beech<br \/>\n&#8211; gwarancja : 24 miesi\u0105ce<\/p>\n<\/div>\n<div id=\"howToOrder\" class=\"tab-pane fade\" role=\"tabpanel\" aria-labelledby=\"features-tab\">\n<table class=\"table-data-sheet\">\n<tbody>\n<tr class=\"odd\">\n<td><\/td>\n<td><\/td>\n<\/tr>\n<tr class=\"even\">\n<td><\/td>\n<td><\/td>\n<\/tr>\n<\/tbody>\n<\/table>\n<\/div>\n<p>Termin realizacji: 2-10 dni roboczych. W celu ustalenia terminu realizacji zam\u00f3wienia ka\u017cdorazowo prosimy o kontakt z biurem.<\/p>\n<\/div>\n","protected":false},"excerpt":{"rendered":"<p><strong>Wymiary: szer\/g\u0142\/wys 800x600x1921mm<\/strong><\/p>\n","protected":false},"featured_media":2944,"comment_status":"open","ping_status":"closed","template":"","meta":[],"product_cat":[22,1484,25],"product_tag":[737,929,930,1581,1580],"yst_prominent_words":[676,1505,1562,1504,1503,1498,854,796,730,386,1540,853,850],"class_list":{"0":"post-2943","1":"product","2":"type-product","3":"status-publish","4":"has-post-thumbnail","6":"product_cat-meble-biurowe-zestawy","7":"product_cat-szafy-i-regaly-tuluza","8":"product_cat-tuluza","9":"product_tag-meble-odnowa","10":"product_tag-szafa-biurowa-na-ubrania","11":"product_tag-szafa-garderobiana","12":"product_tag-szafa-odziezowa-tu-su-80","13":"product_tag-szafa-ubraniowa-tu-su-80","14":"entry","16":"first","17":"instock","18":"shipping-taxable","19":"product-type-simple"},"_links":{"self":[{"href":"https:\/\/www.metal-styl.com\/index.php\/wp-json\/wp\/v2\/product\/2943","targetHints":{"allow":["GET"]}}],"collection":[{"href":"https:\/\/www.metal-styl.com\/index.php\/wp-json\/wp\/v2\/product"}],"about":[{"href":"https:\/\/www.metal-styl.com\/index.php\/wp-json\/wp\/v2\/types\/product"}],"replies":[{"embeddable":true,"href":"https:\/\/www.metal-styl.com\/index.php\/wp-json\/wp\/v2\/comments?post=2943"}],"version-history":[{"count":1,"href":"https:\/\/www.metal-styl.com\/index.php\/wp-json\/wp\/v2\/product\/2943\/revisions"}],"predecessor-version":[{"id":2945,"href":"https:\/\/www.metal-styl.com\/index.php\/wp-json\/wp\/v2\/product\/2943\/revisions\/2945"}],"wp:featuredmedia":[{"embeddable":true,"href":"https:\/\/www.metal-styl.com\/index.php\/wp-json\/wp\/v2\/media\/2944"}],"wp:attachment":[{"href":"https:\/\/www.metal-styl.com\/index.php\/wp-json\/wp\/v2\/media?parent=2943"}],"wp:term":[{"taxonomy":"product_cat","embeddable":true,"href":"https:\/\/www.metal-styl.com\/index.php\/wp-json\/wp\/v2\/product_cat?post=2943"},{"taxonomy":"product_tag","embeddable":true,"href":"https:\/\/www.metal-styl.com\/index.php\/wp-json\/wp\/v2\/product_tag?post=2943"},{"taxonomy":"yst_prominent_words","embeddable":true,"href":"https:\/\/www.metal-styl.com\/index.php\/wp-json\/wp\/v2\/yst_prominent_words?post=2943"}],"curies":[{"name":"wp","href":"https:\/\/api.w.org\/{rel}","templated":true}]}}