{"id":2972,"date":"2020-02-11T10:21:35","date_gmt":"2020-02-11T10:21:35","guid":{"rendered":"https:\/\/www.metal-styl.com\/?post_type=product&#038;p=2972"},"modified":"2020-02-11T10:29:37","modified_gmt":"2020-02-11T10:29:37","slug":"szafa-warsztatowamagazynowa-z-232-pojemnikami","status":"publish","type":"product","link":"https:\/\/www.metal-styl.com\/index.php\/produkt\/szafa-warsztatowamagazynowa-z-232-pojemnikami\/","title":{"rendered":"Szafa warsztatowa,magazynowa z 232 pojemnikami SWP-232P"},"content":{"rendered":"<div id=\"idTab1\" class=\"rte\">\n<p><span style=\"color: #800000;\"><strong>Szafa warsztatowa,magazynowa Z 232 pojemnikami SWP-232<br \/>\n<\/strong><\/span><\/p>\n<p><strong>Wymiary: wys\/szer\/g\u0142 1990x1000x435mm<\/strong><\/p>\n<p>Symbol: SWP-232P<\/p>\n<p>Opis: Szafa 2-drzwiowa, wyposa\u017cona w 232 pojemniki Profiplus<\/p>\n<p>Drzwi ze schowanymi zawiasami.<\/p>\n<p>Uchwyt drzwiowy z zamkiem zabezpieczaj\u0105cym z ryglowaniem w dw\u00f3ch punktach. Zamek posiada w komplecie 2 kluczyki<\/p>\n<p>Szafa wyposa\u017cona w listwy do mocowania pojemnik\u00f3w narz\u0119dziowych o wymiarach 108 x 144 x 224 \/170 mm (72 sztuki) na \u015bcianie tylnej i o wymiarach 56 x 77 x 119 \/90 mm (po 80 sztuk) na drzwiach szafy.<\/p>\n<p>Szafa dostarczana z pojemnikami<\/p>\n<p>Szafa malowana trwa\u0142ymi farbami proszkowymi w kolorze wg. Palety RAL<\/p>\n<p>Oferta cenowa dotyczy koloru: Ral 7035 popielato-platynowy<\/p>\n<p>Istnieje mo\u017cliwo\u015b\u0107 malowania szaf w innym kolorze lub w dw\u00f3ch kolorach.<\/p>\n<p>Mo\u017cliwo\u015b\u0107 wykonania szafy w innych rozmiarach w innych kolorach oraz wg indywidualnych potrzeb klienta. W celu wyceny prosimy o przes\u0142anie do nas maila na adres biuro@metal-styl.com z zapytaniem ofertowym oraz przedstawieniem Pa\u0144stwa potrzeb i oczekiwa\u0144 wobec produktu.<\/p>\n<\/div>\n","protected":false},"excerpt":{"rendered":"<p><strong>Wymiary: wys\/szer\/g\u0142 1990x1000x435mm<\/strong><\/p>\n","protected":false},"featured_media":2973,"comment_status":"open","ping_status":"closed","template":"","meta":[],"product_cat":[39,40],"product_tag":[1586,360,359,361,1587,358,1585],"yst_prominent_words":[1582,493,409,450,1583,395,394,386,434,393,1584,462],"class_list":{"0":"post-2972","1":"product","2":"type-product","3":"status-publish","4":"has-post-thumbnail","6":"product_cat-meble-warsztatowe","7":"product_cat-szafy-warsztatowe","8":"product_tag-swm-205","9":"product_tag-szafa-metalowa","10":"product_tag-szafa-narzedziowa","11":"product_tag-szafa-solidna","12":"product_tag-szafa-swp-232p","13":"product_tag-szafa-warsztatowa","14":"product_tag-szafa-warsztatowa-z-pojemnikami","15":"entry","17":"first","18":"instock","19":"shipping-taxable","20":"product-type-simple"},"_links":{"self":[{"href":"https:\/\/www.metal-styl.com\/index.php\/wp-json\/wp\/v2\/product\/2972","targetHints":{"allow":["GET"]}}],"collection":[{"href":"https:\/\/www.metal-styl.com\/index.php\/wp-json\/wp\/v2\/product"}],"about":[{"href":"https:\/\/www.metal-styl.com\/index.php\/wp-json\/wp\/v2\/types\/product"}],"replies":[{"embeddable":true,"href":"https:\/\/www.metal-styl.com\/index.php\/wp-json\/wp\/v2\/comments?post=2972"}],"version-history":[{"count":1,"href":"https:\/\/www.metal-styl.com\/index.php\/wp-json\/wp\/v2\/product\/2972\/revisions"}],"predecessor-version":[{"id":2975,"href":"https:\/\/www.metal-styl.com\/index.php\/wp-json\/wp\/v2\/product\/2972\/revisions\/2975"}],"wp:featuredmedia":[{"embeddable":true,"href":"https:\/\/www.metal-styl.com\/index.php\/wp-json\/wp\/v2\/media\/2973"}],"wp:attachment":[{"href":"https:\/\/www.metal-styl.com\/index.php\/wp-json\/wp\/v2\/media?parent=2972"}],"wp:term":[{"taxonomy":"product_cat","embeddable":true,"href":"https:\/\/www.metal-styl.com\/index.php\/wp-json\/wp\/v2\/product_cat?post=2972"},{"taxonomy":"product_tag","embeddable":true,"href":"https:\/\/www.metal-styl.com\/index.php\/wp-json\/wp\/v2\/product_tag?post=2972"},{"taxonomy":"yst_prominent_words","embeddable":true,"href":"https:\/\/www.metal-styl.com\/index.php\/wp-json\/wp\/v2\/yst_prominent_words?post=2972"}],"curies":[{"name":"wp","href":"https:\/\/api.w.org\/{rel}","templated":true}]}}