{"id":2983,"date":"2020-02-11T10:43:34","date_gmt":"2020-02-11T10:43:34","guid":{"rendered":"https:\/\/www.metal-styl.com\/?post_type=product&#038;p=2983"},"modified":"2020-02-11T10:52:59","modified_gmt":"2020-02-11T10:52:59","slug":"szafka-warsztatowamagazynowa-wiszaca","status":"publish","type":"product","link":"https:\/\/www.metal-styl.com\/index.php\/produkt\/szafka-warsztatowamagazynowa-wiszaca\/","title":{"rendered":"Szafka warsztatowa,magazynowa wisz\u0105ca z 2 p\u00f3\u0142kami SWW-2D-P-120"},"content":{"rendered":"<div id=\"idTab1\" class=\"rte\">\n<p><span style=\"color: #800000;\"><strong>Szafka warsztatowa, magazynowa wisz\u0105ca zamykana z p\u00f3\u0142kami i perforacj\u0105 SWW-2D-P-120 2-drzwiowa<\/strong><\/span><\/p>\n<p><strong>Wymiary: wys\/szer\/g\u0142 600x1200x200mm<\/strong><\/p>\n<\/div>\n<p>Opis: \u00a0Szafka warsztatowa wisz\u0105ca zamykana z p\u00f3\u0142kami i perforacj\u0105.<\/p>\n<p>Drzwiczki szafki z perforacj\u0105 na zawiesia, zamykane na kluczyk ( w komplecie 2 kluczyki do ka\u017cdego zamka).<\/p>\n<p>Szafka posiada dwoje drzwi oraz otwarte p\u00f3\u0142ki na drobiazgi.<\/p>\n<p>W wyposa\u017ceniu szafki po osiem ocynkowanych haczyk\u00f3w d\u0142ugo\u015bci 145, 120, 85 mm oraz cztery p\u00f3\u0142ki.<\/p>\n<p>Szafka dostarczana jest w elementach do \u0142atwego monta\u017cu.<\/p>\n<p>Szafa malowana trwa\u0142ymi farbami proszkowymi w kolorze wg. Palety Ral<\/p>\n<p>Oferta cenowa dotyczy koloru: Ral 7035 popielato-platynowy\u00a0<img decoding=\"async\" src=\"http:\/\/www.sklep.metal-styl.com\/img\/cms\/7035.jpg\" alt=\"Ral 7035\" width=\"25\" height=\"25\" \/><\/p>\n<div id=\"idTab1\" class=\"rte\">\n<p>Mo\u017cliwo\u015b\u0107 wykonania szafy w innych rozmiarach w innych kolorach oraz wg indywidualnych potrzeb klienta. W celu wyceny prosimy o przes\u0142anie do nas maila na adres biuro@metal-styl.com z zapytaniem ofertowym oraz przedstawieniem Pa\u0144stwa potrzeb i oczekiwa\u0144 wobec produktu.<\/p>\n<\/div>\n","protected":false},"excerpt":{"rendered":"<p><strong>Wymiary: wys\/szer\/g\u0142 600x1200x200mm<\/strong><\/p>\n","protected":false},"featured_media":2985,"comment_status":"open","ping_status":"closed","template":"","meta":[],"product_cat":[39,40],"product_tag":[360,359,365,361,358,367,370,369,372,373,374,368,371],"yst_prominent_words":[1626,1629,1617,874,395,394,407,1624,487,1627,393,1628,1625,1615,875,1623,1616],"class_list":{"0":"post-2983","1":"product","2":"type-product","3":"status-publish","4":"has-post-thumbnail","6":"product_cat-meble-warsztatowe","7":"product_cat-szafy-warsztatowe","8":"product_tag-szafa-metalowa","9":"product_tag-szafa-narzedziowa","10":"product_tag-szafa-sns","11":"product_tag-szafa-solidna","12":"product_tag-szafa-warsztatowa","13":"product_tag-szafka-metalowa","14":"product_tag-szafka-na-narzedzia","15":"product_tag-szafka-narzedziowa","16":"product_tag-szafka-narzedziowa-z-perforacja","17":"product_tag-szafka-snw","18":"product_tag-szafka-sww-2p-80","19":"product_tag-szafka-warsztatowa","20":"product_tag-szafka-warsztatowa-wiszaca","21":"entry","23":"first","24":"instock","25":"shipping-taxable","26":"product-type-simple"},"_links":{"self":[{"href":"https:\/\/www.metal-styl.com\/index.php\/wp-json\/wp\/v2\/product\/2983","targetHints":{"allow":["GET"]}}],"collection":[{"href":"https:\/\/www.metal-styl.com\/index.php\/wp-json\/wp\/v2\/product"}],"about":[{"href":"https:\/\/www.metal-styl.com\/index.php\/wp-json\/wp\/v2\/types\/product"}],"replies":[{"embeddable":true,"href":"https:\/\/www.metal-styl.com\/index.php\/wp-json\/wp\/v2\/comments?post=2983"}],"version-history":[{"count":3,"href":"https:\/\/www.metal-styl.com\/index.php\/wp-json\/wp\/v2\/product\/2983\/revisions"}],"predecessor-version":[{"id":2987,"href":"https:\/\/www.metal-styl.com\/index.php\/wp-json\/wp\/v2\/product\/2983\/revisions\/2987"}],"wp:featuredmedia":[{"embeddable":true,"href":"https:\/\/www.metal-styl.com\/index.php\/wp-json\/wp\/v2\/media\/2985"}],"wp:attachment":[{"href":"https:\/\/www.metal-styl.com\/index.php\/wp-json\/wp\/v2\/media?parent=2983"}],"wp:term":[{"taxonomy":"product_cat","embeddable":true,"href":"https:\/\/www.metal-styl.com\/index.php\/wp-json\/wp\/v2\/product_cat?post=2983"},{"taxonomy":"product_tag","embeddable":true,"href":"https:\/\/www.metal-styl.com\/index.php\/wp-json\/wp\/v2\/product_tag?post=2983"},{"taxonomy":"yst_prominent_words","embeddable":true,"href":"https:\/\/www.metal-styl.com\/index.php\/wp-json\/wp\/v2\/yst_prominent_words?post=2983"}],"curies":[{"name":"wp","href":"https:\/\/api.w.org\/{rel}","templated":true}]}}