{"id":2988,"date":"2020-02-11T10:54:07","date_gmt":"2020-02-11T10:54:07","guid":{"rendered":"https:\/\/www.metal-styl.com\/?post_type=product&#038;p=2988"},"modified":"2022-05-30T07:57:03","modified_gmt":"2022-05-30T07:57:03","slug":"szafka-warsztatowamagazynowa-wiszaca-sww-2d-p","status":"publish","type":"product","link":"https:\/\/www.metal-styl.com\/index.php\/produkt\/szafka-warsztatowamagazynowa-wiszaca-sww-2d-p\/","title":{"rendered":"Szafka warsztatowa,magazynowa wisz\u0105ca z 4 p\u00f3\u0142kami SWW-2D-P"},"content":{"rendered":"<div id=\"idTab1\" class=\"rte\">\n<p><span style=\"color: #800000;\"><strong>Szafka warsztatowa wisz\u0105ca z 4 p\u00f3\u0142kami i perforacj\u0105 SWW-2D-P 2 &#8211; drzwiowa<\/strong><\/span><\/p>\n<p><strong>Wymiary: wy\/szer\/g\u0142 600x800x200mm<\/strong><\/p>\n<\/div>\n<p>Opis: \u00a0Szafka warsztatowa wisz\u0105ca zamykana z p\u00f3\u0142kami i perforacj\u0105 &#8211; 2 drzwiowa. Drzwiczki szafki z perforacj\u0105 na zawiesia zamykane na kluczyk ( w komplecie 2 kluczyki). W wyposa\u017ceniu szafek znajduje si\u0119: 6 ocynkowanych haczyk\u00f3w d\u0142ugo\u015bci 120mm + 8 haczyk\u00f3w d\u0142. 145mm oraz 4 p\u00f3\u0142ki.<\/p>\n<p>Szafka dostarczana jest w elementach do \u0142atwego monta\u017cu.<\/p>\n<p>Szafa malowana trwa\u0142ymi farbami proszkowymi w kolorze wg. Palety Ral<\/p>\n<p>Oferta cenowa dotyczy koloru: Ral 7035 popielato-platynowy<\/p>\n<div id=\"idTab1\" class=\"rte\">\n<p>Mo\u017cliwo\u015b\u0107 wykonania szafy w innych rozmiarach w innych kolorach oraz wg indywidualnych potrzeb klienta. W celu wyceny prosimy o przes\u0142anie do nas maila na adres biuro@metal-styl.com z zapytaniem ofertowym oraz przedstawieniem Pa\u0144stwa potrzeb i oczekiwa\u0144 wobec produktu.<\/p>\n<\/div>\n","protected":false},"excerpt":{"rendered":"<p><strong>Wymiary: wy\/szer\/g\u0142\u00a0600x800x200mm<\/strong><\/p>\n","protected":false},"featured_media":2992,"comment_status":"open","ping_status":"closed","template":"","meta":[],"product_cat":[39,40],"product_tag":[1652,360,359,361,358,367,370,369,368,371],"yst_prominent_words":[1646,1647,1649,2638,2636,2637,1626,1629,395,394,407,1624,1610,2635,1627,1639,393,1628],"class_list":{"0":"post-2988","1":"product","2":"type-product","3":"status-publish","4":"has-post-thumbnail","6":"product_cat-meble-warsztatowe","7":"product_cat-szafy-warsztatowe","8":"product_tag-sww-2d-p","9":"product_tag-szafa-metalowa","10":"product_tag-szafa-narzedziowa","11":"product_tag-szafa-solidna","12":"product_tag-szafa-warsztatowa","13":"product_tag-szafka-metalowa","14":"product_tag-szafka-na-narzedzia","15":"product_tag-szafka-narzedziowa","16":"product_tag-szafka-warsztatowa","17":"product_tag-szafka-warsztatowa-wiszaca","18":"entry","20":"first","21":"instock","22":"shipping-taxable","23":"product-type-simple"},"_links":{"self":[{"href":"https:\/\/www.metal-styl.com\/index.php\/wp-json\/wp\/v2\/product\/2988","targetHints":{"allow":["GET"]}}],"collection":[{"href":"https:\/\/www.metal-styl.com\/index.php\/wp-json\/wp\/v2\/product"}],"about":[{"href":"https:\/\/www.metal-styl.com\/index.php\/wp-json\/wp\/v2\/types\/product"}],"replies":[{"embeddable":true,"href":"https:\/\/www.metal-styl.com\/index.php\/wp-json\/wp\/v2\/comments?post=2988"}],"version-history":[{"count":5,"href":"https:\/\/www.metal-styl.com\/index.php\/wp-json\/wp\/v2\/product\/2988\/revisions"}],"predecessor-version":[{"id":4345,"href":"https:\/\/www.metal-styl.com\/index.php\/wp-json\/wp\/v2\/product\/2988\/revisions\/4345"}],"wp:featuredmedia":[{"embeddable":true,"href":"https:\/\/www.metal-styl.com\/index.php\/wp-json\/wp\/v2\/media\/2992"}],"wp:attachment":[{"href":"https:\/\/www.metal-styl.com\/index.php\/wp-json\/wp\/v2\/media?parent=2988"}],"wp:term":[{"taxonomy":"product_cat","embeddable":true,"href":"https:\/\/www.metal-styl.com\/index.php\/wp-json\/wp\/v2\/product_cat?post=2988"},{"taxonomy":"product_tag","embeddable":true,"href":"https:\/\/www.metal-styl.com\/index.php\/wp-json\/wp\/v2\/product_tag?post=2988"},{"taxonomy":"yst_prominent_words","embeddable":true,"href":"https:\/\/www.metal-styl.com\/index.php\/wp-json\/wp\/v2\/yst_prominent_words?post=2988"}],"curies":[{"name":"wp","href":"https:\/\/api.w.org\/{rel}","templated":true}]}}