{"id":299,"date":"2019-11-26T15:05:40","date_gmt":"2019-11-26T15:05:40","guid":{"rendered":"http:\/\/metalsty.cluster014.ovh.net\/pixel\/?post_type=product&#038;p=299"},"modified":"2020-01-03T12:42:30","modified_gmt":"2020-01-03T12:42:30","slug":"dwurzedowa-szafa-kartotekowa-formatu-b5-czteroszufladowa-mk-2xb5-4s","status":"publish","type":"product","link":"https:\/\/www.metal-styl.com\/index.php\/produkt\/dwurzedowa-szafa-kartotekowa-formatu-b5-czteroszufladowa-mk-2xb5-4s\/","title":{"rendered":"2-rz\u0119dowa 4-szufladowa Szafa kartotekowa formatu B5, MK-2xB5\/4S"},"content":{"rendered":"<div id=\"idTab1\" class=\"rte\">\n<p><span style=\"color: #800000;\"><strong>DWURZ\u0118DOWA Szafa kartotekowa formatu B5, czteroszufladowa, MK-2xB5\/4S<\/strong><\/span><\/p>\n<p><strong>Wymiary: wys\/szer\/g\u0142 935x640x630mm<br \/>\n<\/strong><\/p>\n<p>Opis:Szafa kartotekowa &#8211; DWURZ\u0118DOWA, 4 szufladowa Formatu B5<\/p>\n<p>Szafa przeznaczona do przechowywania DW\u00d3CH RZ\u0118D\u00d3W dokument\u00f3w Formatu B5.<\/p>\n<p>Ka\u017cda szuflada o dopuszczalnej no\u015bno\u015bci 70kg<\/p>\n<p>Grubo\u015b\u0107 blachy wykorzystywanej do produkcji tych solidnych szaf to 0,6mm &#8211; 1,5mm<\/p>\n<p>Szafka zamykana jest na kluczyk zamkiem patentowym ( w komplecie 2 kluczyki)<\/p>\n<p>Aby zapewni\u0107 bezpiecze\u0144stwo u\u017cytkowania szafek zastosowali\u015bmy zamykanie centralne szuflad co uniemo\u017cliwia wysuni\u0119cie w jednym czasie wi\u0119cej ni\u017c jednej szuflady<\/p>\n<p>Szuflady otwieraj\u0105 si\u0119 za pomoc\u0105 poziomych uchwyt\u00f3w z odpowiednio wygi\u0119tej blachy na ca\u0142ej szeroko\u015bci frontu szuflady<\/p>\n<p>Na ka\u017cdej szufladzie wyt\u0142oczone jest miejsce na wizytownik<\/p>\n<p>Ka\u017cda szafa kartotekowa posiada regulowane stopki umo\u017cliwiaj\u0105ce wypoziomowanie jej na nier\u00f3wnych powierzchniach<\/p>\n<p>Szafa malowana trwa\u0142ymi farbami proszkowymi w kolorze wg. Palety RAL<\/p>\n<p>Oferta cenowa dotyczy koloru: Ral 7035 popielato-platynowy<\/p>\n<p>Mo\u017cliwo\u015b\u0107 wykonania szafy w innych rozmiarach w innych kolorach oraz wg indywidualnych potrzeb klienta. W celu wyceny prosimy o przes\u0142anie do nas maila na adres biuro@metal-styl.com z zapytaniem ofertowym oraz przedstawieniem Pa\u0144stwa potrzeb i oczekiwa\u0144 wobec produktu.<\/p>\n<\/div>\n","protected":false},"excerpt":{"rendered":"<p><span style=\"color: #800000;\"><strong>DWURZ\u0118DOWA Szafa kartotekowa formatu B5, czteroszufladowa, MK-2xB5\/4S<\/strong><\/span><\/p>\n<p><span style=\"color: #000000;\"><strong>Wymiary: wys\/szer\/g\u0142 935x640x630mm<br \/>\n<\/strong><\/span><\/p>\n","protected":false},"featured_media":761,"comment_status":"open","ping_status":"closed","template":"","meta":[],"product_cat":[26,29],"product_tag":[127,120,121,113,112,128,114,115],"yst_prominent_words":[389,392,391,388,384,387,395,394,386,385,390,393],"class_list":{"0":"post-299","1":"product","2":"type-product","3":"status-publish","4":"has-post-thumbnail","6":"product_cat-meble-biurowe-metalowe","7":"product_cat-szafy-kartotekowe","8":"product_tag-mk-2xb5-4s","9":"product_tag-szafa-4-szufladowa","10":"product_tag-szafa-czteroszufladowa","11":"product_tag-szafa-dwurzedowa-szufladowa","12":"product_tag-szafa-kartotekowa","13":"product_tag-szafka-format-b5","14":"product_tag-szafka-na-kartoteki","15":"product_tag-szafka-z-szufladami","16":"entry","18":"first","19":"instock","20":"shipping-taxable","21":"product-type-simple"},"_links":{"self":[{"href":"https:\/\/www.metal-styl.com\/index.php\/wp-json\/wp\/v2\/product\/299","targetHints":{"allow":["GET"]}}],"collection":[{"href":"https:\/\/www.metal-styl.com\/index.php\/wp-json\/wp\/v2\/product"}],"about":[{"href":"https:\/\/www.metal-styl.com\/index.php\/wp-json\/wp\/v2\/types\/product"}],"replies":[{"embeddable":true,"href":"https:\/\/www.metal-styl.com\/index.php\/wp-json\/wp\/v2\/comments?post=299"}],"version-history":[{"count":4,"href":"https:\/\/www.metal-styl.com\/index.php\/wp-json\/wp\/v2\/product\/299\/revisions"}],"predecessor-version":[{"id":806,"href":"https:\/\/www.metal-styl.com\/index.php\/wp-json\/wp\/v2\/product\/299\/revisions\/806"}],"wp:featuredmedia":[{"embeddable":true,"href":"https:\/\/www.metal-styl.com\/index.php\/wp-json\/wp\/v2\/media\/761"}],"wp:attachment":[{"href":"https:\/\/www.metal-styl.com\/index.php\/wp-json\/wp\/v2\/media?parent=299"}],"wp:term":[{"taxonomy":"product_cat","embeddable":true,"href":"https:\/\/www.metal-styl.com\/index.php\/wp-json\/wp\/v2\/product_cat?post=299"},{"taxonomy":"product_tag","embeddable":true,"href":"https:\/\/www.metal-styl.com\/index.php\/wp-json\/wp\/v2\/product_tag?post=299"},{"taxonomy":"yst_prominent_words","embeddable":true,"href":"https:\/\/www.metal-styl.com\/index.php\/wp-json\/wp\/v2\/yst_prominent_words?post=299"}],"curies":[{"name":"wp","href":"https:\/\/api.w.org\/{rel}","templated":true}]}}