{"id":2994,"date":"2020-02-11T11:06:12","date_gmt":"2020-02-11T11:06:12","guid":{"rendered":"https:\/\/www.metal-styl.com\/?post_type=product&#038;p=2994"},"modified":"2020-02-11T11:17:08","modified_gmt":"2020-02-11T11:17:08","slug":"szafka-warsztatowamagazynowa-wiszaca-sww-3d","status":"publish","type":"product","link":"https:\/\/www.metal-styl.com\/index.php\/produkt\/szafka-warsztatowamagazynowa-wiszaca-sww-3d\/","title":{"rendered":"Szafka warsztatowa,magazynowa wisz\u0105ca z p\u00f3\u0142kami SWW-3D"},"content":{"rendered":"<div id=\"idTab1\" class=\"rte\">\n<p><span style=\"color: #800000;\"><strong>Szafka warsztatowa, magazynowa wisz\u0105ca zamykana z p\u00f3\u0142kami i perforacj\u0105 SWW-3D 3-drzwiowa<\/strong><\/span><\/p>\n<p><strong>Wymiary: wys\/szer\/g\u0142 750x1200x200mm<\/strong><\/p>\n<\/div>\n<p>Opis: \u00a0Szafka warsztatowa wisz\u0105ca z p\u00f3\u0142kami i perforacj\u0105.<\/p>\n<p>Drzwiczki szafki zamykane na kluczyk ( w komplecie 2 kluczyki do ka\u017cdego zamka).<\/p>\n<p>Perforacja na zawiesia wykonana na drzwiczkach i tylnej \u015bcianie szafki.<\/p>\n<p>3 drzwiczki oraz otwarte p\u00f3\u0142ki na drobiazgi.<\/p>\n<p>W wyposa\u017ceniu szafek znajduje si\u0119: 6 uchwyt\u00f3w z blachy o gr. 0,8mm, 3 uchwyty z blachy o gr. 1,5mm oraz dwa ocynkowane haczyki.<\/p>\n<p>Szafka dostarczana jest w elementach do \u0142atwego monta\u017cu.<\/p>\n<p>Szafa malowana trwa\u0142ymi farbami proszkowymi w kolorze wg. Palety Ral<\/p>\n<p>Oferta cenowa dotyczy koloru: Ral 7035 popielato-platynowy<\/p>\n<div id=\"idTab1\" class=\"rte\">\n<p>Mo\u017cliwo\u015b\u0107 wykonania szafy w innych rozmiarach w innych kolorach oraz wg indywidualnych potrzeb klienta. W celu wyceny prosimy o przes\u0142anie do nas maila na adres biuro@metal-styl.com z zapytaniem ofertowym oraz przedstawieniem Pa\u0144stwa potrzeb i oczekiwa\u0144 wobec produktu.<\/p>\n<\/div>\n","protected":false},"excerpt":{"rendered":"<p><strong>Wymiary: wys\/szer\/g\u0142 750x1200x200mm<\/strong><\/p>\n","protected":false},"featured_media":2998,"comment_status":"open","ping_status":"closed","template":"","meta":[],"product_cat":[39,40],"product_tag":[1676,360,359,361,358,367,370,369,372,368,371],"yst_prominent_words":[392,1671,1314,797,1626,1629,1617,395,394,407,1624,487,1627,393,1628],"class_list":{"0":"post-2994","1":"product","2":"type-product","3":"status-publish","4":"has-post-thumbnail","6":"product_cat-meble-warsztatowe","7":"product_cat-szafy-warsztatowe","8":"product_tag-sww-3d","9":"product_tag-szafa-metalowa","10":"product_tag-szafa-narzedziowa","11":"product_tag-szafa-solidna","12":"product_tag-szafa-warsztatowa","13":"product_tag-szafka-metalowa","14":"product_tag-szafka-na-narzedzia","15":"product_tag-szafka-narzedziowa","16":"product_tag-szafka-narzedziowa-z-perforacja","17":"product_tag-szafka-warsztatowa","18":"product_tag-szafka-warsztatowa-wiszaca","19":"entry","21":"first","22":"instock","23":"shipping-taxable","24":"product-type-simple"},"_links":{"self":[{"href":"https:\/\/www.metal-styl.com\/index.php\/wp-json\/wp\/v2\/product\/2994","targetHints":{"allow":["GET"]}}],"collection":[{"href":"https:\/\/www.metal-styl.com\/index.php\/wp-json\/wp\/v2\/product"}],"about":[{"href":"https:\/\/www.metal-styl.com\/index.php\/wp-json\/wp\/v2\/types\/product"}],"replies":[{"embeddable":true,"href":"https:\/\/www.metal-styl.com\/index.php\/wp-json\/wp\/v2\/comments?post=2994"}],"version-history":[{"count":3,"href":"https:\/\/www.metal-styl.com\/index.php\/wp-json\/wp\/v2\/product\/2994\/revisions"}],"predecessor-version":[{"id":2999,"href":"https:\/\/www.metal-styl.com\/index.php\/wp-json\/wp\/v2\/product\/2994\/revisions\/2999"}],"wp:featuredmedia":[{"embeddable":true,"href":"https:\/\/www.metal-styl.com\/index.php\/wp-json\/wp\/v2\/media\/2998"}],"wp:attachment":[{"href":"https:\/\/www.metal-styl.com\/index.php\/wp-json\/wp\/v2\/media?parent=2994"}],"wp:term":[{"taxonomy":"product_cat","embeddable":true,"href":"https:\/\/www.metal-styl.com\/index.php\/wp-json\/wp\/v2\/product_cat?post=2994"},{"taxonomy":"product_tag","embeddable":true,"href":"https:\/\/www.metal-styl.com\/index.php\/wp-json\/wp\/v2\/product_tag?post=2994"},{"taxonomy":"yst_prominent_words","embeddable":true,"href":"https:\/\/www.metal-styl.com\/index.php\/wp-json\/wp\/v2\/yst_prominent_words?post=2994"}],"curies":[{"name":"wp","href":"https:\/\/api.w.org\/{rel}","templated":true}]}}