{"id":3051,"date":"2020-02-13T11:03:32","date_gmt":"2020-02-13T11:03:32","guid":{"rendered":"https:\/\/www.metal-styl.com\/?post_type=product&#038;p=3051"},"modified":"2020-02-13T11:05:53","modified_gmt":"2020-02-13T11:05:53","slug":"biurko-b63b-o-szer-1800mm","status":"publish","type":"product","link":"https:\/\/www.metal-styl.com\/index.php\/produkt\/biurko-b63b-o-szer-1800mm\/","title":{"rendered":"Biurko B63B o szer.1800mm"},"content":{"rendered":"<p><span style=\"color: #800000;\"><strong><span style=\"color: #800000;\">Solidne Biurko TULUZA na stela\u017cu p\u0142ycinowym &#8211; B63B &#8211; prz\u00f3d zabudowany<\/span><br \/>\n<\/strong><\/span><\/p>\n<p><strong>Wymiary: szer\/g\u0142\/wys 1800x800x740mm<\/strong><\/p>\n<p>Wyposa\u017cenie: Sk\u0142ada si\u0119 z grubego blatu zabezpieczonego obrze\u017cem PCV oraz stabilnej podstawy.<\/p>\n<p>&#8211; biurko posiada blat w kszta\u0142cie prostok\u0105tnym<br \/>\n&#8211; blat biurka gr. 38mm<br \/>\n&#8211; blat biurka lekko uniesiony, mocowany na k\u0105townikach w kolorze antracytu<br \/>\n&#8211; boki biurka gr. 28mm, obrze\u017ce gr. 2mm, \u0142\u0105czyna gr. 18mm &#8211; kr\u00f3tka<br \/>\n&#8211; biurko posiada regulatory poziomu w zakresie do 15mm<br \/>\n&#8211; istnieje mo\u017cliwo\u015b\u0107 zamontowania przelotki na kable<\/p>\n<p>&#8211; melaminowana p\u0142yta meblowa z kt\u00f3rej jest wykonane biurko posiada atest higieniczno\u015bci w klasie E1<br \/>\n(klasa E1 oznacza \u017ce p\u0142yta meblowa jest przyjazna dla \u015brodowiska i ludzi.)<\/p>\n<p>&#8211; warto\u015bci parametr\u00f3w fizykochemicznych s\u0105 zgodne z norm\u0105 EN14322<br \/>\n&#8211; meble przeznaczone do u\u017cytkowania w suchych pomieszczeniach<br \/>\n&#8211; kolorystyka Tabacco new beech<br \/>\n&#8211; gwarancja : 24 miesi\u0105ce<\/p>\n<p>&nbsp;<\/p>\n<p>Termin realizacji: 2-10 dni roboczych w zale\u017cno\u015bci od dost\u0119pno\u015bci produktu oraz kolorystyki. W celu ustalenia terminu realizacji zam\u00f3wienia ka\u017cdorazowo prosimy o kontakt z biurem.<\/p>\n","protected":false},"excerpt":{"rendered":"<p><strong>Wymiary: szer\/g\u0142\/wys 1800x800x740mm<\/strong><\/p>\n","protected":false},"featured_media":3052,"comment_status":"open","ping_status":"closed","template":"","meta":[],"product_cat":[1480,22,25],"product_tag":[1680,711,1510,1511,966,1507],"yst_prominent_words":[694,1496,707,1494,581,1495,1505,797,1504,1503,1498,796,730],"class_list":{"0":"post-3051","1":"product","2":"type-product","3":"status-publish","4":"has-post-thumbnail","6":"product_cat-biurka-tuluza","7":"product_cat-meble-biurowe-zestawy","8":"product_cat-tuluza","9":"product_tag-biurko-b63b","10":"product_tag-biurko-meble-odnowa","11":"product_tag-biurko-o-szerokosci-1800mm","12":"product_tag-biurko-o-szerokosci-180cm","13":"product_tag-biurko-odnowa","14":"product_tag-biurko-tuluza","15":"entry","17":"first","18":"instock","19":"shipping-taxable","20":"product-type-simple"},"_links":{"self":[{"href":"https:\/\/www.metal-styl.com\/index.php\/wp-json\/wp\/v2\/product\/3051","targetHints":{"allow":["GET"]}}],"collection":[{"href":"https:\/\/www.metal-styl.com\/index.php\/wp-json\/wp\/v2\/product"}],"about":[{"href":"https:\/\/www.metal-styl.com\/index.php\/wp-json\/wp\/v2\/types\/product"}],"replies":[{"embeddable":true,"href":"https:\/\/www.metal-styl.com\/index.php\/wp-json\/wp\/v2\/comments?post=3051"}],"version-history":[{"count":1,"href":"https:\/\/www.metal-styl.com\/index.php\/wp-json\/wp\/v2\/product\/3051\/revisions"}],"predecessor-version":[{"id":3053,"href":"https:\/\/www.metal-styl.com\/index.php\/wp-json\/wp\/v2\/product\/3051\/revisions\/3053"}],"wp:featuredmedia":[{"embeddable":true,"href":"https:\/\/www.metal-styl.com\/index.php\/wp-json\/wp\/v2\/media\/3052"}],"wp:attachment":[{"href":"https:\/\/www.metal-styl.com\/index.php\/wp-json\/wp\/v2\/media?parent=3051"}],"wp:term":[{"taxonomy":"product_cat","embeddable":true,"href":"https:\/\/www.metal-styl.com\/index.php\/wp-json\/wp\/v2\/product_cat?post=3051"},{"taxonomy":"product_tag","embeddable":true,"href":"https:\/\/www.metal-styl.com\/index.php\/wp-json\/wp\/v2\/product_tag?post=3051"},{"taxonomy":"yst_prominent_words","embeddable":true,"href":"https:\/\/www.metal-styl.com\/index.php\/wp-json\/wp\/v2\/yst_prominent_words?post=3051"}],"curies":[{"name":"wp","href":"https:\/\/api.w.org\/{rel}","templated":true}]}}