{"id":3054,"date":"2020-02-13T11:22:57","date_gmt":"2020-02-13T11:22:57","guid":{"rendered":"https:\/\/www.metal-styl.com\/?post_type=product&#038;p=3054"},"modified":"2020-02-13T11:25:20","modified_gmt":"2020-02-13T11:25:20","slug":"kontener-przybiurkowy-k63b","status":"publish","type":"product","link":"https:\/\/www.metal-styl.com\/index.php\/produkt\/kontener-przybiurkowy-k63b\/","title":{"rendered":"Kontener przybiurkowy K63B"},"content":{"rendered":"<p><span style=\"color: #800000;\"><strong>Kontener przybiurkowy K63B<\/strong><\/span><\/p>\n<p><strong>Wymiary: szer\/g\u0142\/wys 1150x450x655<br \/>\n<\/strong><\/p>\n<div id=\"description\" class=\"tab-pane fade show active\" role=\"tabpanel\" aria-labelledby=\"description-tab\">\n<p>&#8211; kontener funkcjonuje jako pomocnik do biurek<br \/>\n&#8211; kontener mobilny na k\u00f3\u0142kach, posiada 3 szuflady (dwie p\u0142ytsze, jedna g\u0142\u0119boka)<br \/>\n&#8211; drzwiczki zamykaj\u0105ce boczne p\u00f3\u0142ki &#8211; w zale\u017cno\u015bci od typu kontenera<br \/>\n&#8211; blat kontenera gr. 38mm ( g\u00f3rna cz\u0119\u015b\u0107 blatu 28mm, dolna cz\u0119\u015b\u0107 lekko cofni\u0119ta , obrze\u017ce gr. 2mm )<br \/>\n&#8211; dolna podstawa i boki gr. 28mm , obrze\u017ce gr. 2mm<br \/>\n&#8211; fronty szuflad i dno wykonane z p\u0142yty meblowej gr. 18mm<br \/>\n&#8211; system szuflad typu Metabox (boczki szuflad metalowe malowane proszkowo)<br \/>\n&#8211; g\u00f3rna szuflada zamykana zamkiem patentowym, dwie dolne nie zamykane<br \/>\n&#8211; k\u00f3\u0142ka z oponk\u0105 gumow\u0105 , \u0142o\u017cyskowane z hamulcem<\/p>\n<p>&#8211; melaminowana p\u0142yta meblowa z kt\u00f3rej wykonany jest kontener posiada atest higieniczno\u015bci w klasie E1<br \/>\n(klasa E1 oznacza \u017ce p\u0142yta meblowa jest przyjazna dla \u015brodowiska i ludzi.)<\/p>\n<p>&#8211; warto\u015bci parametr\u00f3w fizykochemicznych s\u0105 zgodne z norm\u0105 EN14322<br \/>\n&#8211; meble przeznaczone do u\u017cytkowania w suchych pomieszczeniach &#8211; kolorystyka Tabacco new beech &#8211; gwarancja : 24 miesi\u0105ce<\/p>\n<\/div>\n<div class=\"tab-pane fade show active\" role=\"tabpanel\" aria-labelledby=\"description-tab\">Termin realizacji: 2-10 dni roboczych. W celu ustalenia terminu realizacji zam\u00f3wienia ka\u017cdorazowo prosimy o kontakt z biurem.<\/div>\n<div id=\"howToOrder\" class=\"tab-pane fade\" role=\"tabpanel\" aria-labelledby=\"features-tab\">\n<table class=\"table-data-sheet\">\n<tbody>\n<tr class=\"odd\">\n<td><\/td>\n<td><\/td>\n<\/tr>\n<tr class=\"even\">\n<td><\/td>\n<td><\/td>\n<\/tr>\n<\/tbody>\n<\/table>\n<\/div>\n","protected":false},"excerpt":{"rendered":"<p>Wymiary: szer\/g\u0142\/wys 1150x450x655<\/p>\n","protected":false},"featured_media":3055,"comment_status":"open","ping_status":"closed","template":"","meta":[],"product_cat":[1483,25],"product_tag":[1682,1681,1066,828,1070,1532],"yst_prominent_words":[1499,1502,1530,1505,1529,797,821,1534,1504,1501,1497,1503,1498,796,730,1527,1049],"class_list":{"0":"post-3054","1":"product","2":"type-product","3":"status-publish","4":"has-post-thumbnail","6":"product_cat-kontenery-tuluza","7":"product_cat-tuluza","8":"product_tag-k63b","9":"product_tag-k63b-kontener","10":"product_tag-kontener-biurowy","11":"product_tag-kontenerek-przybiurkowy","12":"product_tag-meble-biurowe","13":"product_tag-pomocnik-do-biura","14":"entry","16":"first","17":"instock","18":"shipping-taxable","19":"product-type-simple"},"_links":{"self":[{"href":"https:\/\/www.metal-styl.com\/index.php\/wp-json\/wp\/v2\/product\/3054","targetHints":{"allow":["GET"]}}],"collection":[{"href":"https:\/\/www.metal-styl.com\/index.php\/wp-json\/wp\/v2\/product"}],"about":[{"href":"https:\/\/www.metal-styl.com\/index.php\/wp-json\/wp\/v2\/types\/product"}],"replies":[{"embeddable":true,"href":"https:\/\/www.metal-styl.com\/index.php\/wp-json\/wp\/v2\/comments?post=3054"}],"version-history":[{"count":1,"href":"https:\/\/www.metal-styl.com\/index.php\/wp-json\/wp\/v2\/product\/3054\/revisions"}],"predecessor-version":[{"id":3056,"href":"https:\/\/www.metal-styl.com\/index.php\/wp-json\/wp\/v2\/product\/3054\/revisions\/3056"}],"wp:featuredmedia":[{"embeddable":true,"href":"https:\/\/www.metal-styl.com\/index.php\/wp-json\/wp\/v2\/media\/3055"}],"wp:attachment":[{"href":"https:\/\/www.metal-styl.com\/index.php\/wp-json\/wp\/v2\/media?parent=3054"}],"wp:term":[{"taxonomy":"product_cat","embeddable":true,"href":"https:\/\/www.metal-styl.com\/index.php\/wp-json\/wp\/v2\/product_cat?post=3054"},{"taxonomy":"product_tag","embeddable":true,"href":"https:\/\/www.metal-styl.com\/index.php\/wp-json\/wp\/v2\/product_tag?post=3054"},{"taxonomy":"yst_prominent_words","embeddable":true,"href":"https:\/\/www.metal-styl.com\/index.php\/wp-json\/wp\/v2\/yst_prominent_words?post=3054"}],"curies":[{"name":"wp","href":"https:\/\/api.w.org\/{rel}","templated":true}]}}