{"id":3212,"date":"2020-02-14T14:48:25","date_gmt":"2020-02-14T14:48:25","guid":{"rendered":"https:\/\/www.metal-styl.com\/?post_type=product&#038;p=3212"},"modified":"2020-02-14T14:51:25","modified_gmt":"2020-02-14T14:51:25","slug":"biurko-profilowane-silver-bn-140-l-szer-1400mm-lewe-3","status":"publish","type":"product","link":"https:\/\/www.metal-styl.com\/index.php\/produkt\/biurko-profilowane-silver-bn-140-l-szer-1400mm-lewe-3\/","title":{"rendered":"Biurko profilowane Silver BN-140L szer.1400mm lewe"},"content":{"rendered":"<p><span style=\"color: #800000;\"><strong>\u00a0Biurko profilowane, stela\u017c p\u0142ycinowy &#8211; Silver BN-140L lewe<br \/>\n<\/strong><\/span><\/p>\n<p><strong>Wymiary: szer\/g\u0142\/wys 1400x700x740mm<\/strong><\/p>\n<p>Biurko posiada blat w kszta\u0142cie litery L , blat \u0142ukowy, naro\u017cny<\/p>\n<p>Wyposa\u017cenie: &#8211; dwie eleganckie przelotki na kable po obu stronach blatu. Dzi\u0119ki temu rozwi\u0105zaniu mo\u017cemy estetycznie poprowadzi\u0107 kable w ten spos\u00f3b aby nie zajmowa\u0142y one miejsca na biurku oraz pomaga\u0142y w utrzymaniu czysto\u015bci.<\/p>\n<p>&#8211; \u015bruby poziomuj\u0105ce u\u0142atwiaj\u0105ce poziomowanie biurka na nier\u00f3wnej pod\u0142odze<\/p>\n<p>Do biurka mo\u017cna dom\u00f3wi\u0107 p\u00f3\u0142k\u0119 na klawiatur\u0119 komputerow\u0105 oraz mobilny w\u00f3zek na komputer stacjonarny. Dzi\u0119ki k\u00f3\u0142eczkom w ka\u017cdej chwili mo\u017cesz wygodnie przestawia\u0107 stacj\u0119.<\/p>\n<p><span style=\"color: #800000;\"><strong>5 ZESTAW\u00d3W KOLORYSTYCZNYCH &#8211; JEDNA CENA!<\/strong><\/span><\/p>\n<p><span style=\"color: #800000;\"><strong>Niezale\u017cnie od tego jaki zestaw kolorystyczny wybierzesz, gwarantujemy jedn\u0105 sta\u0142\u0105 cen\u0119!<\/strong><\/span><\/p>\n<p style=\"text-align: left;\"><strong>Kolorystyka mebli do wyboru:<\/strong><\/p>\n<p style=\"text-align: center;\"><img decoding=\"async\" class=\"aligncenter\" title=\"Zestaw Orzech Camaro + Platyna\" src=\"http:\/\/www.sklep.metal-styl.com\/img\/cms\/orzech_platyna.jpg\" alt=\"Orzech_Camaro_Platyna\" width=\"60\" height=\"33\" \/> Orzech Camaro + Platyna<\/p>\n<p style=\"text-align: center;\"><img decoding=\"async\" class=\"aligncenter\" title=\"Buk Bawaria + Platyna\" src=\"http:\/\/www.sklep.metal-styl.com\/img\/cms\/bawaria_platyna.jpg\" alt=\"Buk_Bawaria_Platyna\" width=\"62\" height=\"31\" \/> Buk Bawaria + Platyna<\/p>\n<p style=\"text-align: center;\"><img decoding=\"async\" class=\"aligncenter\" src=\"http:\/\/www.sklep.metal-styl.com\/img\/cms\/gruszapolna_platyna.jpg\" alt=\"\" width=\"63\" height=\"31\" \/> Grusza Polna + Platyna<\/p>\n<p style=\"text-align: center;\"><img loading=\"lazy\" decoding=\"async\" class=\"aligncenter\" src=\"http:\/\/www.sklep.metal-styl.com\/img\/cms\/bukbawaria.jpg\" alt=\"\" width=\"32\" height=\"32\" \/> Buk Bawaria<\/p>\n<p style=\"text-align: center;\"><img loading=\"lazy\" decoding=\"async\" class=\"aligncenter\" src=\"http:\/\/www.sklep.metal-styl.com\/img\/cms\/gruszapolna.jpg\" alt=\"\" width=\"31\" height=\"31\" \/> Grusza Polna<\/p>\n<p>&#8211; Biurko wyprodukowane na bazie wysokiej jako\u015bci melaminowanych p\u0142yt wi\u00f3rowych.<\/p>\n<p>&#8211; W\u0105skie p\u0142aszczyzny element\u00f3w meblowych starannie wyko\u0144czone obrze\u017cem PCV.<\/p>\n<p>&#8211; Dekoracyjne elementy biurek pokryte s\u0105 laminatami<\/p>\n<p>&#8211; Solidny wytrzyma\u0142y blat o grubo\u015bci 22mm. Podstawa biurka wykonana z p\u0142yty o grubo\u015bci 18mm.<\/p>\n<p>&#8211; W blatach biurek zastosowali\u015bmy \u00a0funkcjonalne przelotki,\u00a0kt\u00f3rymi poprowadzisz kable elektryczne. \u00a0<img loading=\"lazy\" decoding=\"async\" class=\"aligncenter\" title=\"Funkcjonalne przelotki, w blatach biurek\" src=\"http:\/\/www.sklep.metal-styl.com\/img\/cms\/przelotka_w_blacie_biurka.jpg\" alt=\"W blatach biurek zastosowali\u015bmy funkcjonalne przelotki, kt\u00f3rymi poprowadzisz kable elektryczne.\" width=\"150\" height=\"113\" \/><\/p>\n<p>&#8211;\u00a0Stopka regulacyjna, dzi\u0119ki kt\u00f3rej w \u0142atwy spos\u00f3b wyregulujesz ustawienie biurka w przypadku nier\u00f3wnej pod\u0142ogi.\u00a0 Dzi\u0119ki tak skonstruowanej stopce regulacyjnej w biurkach i sto\u0142ach ci\u0119\u017cko wy\u0142ama\u0107 bok przy przesuwaniu mebli. <img loading=\"lazy\" decoding=\"async\" class=\"aligncenter\" src=\"http:\/\/www.sklep.metal-styl.com\/img\/cms\/stopka_regulacyjna.jpg\" alt=\"\" width=\"150\" height=\"113\" \/><\/p>\n<p>&#8211; Szafa posiada Atest ekologiczny E1 potwierdzony przez Akademi\u0119 Medyczn\u0105 w Gda\u0144sku.<\/p>\n<p>&#8211; Zastosowane obrze\u017ca meblowe posiadaj\u0105 atest Higieniczny potwierdzony przez Narodowy Instytut Zdrowia Publicznego<\/p>\n<p>Termin realizacji: 2-10 dni roboczych w zale\u017cno\u015bci od dost\u0119pno\u015bci produktu oraz kolorystyki. W celu ustalenia terminu realizacji zam\u00f3wienia ka\u017cdorazowo prosimy o kontakt z biurem.<\/p>\n","protected":false},"excerpt":{"rendered":"<p><strong>Wymiary: szer\/g\u0142\/wys 1400x700x740mm<\/strong><\/p>\n","protected":false},"featured_media":3218,"comment_status":"open","ping_status":"closed","template":"","meta":[],"product_cat":[936,22,24],"product_tag":[981,711,975,966,968,978,962,979,967],"yst_prominent_words":[728,956,695,694,707,581,955,948,585,752,949,703,959,958,954,957,796,729,701,730],"class_list":{"0":"post-3212","1":"product","2":"type-product","3":"status-publish","4":"has-post-thumbnail","6":"product_cat-biurka-silver","7":"product_cat-meble-biurowe-zestawy","8":"product_cat-silver","9":"product_tag-biurko-bn-140","10":"product_tag-biurko-meble-odnowa","11":"product_tag-biurko-o-szerokosci-140cm","12":"product_tag-biurko-odnowa","13":"product_tag-biurko-orzech","14":"product_tag-biurko-profilowane","15":"product_tag-biurko-silver","16":"product_tag-biurko-z-wneka","17":"product_tag-orzech-camaro","18":"entry","20":"first","21":"instock","22":"shipping-taxable","23":"product-type-simple"},"_links":{"self":[{"href":"https:\/\/www.metal-styl.com\/index.php\/wp-json\/wp\/v2\/product\/3212","targetHints":{"allow":["GET"]}}],"collection":[{"href":"https:\/\/www.metal-styl.com\/index.php\/wp-json\/wp\/v2\/product"}],"about":[{"href":"https:\/\/www.metal-styl.com\/index.php\/wp-json\/wp\/v2\/types\/product"}],"replies":[{"embeddable":true,"href":"https:\/\/www.metal-styl.com\/index.php\/wp-json\/wp\/v2\/comments?post=3212"}],"version-history":[{"count":1,"href":"https:\/\/www.metal-styl.com\/index.php\/wp-json\/wp\/v2\/product\/3212\/revisions"}],"predecessor-version":[{"id":3217,"href":"https:\/\/www.metal-styl.com\/index.php\/wp-json\/wp\/v2\/product\/3212\/revisions\/3217"}],"wp:featuredmedia":[{"embeddable":true,"href":"https:\/\/www.metal-styl.com\/index.php\/wp-json\/wp\/v2\/media\/3218"}],"wp:attachment":[{"href":"https:\/\/www.metal-styl.com\/index.php\/wp-json\/wp\/v2\/media?parent=3212"}],"wp:term":[{"taxonomy":"product_cat","embeddable":true,"href":"https:\/\/www.metal-styl.com\/index.php\/wp-json\/wp\/v2\/product_cat?post=3212"},{"taxonomy":"product_tag","embeddable":true,"href":"https:\/\/www.metal-styl.com\/index.php\/wp-json\/wp\/v2\/product_tag?post=3212"},{"taxonomy":"yst_prominent_words","embeddable":true,"href":"https:\/\/www.metal-styl.com\/index.php\/wp-json\/wp\/v2\/yst_prominent_words?post=3212"}],"curies":[{"name":"wp","href":"https:\/\/api.w.org\/{rel}","templated":true}]}}