{"id":3251,"date":"2020-02-14T16:40:46","date_gmt":"2020-02-14T16:40:46","guid":{"rendered":"https:\/\/www.metal-styl.com\/?post_type=product&#038;p=3251"},"modified":"2020-02-14T16:42:23","modified_gmt":"2020-02-14T16:42:23","slug":"lada-recepcyjna-l4-szer-1200mm","status":"publish","type":"product","link":"https:\/\/www.metal-styl.com\/index.php\/produkt\/lada-recepcyjna-l4-szer-1200mm\/","title":{"rendered":"Lada Recepcyjna L4 szer.1200mm"},"content":{"rendered":"<p><span style=\"color: #800000;\"><strong>Lada Recepcyjna L4 szer. 1200mm<\/strong><\/span><\/p>\n<p>Wymiary: szer\/g\u0142\/wys 1200x700x1100mm<\/p>\n<p>Lada recepcyjna &#8211; prosta<\/p>\n<p>Kolor: Grusza Jasna + Antracyt<\/p>\n<div id=\"center_column\">\n<div id=\"more_info_block\" class=\"clear\">\n<div id=\"more_info_sheets\" class=\"sheets align_justify\">\n<div id=\"idTab1\" class=\"rte\">\n<div id=\"idTab1\" class=\"rte\">\n<p>Wyposa\u017cenie:<\/p>\n<p>&#8211; ozdobne\u00a0\u015bruby poziomuj\u0105ce\u00a0u\u0142atwiaj\u0105ce poziomowanie biurka na nier\u00f3wnej pod\u0142odze<\/p>\n<p>&#8211;\u00a0G\u00f3rna cz\u0119\u015b\u0107 frontu biurka zdobiona panelem w kolorze Antracyt<\/p>\n<p>Do biurka mo\u017cna dom\u00f3wi\u0107 p\u00f3\u0142k\u0119 na klawiatur\u0119 komputerow\u0105 oraz mobilny w\u00f3zek na komputer stacjonarny. Dzi\u0119ki k\u00f3\u0142eczkom w ka\u017cdej chwili mo\u017cesz wygodnie przestawia\u0107 stacj\u0119.<\/p>\n<p><ins><strong>Kolorystyka zestawu:<\/strong><\/ins><\/p>\n<p><img decoding=\"async\" title=\"Zestaw Grusza Jasna + Antracyt\" src=\"http:\/\/www.sklep.metal-styl.com\/img\/cms\/grusza_jasna_antracyt.jpg\" alt=\"Grusza_Jasna_Antracyt\" width=\"154\" height=\"78\" \/>\u00a0Grusza Jasna + Antracyt<\/p>\n<p>&#8211;\u00a0Solidny wytrzyma\u0142y blat\u00a0oraz podstawa biurka\u00a0o grubo\u015bci 28mm!<\/p>\n<p>&#8211;\u00a0Stosowanie do produkcji mebli p\u0142yty laminowanej gwarantuje d\u0142ug\u0105 \u017cywotno\u015b\u0107 i wysok\u0105 wytrzyma\u0142o\u015b\u0107 powierzchni roboczych.<\/p>\n<p>&#8211; W blatach biurek opcjonalnie mo\u017cemy wykona\u0107 funkcjonalne przelotki,<\/p>\n<p>kt\u00f3rymi poprowadzisz kable elektryczne. \u00a0<img decoding=\"async\" title=\"Funkcjonalne przelotki, w blatach biurek\" src=\"http:\/\/www.sklep.metal-styl.com\/img\/cms\/przelotka_w_blacie_biurka.jpg\" alt=\"W blatach biurek zastosowali\u015bmy funkcjonalne przelotki, kt\u00f3rymi poprowadzisz kable elektryczne.\" width=\"150\" height=\"113\" \/><\/p>\n<p>&#8211; W\u0105skie p\u0142aszczyzny element\u00f3w meblowych starannie wyko\u0144czone obrze\u017cami ABS zewn\u0119trzna o grubo\u015bci 2mm i ABS o grubo\u015bci 0,8-0,1mm, co chroni je przed przypadkowymi uszkodzeniami kraw\u0119dzi, poprawia estetyk\u0119 i wp\u0142ywa na trwa\u0142o\u015b\u0107<\/p>\n<p>&#8211; Dekoracyjne elementy biurek pokryte s\u0105 laminatami<\/p>\n<p>&#8211; Waga lady &#8211; 64kg<\/p>\n<p>&#8211; Nasze meble posiadaj\u0105 Atest ekologiczny E1 potwierdzony przez Akademi\u0119 Medyczn\u0105 w Gda\u0144sku.<\/p>\n<p>&#8211; Zastosowane w naszej produkcji obrze\u017ca meblowe posiadaj\u0105 atest Higieniczny potwierdzony przez Narodowy Instytut Zdrowia Publicznego<\/p>\n<p>&nbsp;<\/p>\n<p>Termin realizacji: 2-10 dni roboczych w zale\u017cno\u015bci od dost\u0119pno\u015bci produktu oraz kolorystyki. W celu ustalenia terminu realizacji zam\u00f3wienia ka\u017cdorazowo prosimy o kontakt z biurem.<\/p>\n<\/div>\n<\/div>\n<\/div>\n<\/div>\n<\/div>\n","protected":false},"excerpt":{"rendered":"<p>Wymiary: szer\/g\u0142\/wys 1200x700x1100mm<\/p>\n","protected":false},"featured_media":3252,"comment_status":"open","ping_status":"closed","template":"","meta":[],"product_cat":[22],"product_tag":[757,758,1691,755,737],"yst_prominent_words":[705,696,728,695,694,585,752,747,743,753,748,740,739,706,693,729,697,730,741,698],"class_list":{"0":"post-3251","1":"product","2":"type-product","3":"status-publish","4":"has-post-thumbnail","6":"product_cat-meble-biurowe-zestawy","7":"product_tag-biurko-lada","8":"product_tag-grusza-jasna-antracyt","9":"product_tag-lada-l4","10":"product_tag-lada-recepcyjna","11":"product_tag-meble-odnowa","12":"entry","14":"first","15":"instock","16":"shipping-taxable","17":"product-type-simple"},"_links":{"self":[{"href":"https:\/\/www.metal-styl.com\/index.php\/wp-json\/wp\/v2\/product\/3251","targetHints":{"allow":["GET"]}}],"collection":[{"href":"https:\/\/www.metal-styl.com\/index.php\/wp-json\/wp\/v2\/product"}],"about":[{"href":"https:\/\/www.metal-styl.com\/index.php\/wp-json\/wp\/v2\/types\/product"}],"replies":[{"embeddable":true,"href":"https:\/\/www.metal-styl.com\/index.php\/wp-json\/wp\/v2\/comments?post=3251"}],"version-history":[{"count":1,"href":"https:\/\/www.metal-styl.com\/index.php\/wp-json\/wp\/v2\/product\/3251\/revisions"}],"predecessor-version":[{"id":3253,"href":"https:\/\/www.metal-styl.com\/index.php\/wp-json\/wp\/v2\/product\/3251\/revisions\/3253"}],"wp:featuredmedia":[{"embeddable":true,"href":"https:\/\/www.metal-styl.com\/index.php\/wp-json\/wp\/v2\/media\/3252"}],"wp:attachment":[{"href":"https:\/\/www.metal-styl.com\/index.php\/wp-json\/wp\/v2\/media?parent=3251"}],"wp:term":[{"taxonomy":"product_cat","embeddable":true,"href":"https:\/\/www.metal-styl.com\/index.php\/wp-json\/wp\/v2\/product_cat?post=3251"},{"taxonomy":"product_tag","embeddable":true,"href":"https:\/\/www.metal-styl.com\/index.php\/wp-json\/wp\/v2\/product_tag?post=3251"},{"taxonomy":"yst_prominent_words","embeddable":true,"href":"https:\/\/www.metal-styl.com\/index.php\/wp-json\/wp\/v2\/yst_prominent_words?post=3251"}],"curies":[{"name":"wp","href":"https:\/\/api.w.org\/{rel}","templated":true}]}}