{"id":3319,"date":"2020-02-14T22:08:40","date_gmt":"2020-02-14T22:08:40","guid":{"rendered":"https:\/\/www.metal-styl.com\/?post_type=product&#038;p=3319"},"modified":"2020-02-14T22:14:29","modified_gmt":"2020-02-14T22:14:29","slug":"kontener-biurowy-szafka-biurowa-k-53b-l-lewy-4","status":"publish","type":"product","link":"https:\/\/www.metal-styl.com\/index.php\/produkt\/kontener-biurowy-szafka-biurowa-k-53b-l-lewy-4\/","title":{"rendered":"Kontener biurowy &#8211; szafka biurowa K-53B L lewy"},"content":{"rendered":"<p><span style=\"color: #800000;\"><strong>Kontener biurowy- szafka biurowa\u00a0 K-53B L lewy<br \/>\n<\/strong><\/span><\/p>\n<p><strong>Wymiary: szer\/g\u0142\/wys 420x450x740mm<br \/>\n<\/strong><\/p>\n<div id=\"idTab1\" class=\"rte\">\n<p>Wyposa\u017cenie:<\/p>\n<\/div>\n<div id=\"idTab1\" class=\"rte\">\n<div id=\"idTab1\" class=\"rte\">\n<div id=\"idTab1\" class=\"rte\">\n<div id=\"idTab1\" class=\"rte\">\n<p>&#8211; szafka zamykana zamkiem na kluczyk ( w komplecie 2 kluczyki)<\/p>\n<p>&#8211; szafka wyposa\u017cona w jedn\u0105 p\u00f3\u0142k\u0119 ( 2 przestrzenie )<\/p>\n<\/div>\n<\/div>\n<\/div>\n<\/div>\n<p>&#8211; ozdobne uchwyty meblowe<\/p>\n<p>&#8211; \u015bruby poziomuj\u0105ce u\u0142atwiaj\u0105ce poziomowanie na nier\u00f3wnej pod\u0142odze<\/p>\n<p>&#8211; stopki regulacyjne w rega\u0142ach, szafach i kontenerkach pomog\u0105 ustawi\u0107 meble w prostym szyku. Regulacj\u0119 przeprowadza si\u0119 wewn\u0105trz mebla.<\/p>\n<p>Kontenerek wyprodukowany na bazie wysokiej jako\u015bci melaminowanych p\u0142yt wi\u00f3rowych.<\/p>\n<p>&#8211; W\u0105skie p\u0142aszczyzny element\u00f3w meblowych starannie wyko\u0144czone obrze\u017cem PCV.<\/p>\n<p>&#8211; Fronty wykonane z p\u0142yty o grubo\u015bci 22mm, korpus wykonany z p\u0142yty o grubo\u015bci 18mm.<\/p>\n<p>&#8211; Wszystkie nasze meble posiadaj\u0105 Atest ekologiczny E1 potwierdzony przez Akademi\u0119 Medyczn\u0105 w Gda\u0144ski.<\/p>\n<p>&#8211; Zastosowane obrze\u017ca meblowe posiadaj\u0105 atest Higieniczny potwierdzony przez Narodowy Instytut Zdrowia Publicznego<\/p>\n<p>5 ZESTAW\u00d3W KOLORYSTYCZNYCH &#8211; JEDNA CENA!<\/p>\n<p><ins><strong>Kolorystyka mebli do wyboru:<\/strong><\/ins><\/p>\n<p>&#8211; Orzech Camaro + Platyna<\/p>\n<p>&#8211; Buk Bawaria + Platyna<\/p>\n<p>&#8211; Grusza Polna + Platyna<\/p>\n<p>&#8211; Buk Bawaria<\/p>\n<p>&#8211; Grusza Polna<\/p>\n<p>Niezale\u017cnie od tego jaki zestaw kolorystyczny wybierzesz,<\/p>\n<p>gwarantujemy jedn\u0105 sta\u0142\u0105 cen\u0119!<\/p>\n<p style=\"text-align: center;\"><img decoding=\"async\" class=\"aligncenter\" title=\"Zestaw Orzech Camaro + Platyna\" src=\"http:\/\/www.sklep.metal-styl.com\/img\/cms\/orzech_platyna.jpg\" alt=\"Orzech_Camaro_Platyna\" width=\"60\" height=\"33\" \/> Orzech Camaro + Platyna<\/p>\n<p style=\"text-align: center;\"><img decoding=\"async\" class=\"aligncenter\" title=\"Buk Bawaria + Platyna\" src=\"http:\/\/www.sklep.metal-styl.com\/img\/cms\/bawaria_platyna.jpg\" alt=\"Buk_Bawaria_Platyna\" width=\"62\" height=\"31\" \/> Buk Bawaria + Platyna<\/p>\n<p style=\"text-align: center;\"><img decoding=\"async\" class=\"aligncenter\" src=\"http:\/\/www.sklep.metal-styl.com\/img\/cms\/gruszapolna_platyna.jpg\" alt=\"\" width=\"63\" height=\"31\" \/> Grusza Polna + Platyna<\/p>\n<p style=\"text-align: center;\"><img loading=\"lazy\" decoding=\"async\" class=\"aligncenter\" src=\"http:\/\/www.sklep.metal-styl.com\/img\/cms\/bukbawaria.jpg\" alt=\"\" width=\"32\" height=\"32\" \/> Buk Bawaria<\/p>\n<p style=\"text-align: center;\"><img loading=\"lazy\" decoding=\"async\" class=\"aligncenter\" src=\"http:\/\/www.sklep.metal-styl.com\/img\/cms\/gruszapolna.jpg\" alt=\"\" width=\"31\" height=\"31\" \/> Grusza Polna<\/p>\n<p>Termin realizacji: 2-10 dni roboczych w zale\u017cno\u015bci od dost\u0119pno\u015bci produktu oraz kolorystyki. W celu ustalenia terminu realizacji zam\u00f3wienia ka\u017cdorazowo prosimy o kontakt z biurem.<\/p>\n","protected":false},"excerpt":{"rendered":"<p><strong>Wymiary: szer\/g\u0142\/wys 420x450x740mm<\/strong><\/p>\n","protected":false},"featured_media":3329,"comment_status":"open","ping_status":"closed","template":"","meta":[],"product_cat":[1281,22,24,1274],"product_tag":[1096,1097,1070,737,1098],"yst_prominent_words":[956,952,955,948,946,951,752,949,947,1072,878,950,945,954,854,851,957,953,693,407],"class_list":{"0":"post-3319","1":"product","2":"type-product","3":"status-publish","4":"has-post-thumbnail","6":"product_cat-kontenerki-grusza-polna","7":"product_cat-meble-biurowe-zestawy","8":"product_cat-silver","9":"product_cat-grusza-polna","10":"product_tag-k-53b","11":"product_tag-kontener-k-53b","12":"product_tag-meble-biurowe","13":"product_tag-meble-odnowa","14":"product_tag-szafka-k-53b","15":"entry","17":"first","18":"instock","19":"shipping-taxable","20":"product-type-simple"},"_links":{"self":[{"href":"https:\/\/www.metal-styl.com\/index.php\/wp-json\/wp\/v2\/product\/3319","targetHints":{"allow":["GET"]}}],"collection":[{"href":"https:\/\/www.metal-styl.com\/index.php\/wp-json\/wp\/v2\/product"}],"about":[{"href":"https:\/\/www.metal-styl.com\/index.php\/wp-json\/wp\/v2\/types\/product"}],"replies":[{"embeddable":true,"href":"https:\/\/www.metal-styl.com\/index.php\/wp-json\/wp\/v2\/comments?post=3319"}],"version-history":[{"count":1,"href":"https:\/\/www.metal-styl.com\/index.php\/wp-json\/wp\/v2\/product\/3319\/revisions"}],"predecessor-version":[{"id":3330,"href":"https:\/\/www.metal-styl.com\/index.php\/wp-json\/wp\/v2\/product\/3319\/revisions\/3330"}],"wp:featuredmedia":[{"embeddable":true,"href":"https:\/\/www.metal-styl.com\/index.php\/wp-json\/wp\/v2\/media\/3329"}],"wp:attachment":[{"href":"https:\/\/www.metal-styl.com\/index.php\/wp-json\/wp\/v2\/media?parent=3319"}],"wp:term":[{"taxonomy":"product_cat","embeddable":true,"href":"https:\/\/www.metal-styl.com\/index.php\/wp-json\/wp\/v2\/product_cat?post=3319"},{"taxonomy":"product_tag","embeddable":true,"href":"https:\/\/www.metal-styl.com\/index.php\/wp-json\/wp\/v2\/product_tag?post=3319"},{"taxonomy":"yst_prominent_words","embeddable":true,"href":"https:\/\/www.metal-styl.com\/index.php\/wp-json\/wp\/v2\/yst_prominent_words?post=3319"}],"curies":[{"name":"wp","href":"https:\/\/api.w.org\/{rel}","templated":true}]}}