{"id":3336,"date":"2020-02-14T22:19:47","date_gmt":"2020-02-14T22:19:47","guid":{"rendered":"https:\/\/www.metal-styl.com\/?post_type=product&#038;p=3336"},"modified":"2020-02-14T22:20:58","modified_gmt":"2020-02-14T22:20:58","slug":"kontener-biurowy-4-szufladowy-k-53-3","status":"publish","type":"product","link":"https:\/\/www.metal-styl.com\/index.php\/produkt\/kontener-biurowy-4-szufladowy-k-53-3\/","title":{"rendered":"Kontener biurowy 4-szufladowy K-53"},"content":{"rendered":"<div id=\"idTab1\" class=\"rte\">\n<p><span style=\"color: #800000;\"><strong>Kontenerek biurowy 4 szufladowy K-53<\/strong><\/span><\/p>\n<p><span style=\"color: #000000;\"><strong>Wymiary: szer\/g\u0142\/wys 420x450x740mm<\/strong> <\/span><\/p>\n<div id=\"idTab1\" class=\"rte\">\n<div id=\"idTab1\" class=\"rte\">\n<p>Kontenerek biurowy, przybiurkowy, 4-szufladowy, zamykany centralnie<\/p>\n<p>Wyposa\u017cenie:<\/p>\n<div class=\"content\">\n<p>&#8211; \u00a0kontener stacjonarny, \u00a0posiada 4 szuflady , przystosowany wysoko\u015bci\u0105 do biurek<br \/>\n&#8211; \u00a0g\u00f3rny blat i dolna podstawa gr. 22mm , obrze\u017ce gr. 2mm<br \/>\n&#8211; \u00a0fronty szuflad , dna i ty\u0142 wykonane z p\u0142yty meblowej \u00a0gr. 18mm<br \/>\n&#8211; \u00a0system szuflad typu Metabox (boczki szuflad metalowe malowane proszkowo)<br \/>\n&#8211; \u00a0wszystkie szuflady s\u0105 zamykane zamkiem centralnym<br \/>\n&#8211; \u00a0uchwyty aluminiowe szlifowane o rozstawie 128mm<br \/>\n&#8211; \u00a0kontener posiada regulowane stopki<\/p>\n<p>&#8211; \u00a0melaminowana p\u0142yta meblowa z kt\u00f3rej wykonany jest kontener<br \/>\nposiada atest \u00a0higieniczno\u015bci w klasie E1<br \/>\n(klasa E1 oznacza \u017ce p\u0142yta meblowa jest przyjazna dla \u015brodowiska i \u00a0ludzi.)<br \/>\n&#8211; \u00a0warto\u015bci parametr\u00f3w fizykochemicznych s\u0105 zgodne z norm\u0105 EN14322<br \/>\n&#8211; \u00a0meble przeznaczone do u\u017cytkowania w suchych pomieszczeniach<br \/>\n&#8211; \u00a0kolorystyka Tabacco new beech<br \/>\n&#8211; \u00a0gwarancja : 24 miesi\u0105ce<\/p>\n<\/div>\n<p>5 ZESTAW\u00d3W KOLORYSTYCZNYCH &#8211; JEDNA CENA!<\/p>\n<p><ins><strong>Kolorystyka mebli do wyboru:<\/strong><\/ins><\/p>\n<p>&#8211; Orzech Camaro + Platyna<\/p>\n<p>&#8211; Buk Bawaria + Platyna<\/p>\n<p>&#8211; Grusza Polna + Platyna<\/p>\n<p>&#8211; Buk Bawaria<\/p>\n<p>&#8211; Grusza Polna<\/p>\n<p>Niezale\u017cnie od tego jaki zestaw kolorystyczny wybierzesz,<\/p>\n<p>gwarantujemy jedn\u0105 sta\u0142\u0105 cen\u0119!<\/p>\n<p style=\"text-align: center;\"><img decoding=\"async\" class=\"aligncenter\" title=\"Zestaw Orzech Camaro + Platyna\" src=\"http:\/\/www.sklep.metal-styl.com\/img\/cms\/orzech_platyna.jpg\" alt=\"Orzech_Camaro_Platyna\" width=\"60\" height=\"33\" \/> Orzech Camaro + Platyna<\/p>\n<p style=\"text-align: center;\"><img decoding=\"async\" class=\"aligncenter\" title=\"Buk Bawaria + Platyna\" src=\"http:\/\/www.sklep.metal-styl.com\/img\/cms\/bawaria_platyna.jpg\" alt=\"Buk_Bawaria_Platyna\" width=\"62\" height=\"31\" \/> Buk Bawaria + Platyna<\/p>\n<p style=\"text-align: center;\"><img decoding=\"async\" class=\"aligncenter\" src=\"http:\/\/www.sklep.metal-styl.com\/img\/cms\/gruszapolna_platyna.jpg\" alt=\"\" width=\"63\" height=\"31\" \/> Grusza Polna + Platyna<\/p>\n<p style=\"text-align: center;\"><img loading=\"lazy\" decoding=\"async\" class=\"aligncenter\" src=\"http:\/\/www.sklep.metal-styl.com\/img\/cms\/bukbawaria.jpg\" alt=\"\" width=\"32\" height=\"32\" \/> Buk Bawaria<\/p>\n<p style=\"text-align: center;\"><img loading=\"lazy\" decoding=\"async\" class=\"aligncenter\" src=\"http:\/\/www.sklep.metal-styl.com\/img\/cms\/gruszapolna.jpg\" alt=\"\" width=\"31\" height=\"31\" \/> Grusza Polna<\/p>\n<p>Termin realizacji: 2-10 dni roboczych w zale\u017cno\u015bci od dost\u0119pno\u015bci produktu oraz kolorystyki. W celu ustalenia terminu realizacji zam\u00f3wienia ka\u017cdorazowo prosimy o kontakt z biurem.<\/p>\n<\/div>\n<\/div>\n<\/div>\n","protected":false},"excerpt":{"rendered":"<p><strong>Wymiary: szer\/g\u0142\/wys 420x700x740mm<\/strong><\/p>\n","protected":false},"featured_media":3338,"comment_status":"open","ping_status":"closed","template":"","meta":[],"product_cat":[1295,22,24,1270],"product_tag":[1067,1066,1687,1070,737,738,733,1069],"yst_prominent_words":[956,952,955,948,946,951,797,752,949,947,821,1065,950,945,954,1498,957,953,796,1527],"class_list":{"0":"post-3336","1":"product","2":"type-product","3":"status-publish","4":"has-post-thumbnail","6":"product_cat-kontenerki-buk-bawaria-platyna","7":"product_cat-meble-biurowe-zestawy","8":"product_cat-silver","9":"product_cat-buk-bawaria-platyna","10":"product_tag-kontener-4-szufladowy","11":"product_tag-kontener-biurowy","12":"product_tag-kontener-k-53","13":"product_tag-meble-biurowe","14":"product_tag-meble-odnowa","15":"product_tag-meble-odnowa-z-pszczyny","16":"product_tag-szafka-do-biurka","17":"product_tag-szafka-z-szufladkami","18":"entry","20":"first","21":"instock","22":"shipping-taxable","23":"product-type-simple"},"_links":{"self":[{"href":"https:\/\/www.metal-styl.com\/index.php\/wp-json\/wp\/v2\/product\/3336","targetHints":{"allow":["GET"]}}],"collection":[{"href":"https:\/\/www.metal-styl.com\/index.php\/wp-json\/wp\/v2\/product"}],"about":[{"href":"https:\/\/www.metal-styl.com\/index.php\/wp-json\/wp\/v2\/types\/product"}],"replies":[{"embeddable":true,"href":"https:\/\/www.metal-styl.com\/index.php\/wp-json\/wp\/v2\/comments?post=3336"}],"version-history":[{"count":1,"href":"https:\/\/www.metal-styl.com\/index.php\/wp-json\/wp\/v2\/product\/3336\/revisions"}],"predecessor-version":[{"id":3339,"href":"https:\/\/www.metal-styl.com\/index.php\/wp-json\/wp\/v2\/product\/3336\/revisions\/3339"}],"wp:featuredmedia":[{"embeddable":true,"href":"https:\/\/www.metal-styl.com\/index.php\/wp-json\/wp\/v2\/media\/3338"}],"wp:attachment":[{"href":"https:\/\/www.metal-styl.com\/index.php\/wp-json\/wp\/v2\/media?parent=3336"}],"wp:term":[{"taxonomy":"product_cat","embeddable":true,"href":"https:\/\/www.metal-styl.com\/index.php\/wp-json\/wp\/v2\/product_cat?post=3336"},{"taxonomy":"product_tag","embeddable":true,"href":"https:\/\/www.metal-styl.com\/index.php\/wp-json\/wp\/v2\/product_tag?post=3336"},{"taxonomy":"yst_prominent_words","embeddable":true,"href":"https:\/\/www.metal-styl.com\/index.php\/wp-json\/wp\/v2\/yst_prominent_words?post=3336"}],"curies":[{"name":"wp","href":"https:\/\/api.w.org\/{rel}","templated":true}]}}