{"id":336,"date":"2019-11-29T16:43:50","date_gmt":"2019-11-29T16:43:50","guid":{"rendered":"http:\/\/metalsty.cluster014.ovh.net\/pixel\/?post_type=product&#038;p=336"},"modified":"2020-01-03T20:33:27","modified_gmt":"2020-01-03T20:33:27","slug":"szafa-3-skrytkowa-sk3-13-30-szer-skrytki-300mm","status":"publish","type":"product","link":"https:\/\/www.metal-styl.com\/index.php\/produkt\/szafa-3-skrytkowa-sk3-13-30-szer-skrytki-300mm\/","title":{"rendered":"Szafa 3 skrytkowa SK3-13-30 szer.skrytki 300mm"},"content":{"rendered":"<div id=\"idTab1\" class=\"rte\">\n<p><span style=\"color: #800000;\"><strong>Szafa 3 skrytkowa\u00a0 SK3-13-30<\/strong><\/span><\/p>\n<p><strong>Wymiary: wys\/szer\/g\u0142\u00a01800x300x500mm<\/strong><\/p>\n<p>Opis: Szafa szatniowa 3 skrytkowa &#8211; 3 schowki w pionie.<\/p>\n<p>Ka\u017cda skrytka zamykana osobnym zamkiem patentowym, cylindrycznym z ryglowaniem w jednym punkcie ( w komplecie 2 kluczyki do ka\u017cdego zamka).<\/p>\n<p>W drzwiczkach wykonane otwory wentylacyjne, zapewniaj\u0105ce odpowiedni\u0105 cyrkulacj\u0119 powietrza w szafce.<\/p>\n<p>Na drzwiczkach plastikowy wizytownik informacyjny w celu oznakowania skrytki.<\/p>\n<p>Szafka mo\u017ce by\u0107 r\u00f3wnie\u017c na n\u00f3\u017ckach oraz posiada\u0107 sko\u015bny daszek.<\/p>\n<p>Szafa malowana trwa\u0142ymi farbami proszkowymi w kolorze wg. Palety RAL<\/p>\n<p>Oferta cenowa dotyczy koloru: Ral 7035 popielato-platynowy<\/p>\n<p>Istnieje mo\u017cliwo\u015b\u0107 malowania szaf w innym kolorze lub w dw\u00f3ch kolorach.<\/p>\n<p>Mo\u017cliwo\u015b\u0107 wykonania szafy w innych rozmiarach, z inn\u0105 liczb\u0105 skrytek oraz w innych kolorach wg indywidualnych potrzeb klienta.<\/p>\n<p>W celu wyceny prosimy o przes\u0142anie do nas maila na adres\u00a0biuro@metal-styl.com z zapytaniem ofertowym oraz przedstawieniem Pa\u0144stwa potrzeb i oczekiwa\u0144 wobec produktu.<\/p>\n<\/div>\n","protected":false},"excerpt":{"rendered":"<p><span style=\"color: #800000;\"><strong>Szafa 3 skrytkowa\u00a0 SK3-13-30<\/strong><\/span><\/p>\n<p><strong>Wymiary: wys\/szer\/g\u0142\u00a01800x300x500mm<\/strong><\/p>\n","protected":false},"featured_media":1035,"comment_status":"open","ping_status":"closed","template":"","meta":[],"product_cat":[36,37],"product_tag":[143,164,190,162,142,163,165],"yst_prominent_words":[521,439,512,493,409,450,395,394,510,386,393],"class_list":{"0":"post-336","1":"product","2":"type-product","3":"status-publish","4":"has-post-thumbnail","6":"product_cat-meble-skrytkowe","7":"product_cat-szafki-skrytkowe-sniadaniowe","8":"product_tag-szafa-ze-skrytkami","9":"product_tag-szafka-3-skrytkowa","10":"product_tag-szafka-schowkowa","11":"product_tag-szafka-sk3-13-30","12":"product_tag-szafka-sniadaniowa","13":"product_tag-szafka-sus313","14":"product_tag-szafka-trzyskrytkowa","15":"entry","17":"first","18":"instock","19":"shipping-taxable","20":"product-type-simple"},"_links":{"self":[{"href":"https:\/\/www.metal-styl.com\/index.php\/wp-json\/wp\/v2\/product\/336","targetHints":{"allow":["GET"]}}],"collection":[{"href":"https:\/\/www.metal-styl.com\/index.php\/wp-json\/wp\/v2\/product"}],"about":[{"href":"https:\/\/www.metal-styl.com\/index.php\/wp-json\/wp\/v2\/types\/product"}],"replies":[{"embeddable":true,"href":"https:\/\/www.metal-styl.com\/index.php\/wp-json\/wp\/v2\/comments?post=336"}],"version-history":[{"count":2,"href":"https:\/\/www.metal-styl.com\/index.php\/wp-json\/wp\/v2\/product\/336\/revisions"}],"predecessor-version":[{"id":1036,"href":"https:\/\/www.metal-styl.com\/index.php\/wp-json\/wp\/v2\/product\/336\/revisions\/1036"}],"wp:featuredmedia":[{"embeddable":true,"href":"https:\/\/www.metal-styl.com\/index.php\/wp-json\/wp\/v2\/media\/1035"}],"wp:attachment":[{"href":"https:\/\/www.metal-styl.com\/index.php\/wp-json\/wp\/v2\/media?parent=336"}],"wp:term":[{"taxonomy":"product_cat","embeddable":true,"href":"https:\/\/www.metal-styl.com\/index.php\/wp-json\/wp\/v2\/product_cat?post=336"},{"taxonomy":"product_tag","embeddable":true,"href":"https:\/\/www.metal-styl.com\/index.php\/wp-json\/wp\/v2\/product_tag?post=336"},{"taxonomy":"yst_prominent_words","embeddable":true,"href":"https:\/\/www.metal-styl.com\/index.php\/wp-json\/wp\/v2\/yst_prominent_words?post=336"}],"curies":[{"name":"wp","href":"https:\/\/api.w.org\/{rel}","templated":true}]}}