{"id":3407,"date":"2020-02-24T15:05:16","date_gmt":"2020-02-24T15:05:16","guid":{"rendered":"https:\/\/www.metal-styl.com\/?post_type=product&#038;p=3407"},"modified":"2020-02-24T17:40:58","modified_gmt":"2020-02-24T17:40:58","slug":"szafa-na-laptopy-i-tablety-sznlt-2-10-skrytek-z-podlaczeniami-elektrycznymi","status":"publish","type":"product","link":"https:\/\/www.metal-styl.com\/index.php\/produkt\/szafa-na-laptopy-i-tablety-sznlt-2-10-skrytek-z-podlaczeniami-elektrycznymi\/","title":{"rendered":"10 jednostek Szafa na laptopy i tablety SZNLT-2 10 skrytek z pod\u0142\u0105czeniami elektrycznymi"},"content":{"rendered":"<p><span style=\"color: #800000;\"><strong>Szafa na laptopy i tablety SZNLT-2 10-skrytek z jednoczesn\u0105 mo\u017cliwo\u015bci\u0105 \u0142adowania baterii podczas przechowywania.<\/strong><\/span><\/p>\n<p><strong><span style=\"color: #800000;\">Szafa wyposa\u017cona w listw\u0119 z gniazdami elektrycznymi.<\/span><\/strong><\/p>\n<p><strong>Wymiary: wys\/szer\/g\u0142 1800x400x500mm<\/strong><\/p>\n<p>Symbol: SZNLT-2<\/p>\n<p>Opis: Szafa na laptopy zosta\u0142a wyposa\u017cona w 10 oddzielnych skrytek na laptopy, z kt\u00f3rych ka\u017cda zamykana jest za pomoc\u0105 zamka rygluj\u0105cego.<\/p>\n<p>Szafa wyposa\u017cona w listw\u0119 z gniazdami elektrycznymi dzi\u0119ki czemu mo\u017cliwe jest jednoczesne \u0142adowanie baterii podczas ich przechowywania.<\/p>\n<p>Malowany jest trwa\u0142ymi farbami proszkowymi w kolorze wg. Palety Ral<\/p>\n<p>Oferta cenowa dotyczy koloru: Ral 7035 popielato-platynowy<\/p>\n<p>Istnieje mo\u017cliwo\u015b\u0107 malowania szafy w innym kolorze lub w dw\u00f3ch kolorach.<\/p>\n<p>Skrytki i w\u00f3zki na laptopy i tablety sprawdzaj\u0105 si\u0119 w wielu firmach, a przede wszystkim w tych z bran\u017cy IT. Zabezpieczenia dla sprz\u0119tu multimedialnego potrzebne s\u0105 r\u00f3wnie\u017c w szko\u0142ach. Ka\u017cda szafka na laptopa chroni sprz\u0119t elektroniczny przed zniszczeniem lub przed kradzie\u017c\u0105.<\/p>\n<p>Istnieje mo\u017cliwo\u015b\u0107 wykonania szafy w innych rozmiarach z inn\u0105 liczba skrytek wg indywidualnych potrzeb klienta. W celu wyceny prosimy o przes\u0142anie do nas maila na adres biuro@metal-styl.com z zapytaniem ofertowym oraz przedstawieniem Pa\u0144stwa potrzeb i oczekiwa\u0144 wobec produktu.<\/p>\n","protected":false},"excerpt":{"rendered":"<p><strong>Wymiary: wys\/szer\/g\u0142 1800x400x500mm<\/strong><\/p>\n","protected":false},"featured_media":3408,"comment_status":"open","ping_status":"closed","template":"","meta":[],"product_cat":[38],"product_tag":[1722,1719,1738,1720,1721],"yst_prominent_words":[1725,1728,1727,1724,444,1713,1717,1737,1734,1732,1726,386,1711,1735,1731,1729,1718,462,1733,1730],"class_list":{"0":"post-3407","1":"product","2":"type-product","3":"status-publish","4":"has-post-thumbnail","6":"product_cat-szafki-wozki-na-laptopy","7":"product_tag-metalowa-szafka-na-tablety","8":"product_tag-szafa-skrtkowa-na-laptopy","9":"product_tag-szafa-sznlt-2","10":"product_tag-szafka-na-laptopy","11":"product_tag-szafka-na-tablety","12":"entry","14":"first","15":"instock","16":"shipping-taxable","17":"product-type-simple"},"_links":{"self":[{"href":"https:\/\/www.metal-styl.com\/index.php\/wp-json\/wp\/v2\/product\/3407","targetHints":{"allow":["GET"]}}],"collection":[{"href":"https:\/\/www.metal-styl.com\/index.php\/wp-json\/wp\/v2\/product"}],"about":[{"href":"https:\/\/www.metal-styl.com\/index.php\/wp-json\/wp\/v2\/types\/product"}],"replies":[{"embeddable":true,"href":"https:\/\/www.metal-styl.com\/index.php\/wp-json\/wp\/v2\/comments?post=3407"}],"version-history":[{"count":5,"href":"https:\/\/www.metal-styl.com\/index.php\/wp-json\/wp\/v2\/product\/3407\/revisions"}],"predecessor-version":[{"id":3461,"href":"https:\/\/www.metal-styl.com\/index.php\/wp-json\/wp\/v2\/product\/3407\/revisions\/3461"}],"wp:featuredmedia":[{"embeddable":true,"href":"https:\/\/www.metal-styl.com\/index.php\/wp-json\/wp\/v2\/media\/3408"}],"wp:attachment":[{"href":"https:\/\/www.metal-styl.com\/index.php\/wp-json\/wp\/v2\/media?parent=3407"}],"wp:term":[{"taxonomy":"product_cat","embeddable":true,"href":"https:\/\/www.metal-styl.com\/index.php\/wp-json\/wp\/v2\/product_cat?post=3407"},{"taxonomy":"product_tag","embeddable":true,"href":"https:\/\/www.metal-styl.com\/index.php\/wp-json\/wp\/v2\/product_tag?post=3407"},{"taxonomy":"yst_prominent_words","embeddable":true,"href":"https:\/\/www.metal-styl.com\/index.php\/wp-json\/wp\/v2\/yst_prominent_words?post=3407"}],"curies":[{"name":"wp","href":"https:\/\/api.w.org\/{rel}","templated":true}]}}