{"id":3532,"date":"2020-02-25T10:45:24","date_gmt":"2020-02-25T10:45:24","guid":{"rendered":"https:\/\/www.metal-styl.com\/?post_type=product&#038;p=3532"},"modified":"2020-02-25T11:00:21","modified_gmt":"2020-02-25T11:00:21","slug":"wkladka-zamka-4200012","status":"publish","type":"product","link":"https:\/\/www.metal-styl.com\/index.php\/produkt\/wkladka-zamka-4200012\/","title":{"rendered":"Wk\u0142adka zamka skrzyni 420012"},"content":{"rendered":"<p><span style=\"color: #800000;\"><strong>Wk\u0142adka zamka do skrzyni 420012<\/strong><\/span><\/p>\n<ul>\n<li>Wk\u0142adka b\u0119benkowa do wszystkich rodzaj\u00f3w skrzy\u0144 aluminiowych.<\/li>\n<li>Skrzynie mo\u017cna \u0142atwo uzbroi\u0107 w zamki.<\/li>\n<li>Masywne wykonanie.<\/li>\n<\/ul>\n<p>&nbsp;<\/p>\n","protected":false},"excerpt":{"rendered":"<p>Wk\u0142adka zamka do skrzyni 420012 Wk\u0142adka b\u0119benkowa do wszystkich rodzaj\u00f3w skrzy\u0144 aluminiowych. Skrzynie mo\u017cna \u0142atwo uzbroi\u0107 w zamki. Masywne wykonanie. &nbsp;<\/p>\n","protected":false},"featured_media":3541,"comment_status":"open","ping_status":"closed","template":"","meta":[],"product_cat":[1794,1812,1401],"product_tag":[1870,1864,1802,1804,1863,1869],"yst_prominent_words":[1868],"class_list":{"0":"post-3532","1":"product","2":"type-product","3":"status-publish","4":"has-post-thumbnail","6":"product_cat-aluminiowe-metalowe-skrzynie-walizki","7":"product_cat-skrzynie-aluminiowe-metalowe","8":"product_cat-wyposazenie-warsztatu","9":"product_tag-1870","10":"product_tag-skrzynia-metalowa","11":"product_tag-skrzynia-transportowa","12":"product_tag-skrzynka-do-transportu","13":"product_tag-skrzynka-metalowa","14":"product_tag-wkladka-do-zamka-420012","15":"entry","17":"first","18":"instock","19":"shipping-taxable","20":"product-type-simple"},"_links":{"self":[{"href":"https:\/\/www.metal-styl.com\/index.php\/wp-json\/wp\/v2\/product\/3532","targetHints":{"allow":["GET"]}}],"collection":[{"href":"https:\/\/www.metal-styl.com\/index.php\/wp-json\/wp\/v2\/product"}],"about":[{"href":"https:\/\/www.metal-styl.com\/index.php\/wp-json\/wp\/v2\/types\/product"}],"replies":[{"embeddable":true,"href":"https:\/\/www.metal-styl.com\/index.php\/wp-json\/wp\/v2\/comments?post=3532"}],"version-history":[{"count":1,"href":"https:\/\/www.metal-styl.com\/index.php\/wp-json\/wp\/v2\/product\/3532\/revisions"}],"predecessor-version":[{"id":3534,"href":"https:\/\/www.metal-styl.com\/index.php\/wp-json\/wp\/v2\/product\/3532\/revisions\/3534"}],"wp:featuredmedia":[{"embeddable":true,"href":"https:\/\/www.metal-styl.com\/index.php\/wp-json\/wp\/v2\/media\/3541"}],"wp:attachment":[{"href":"https:\/\/www.metal-styl.com\/index.php\/wp-json\/wp\/v2\/media?parent=3532"}],"wp:term":[{"taxonomy":"product_cat","embeddable":true,"href":"https:\/\/www.metal-styl.com\/index.php\/wp-json\/wp\/v2\/product_cat?post=3532"},{"taxonomy":"product_tag","embeddable":true,"href":"https:\/\/www.metal-styl.com\/index.php\/wp-json\/wp\/v2\/product_tag?post=3532"},{"taxonomy":"yst_prominent_words","embeddable":true,"href":"https:\/\/www.metal-styl.com\/index.php\/wp-json\/wp\/v2\/yst_prominent_words?post=3532"}],"curies":[{"name":"wp","href":"https:\/\/api.w.org\/{rel}","templated":true}]}}