{"id":3553,"date":"2020-02-25T11:14:31","date_gmt":"2020-02-25T11:14:31","guid":{"rendered":"https:\/\/www.metal-styl.com\/?post_type=product&#038;p=3553"},"modified":"2020-02-25T11:35:45","modified_gmt":"2020-02-25T11:35:45","slug":"walizka-aluminiowa-wal-cwa20","status":"publish","type":"product","link":"https:\/\/www.metal-styl.com\/index.php\/produkt\/walizka-aluminiowa-wal-cwa20\/","title":{"rendered":"Walizka aluminiowa \u015brednia WAL-CWA20"},"content":{"rendered":"<p><span style=\"color: #800000;\"><strong>Walizka aluminiowa \u015brednia WAL-CWA20<br \/>\n<\/strong><\/span><\/p>\n<p class=\"title\"><strong>Wymiary: wys\/szer\/g\u0142 110x430x310mm<\/strong><\/p>\n<p>Podstawowe cechy aluminiowej walizki na narz\u0119dzia<\/p>\n<p>\u2013 Stabilne, metalowe zamki zapadkowe na klucz.<br \/>\n\u2013 Mo\u017cliwo\u015b\u0107 zmiany ustawienia przegr\u00f3d.<br \/>\n\u2013 Wykonana z aluminium, p\u0142yty drewniano-pil\u015bniowej i tworzywa sztucznego.<\/p>\n<p>wype\u0142nienie piankowe dost\u0119pne osobno.<\/p>\n<p>&nbsp;<\/p>\n<p>&nbsp;<\/p>\n","protected":false},"excerpt":{"rendered":"<p><strong>Wymiary: wys\/szer\/g\u0142 110x430x310mm<\/strong><\/p>\n<p>&nbsp;<\/p>\n","protected":false},"featured_media":3554,"comment_status":"open","ping_status":"closed","template":"","meta":[],"product_cat":[1794,1813,1401],"product_tag":[1891,1890,1884],"yst_prominent_words":[],"class_list":{"0":"post-3553","1":"product","2":"type-product","3":"status-publish","4":"has-post-thumbnail","6":"product_cat-aluminiowe-metalowe-skrzynie-walizki","7":"product_cat-walizki","8":"product_cat-wyposazenie-warsztatu","9":"product_tag-cwa-20","10":"product_tag-wal-cwa20","11":"product_tag-walizka-aluminiowa","12":"entry","14":"first","15":"instock","16":"shipping-taxable","17":"product-type-simple"},"_links":{"self":[{"href":"https:\/\/www.metal-styl.com\/index.php\/wp-json\/wp\/v2\/product\/3553","targetHints":{"allow":["GET"]}}],"collection":[{"href":"https:\/\/www.metal-styl.com\/index.php\/wp-json\/wp\/v2\/product"}],"about":[{"href":"https:\/\/www.metal-styl.com\/index.php\/wp-json\/wp\/v2\/types\/product"}],"replies":[{"embeddable":true,"href":"https:\/\/www.metal-styl.com\/index.php\/wp-json\/wp\/v2\/comments?post=3553"}],"version-history":[{"count":2,"href":"https:\/\/www.metal-styl.com\/index.php\/wp-json\/wp\/v2\/product\/3553\/revisions"}],"predecessor-version":[{"id":3571,"href":"https:\/\/www.metal-styl.com\/index.php\/wp-json\/wp\/v2\/product\/3553\/revisions\/3571"}],"wp:featuredmedia":[{"embeddable":true,"href":"https:\/\/www.metal-styl.com\/index.php\/wp-json\/wp\/v2\/media\/3554"}],"wp:attachment":[{"href":"https:\/\/www.metal-styl.com\/index.php\/wp-json\/wp\/v2\/media?parent=3553"}],"wp:term":[{"taxonomy":"product_cat","embeddable":true,"href":"https:\/\/www.metal-styl.com\/index.php\/wp-json\/wp\/v2\/product_cat?post=3553"},{"taxonomy":"product_tag","embeddable":true,"href":"https:\/\/www.metal-styl.com\/index.php\/wp-json\/wp\/v2\/product_tag?post=3553"},{"taxonomy":"yst_prominent_words","embeddable":true,"href":"https:\/\/www.metal-styl.com\/index.php\/wp-json\/wp\/v2\/yst_prominent_words?post=3553"}],"curies":[{"name":"wp","href":"https:\/\/api.w.org\/{rel}","templated":true}]}}