{"id":3595,"date":"2020-02-25T11:44:45","date_gmt":"2020-02-25T11:44:45","guid":{"rendered":"https:\/\/www.metal-styl.com\/?post_type=product&#038;p=3595"},"modified":"2020-02-25T11:47:38","modified_gmt":"2020-02-25T11:47:38","slug":"walizka-na-instrumenty-proficase49-wali-425830","status":"publish","type":"product","link":"https:\/\/www.metal-styl.com\/index.php\/produkt\/walizka-na-instrumenty-proficase49-wali-425830\/","title":{"rendered":"Walizka na instrumenty ProfiCase49 WALI-425830"},"content":{"rendered":"<p><span style=\"color: #800000;\"><strong>Walizka na instrumenty ProfiCase49 WALI-425830<br \/>\n<\/strong><\/span><\/p>\n<p class=\"title\"><strong>Wymiary: wys\/szer\/g\u0142 138x1255x355mm<\/strong><\/p>\n<p>Walizka na instrumenty, sprz\u0119t sportowy i bro\u0144 wy\u0142o\u017cona piank\u0105 zapewniaj\u0105c\u0105 stabilno\u015b\u0107.<\/p>\n<p>Podstawowe cechy walizki na instrumenty:<br \/>\nIdealna na delikatne przyrz\u0105dy pomiarowe lub bro\u0144.<br \/>\nCa\u0142kowicie wy\u0142o\u017cona piank\u0105 zapewniaj\u0105c\u0105 stabilno\u015b\u0107 zawarto\u015bci.<br \/>\nZamki szyfrowe, wygodny uchwyt.<br \/>\nWykonana z aluminium, p\u0142yty drewniano-pil\u015bniowej i tworzywa sztucznego.<\/p>\n<p>&nbsp;<\/p>\n<p>&nbsp;<\/p>\n<p>&nbsp;<\/p>\n","protected":false},"excerpt":{"rendered":"<p><strong>Wymiary: wys\/szer\/g\u0142 138x1255x355mm<\/strong><\/p>\n<p>&nbsp;<\/p>\n","protected":false},"featured_media":3596,"comment_status":"open","ping_status":"closed","template":"","meta":[],"product_cat":[1794,1813,1401],"product_tag":[1911,1884,1907,1912],"yst_prominent_words":[1900,1899,1902,1897,1894,1904,1886,1895,1901,1896,1893,1892,1903,1898],"class_list":{"0":"post-3595","1":"product","2":"type-product","3":"status-publish","4":"has-post-thumbnail","6":"product_cat-aluminiowe-metalowe-skrzynie-walizki","7":"product_cat-walizki","8":"product_cat-wyposazenie-warsztatu","9":"product_tag-wali-425830","10":"product_tag-walizka-aluminiowa","11":"product_tag-walizka-na-instrumenty","12":"product_tag-walizka-proficase49","13":"entry","15":"first","16":"instock","17":"shipping-taxable","18":"product-type-simple"},"_links":{"self":[{"href":"https:\/\/www.metal-styl.com\/index.php\/wp-json\/wp\/v2\/product\/3595","targetHints":{"allow":["GET"]}}],"collection":[{"href":"https:\/\/www.metal-styl.com\/index.php\/wp-json\/wp\/v2\/product"}],"about":[{"href":"https:\/\/www.metal-styl.com\/index.php\/wp-json\/wp\/v2\/types\/product"}],"replies":[{"embeddable":true,"href":"https:\/\/www.metal-styl.com\/index.php\/wp-json\/wp\/v2\/comments?post=3595"}],"version-history":[{"count":1,"href":"https:\/\/www.metal-styl.com\/index.php\/wp-json\/wp\/v2\/product\/3595\/revisions"}],"predecessor-version":[{"id":3599,"href":"https:\/\/www.metal-styl.com\/index.php\/wp-json\/wp\/v2\/product\/3595\/revisions\/3599"}],"wp:featuredmedia":[{"embeddable":true,"href":"https:\/\/www.metal-styl.com\/index.php\/wp-json\/wp\/v2\/media\/3596"}],"wp:attachment":[{"href":"https:\/\/www.metal-styl.com\/index.php\/wp-json\/wp\/v2\/media?parent=3595"}],"wp:term":[{"taxonomy":"product_cat","embeddable":true,"href":"https:\/\/www.metal-styl.com\/index.php\/wp-json\/wp\/v2\/product_cat?post=3595"},{"taxonomy":"product_tag","embeddable":true,"href":"https:\/\/www.metal-styl.com\/index.php\/wp-json\/wp\/v2\/product_tag?post=3595"},{"taxonomy":"yst_prominent_words","embeddable":true,"href":"https:\/\/www.metal-styl.com\/index.php\/wp-json\/wp\/v2\/yst_prominent_words?post=3595"}],"curies":[{"name":"wp","href":"https:\/\/api.w.org\/{rel}","templated":true}]}}