{"id":3600,"date":"2020-02-25T11:58:01","date_gmt":"2020-02-25T11:58:01","guid":{"rendered":"https:\/\/www.metal-styl.com\/?post_type=product&#038;p=3600"},"modified":"2020-02-25T12:03:17","modified_gmt":"2020-02-25T12:03:17","slug":"walizka-na-laptopa-proficase18-wall-420450","status":"publish","type":"product","link":"https:\/\/www.metal-styl.com\/index.php\/produkt\/walizka-na-laptopa-proficase18-wall-420450\/","title":{"rendered":"Walizka na laptopa ProfiCase18 WALL-420450"},"content":{"rendered":"<p><span style=\"color: #800000;\"><strong>Walizka na laptopa ProfiCase18 WALL-420450<br \/>\n<\/strong><\/span><\/p>\n<p class=\"title\"><strong>Wymiary: wys\/szer\/g\u0142 92x443x339mm<\/strong><\/p>\n<p><b>Walizka na laptopa<\/b> wysokiej jako\u015bci wykonana z aluminium, p\u0142yty drewniano-pil\u015bniowej i tworzywa sztucznego. Wyposa\u017cona w odpinany pasek na rami\u0119 i komory na dokumenty.<\/p>\n<p>Podstawowe cechy <b>walizki na laptop:<\/b><\/p>\n<ul>\n<li>Na zamek, odpinany pasek na rami\u0119.<\/li>\n<li>Komory na dokumenty w wieku walizki.<\/li>\n<li>Mo\u017cliwo\u015b\u0107 dostosowania do wymiar\u00f3w komputera do 15,4 cali oraz do akcesori\u00f3w.<\/li>\n<li>Wykonana z aluminium, p\u0142yty drewniano-pil\u015bniowej i tworzywa sztucznego<\/li>\n<\/ul>\n<p>&nbsp;<\/p>\n<p>&nbsp;<\/p>\n<p>&nbsp;<\/p>\n<p>&nbsp;<\/p>\n","protected":false},"excerpt":{"rendered":"<p><strong>Wymiary: wys\/szer\/g\u0142 92x443x339mm<\/strong><\/p>\n<p>&nbsp;<\/p>\n","protected":false},"featured_media":3601,"comment_status":"open","ping_status":"closed","template":"","meta":[],"product_cat":[1794,1813,1401],"product_tag":[1884,1933,1932,1934,1931],"yst_prominent_words":[1926,1920,1914,1923,1918,1925,1747,1929,1919,1924,1927,1917,1915,1928,1886,1921,1930,1922,1916,1913],"class_list":{"0":"post-3600","1":"product","2":"type-product","3":"status-publish","4":"has-post-thumbnail","6":"product_cat-aluminiowe-metalowe-skrzynie-walizki","7":"product_cat-walizki","8":"product_cat-wyposazenie-warsztatu","9":"product_tag-walizka-aluminiowa","10":"product_tag-walizka-aluminiowa-na-laptopa","11":"product_tag-walizka-na-laptopa","12":"product_tag-walizka-proficase18","13":"product_tag-wall-420450","14":"entry","16":"first","17":"instock","18":"shipping-taxable","19":"product-type-simple"},"_links":{"self":[{"href":"https:\/\/www.metal-styl.com\/index.php\/wp-json\/wp\/v2\/product\/3600","targetHints":{"allow":["GET"]}}],"collection":[{"href":"https:\/\/www.metal-styl.com\/index.php\/wp-json\/wp\/v2\/product"}],"about":[{"href":"https:\/\/www.metal-styl.com\/index.php\/wp-json\/wp\/v2\/types\/product"}],"replies":[{"embeddable":true,"href":"https:\/\/www.metal-styl.com\/index.php\/wp-json\/wp\/v2\/comments?post=3600"}],"version-history":[{"count":1,"href":"https:\/\/www.metal-styl.com\/index.php\/wp-json\/wp\/v2\/product\/3600\/revisions"}],"predecessor-version":[{"id":3602,"href":"https:\/\/www.metal-styl.com\/index.php\/wp-json\/wp\/v2\/product\/3600\/revisions\/3602"}],"wp:featuredmedia":[{"embeddable":true,"href":"https:\/\/www.metal-styl.com\/index.php\/wp-json\/wp\/v2\/media\/3601"}],"wp:attachment":[{"href":"https:\/\/www.metal-styl.com\/index.php\/wp-json\/wp\/v2\/media?parent=3600"}],"wp:term":[{"taxonomy":"product_cat","embeddable":true,"href":"https:\/\/www.metal-styl.com\/index.php\/wp-json\/wp\/v2\/product_cat?post=3600"},{"taxonomy":"product_tag","embeddable":true,"href":"https:\/\/www.metal-styl.com\/index.php\/wp-json\/wp\/v2\/product_tag?post=3600"},{"taxonomy":"yst_prominent_words","embeddable":true,"href":"https:\/\/www.metal-styl.com\/index.php\/wp-json\/wp\/v2\/yst_prominent_words?post=3600"}],"curies":[{"name":"wp","href":"https:\/\/api.w.org\/{rel}","templated":true}]}}