{"id":3614,"date":"2020-02-25T15:00:44","date_gmt":"2020-02-25T15:00:44","guid":{"rendered":"https:\/\/www.metal-styl.com\/?post_type=product&#038;p=3614"},"modified":"2020-02-25T16:16:25","modified_gmt":"2020-02-25T16:16:25","slug":"walizka-narzedziowa-waln-cwa10","status":"publish","type":"product","link":"https:\/\/www.metal-styl.com\/index.php\/produkt\/walizka-narzedziowa-waln-cwa10\/","title":{"rendered":"Walizka narz\u0119dziowa WALN-CWA10"},"content":{"rendered":"<p><span style=\"color: #800000;\"><strong>Skrzynia narz\u0119dziowa WALN-CWA10<br \/>\n<\/strong><\/span><\/p>\n<p class=\"title\"><strong>Wymiary: wys\/szer\/g\u0142 160x466x355mm<\/strong><\/p>\n<p><b>Aluminiowa walizka na narz\u0119dzia AluPlus ToolCase WALN-CWA10<\/b> posiadaj\u0105ca wyjmowan\u0105 wk\u0142adk\u0119 na narz\u0119dzia.<\/p>\n<ul>\n<li>Wyjmowana wk\u0142adka na narz\u0119dzia.<\/li>\n<li>Stabilne, metalowe zamki zapadkowe na klucz.<\/li>\n<li>Mo\u017cliwo\u015b\u0107 zmiany ustawienia przegr\u00f3d.<\/li>\n<li>Wykonana z aluminium, p\u0142yty drewniano-pil\u015bniowej i tworzywa sztucznego.<\/li>\n<\/ul>\n<p>&nbsp;<\/p>\n","protected":false},"excerpt":{"rendered":"<p><strong>Wymiary: wys\/szer\/g\u0142 160x466x355mm<\/strong><\/p>\n","protected":false},"featured_media":3617,"comment_status":"open","ping_status":"closed","template":"","meta":[],"product_cat":[1794,1813,1401],"product_tag":[1802,1804,1942,1940,1953],"yst_prominent_words":[635,1952],"class_list":{"0":"post-3614","1":"product","2":"type-product","3":"status-publish","4":"has-post-thumbnail","6":"product_cat-aluminiowe-metalowe-skrzynie-walizki","7":"product_cat-walizki","8":"product_cat-wyposazenie-warsztatu","9":"product_tag-skrzynia-transportowa","10":"product_tag-skrzynka-do-transportu","11":"product_tag-toolcase18","12":"product_tag-walizka-narzedziowa","13":"product_tag-waln-cwa10","14":"entry","16":"first","17":"instock","18":"shipping-taxable","19":"product-type-simple"},"_links":{"self":[{"href":"https:\/\/www.metal-styl.com\/index.php\/wp-json\/wp\/v2\/product\/3614","targetHints":{"allow":["GET"]}}],"collection":[{"href":"https:\/\/www.metal-styl.com\/index.php\/wp-json\/wp\/v2\/product"}],"about":[{"href":"https:\/\/www.metal-styl.com\/index.php\/wp-json\/wp\/v2\/types\/product"}],"replies":[{"embeddable":true,"href":"https:\/\/www.metal-styl.com\/index.php\/wp-json\/wp\/v2\/comments?post=3614"}],"version-history":[{"count":1,"href":"https:\/\/www.metal-styl.com\/index.php\/wp-json\/wp\/v2\/product\/3614\/revisions"}],"predecessor-version":[{"id":3619,"href":"https:\/\/www.metal-styl.com\/index.php\/wp-json\/wp\/v2\/product\/3614\/revisions\/3619"}],"wp:featuredmedia":[{"embeddable":true,"href":"https:\/\/www.metal-styl.com\/index.php\/wp-json\/wp\/v2\/media\/3617"}],"wp:attachment":[{"href":"https:\/\/www.metal-styl.com\/index.php\/wp-json\/wp\/v2\/media?parent=3614"}],"wp:term":[{"taxonomy":"product_cat","embeddable":true,"href":"https:\/\/www.metal-styl.com\/index.php\/wp-json\/wp\/v2\/product_cat?post=3614"},{"taxonomy":"product_tag","embeddable":true,"href":"https:\/\/www.metal-styl.com\/index.php\/wp-json\/wp\/v2\/product_tag?post=3614"},{"taxonomy":"yst_prominent_words","embeddable":true,"href":"https:\/\/www.metal-styl.com\/index.php\/wp-json\/wp\/v2\/yst_prominent_words?post=3614"}],"curies":[{"name":"wp","href":"https:\/\/api.w.org\/{rel}","templated":true}]}}