{"id":3620,"date":"2020-02-25T16:17:34","date_gmt":"2020-02-25T16:17:34","guid":{"rendered":"https:\/\/www.metal-styl.com\/?post_type=product&#038;p=3620"},"modified":"2020-03-04T18:16:39","modified_gmt":"2020-03-04T18:16:39","slug":"walizka-narzedziowa-toolcase14-waln-425300","status":"publish","type":"product","link":"https:\/\/www.metal-styl.com\/index.php\/produkt\/walizka-narzedziowa-toolcase14-waln-425300\/","title":{"rendered":"Walizka narz\u0119dziowa toolcase14 WALN-425300"},"content":{"rendered":"<p><span style=\"color: #800000;\"><strong>Skrzynia narz\u0119dziowa toolcase14 WALN-425300<br \/>\n<\/strong><\/span><\/p>\n<p class=\"title\"><strong>Wymiary: wys\/szer\/g\u0142 275x365x230mm<\/strong><\/p>\n<p><b>Aluminiowa skrzynka na narz\u0119dzia<\/b> z u\u017cytecznymi p\u00f3\u0142kami , otwieraj\u0105cymi si\u0119 wraz z wiekiem.<\/p>\n<p>Podstawowe cechy <b>walizki narz\u0119dziowej:<\/b><\/p>\n<ul>\n<li>U\u017cyteczne p\u00f3\u0142ki otwieraj\u0105ce si\u0119 wraz z wiekiem.<\/li>\n<li>Stabilne, metalowe zamki zapadkowe na klucz.<\/li>\n<li>Mo\u017cliwo\u015b\u0107 zmiany ustawienia przegr\u00f3d w g\u00f3rnej jak i dolnej cz\u0119\u015bci.<\/li>\n<li>Wykonana z aluminium, p\u0142yty drewniano-pil\u015bniowej i tworzywa sztucznego.<\/li>\n<\/ul>\n<p>Prezentujemy kolejny produkt marki <strong>Allit \u2013 aluminiowa walizka na drobne elementy<\/strong>. Jej podstawowa zaleta to automatycznie rozsuwane p\u00f3\u0142ki, umo\u017cliwiaj\u0105ce jednoczesny dost\u0119p do drobnych element\u00f3w mi\u0119dzy przegr\u00f3dkami i pozosta\u0142ej cz\u0119\u015bci walizki, oraz nowoczesny design: srebrny kolor z czarnymi elementami. Ju\u017c nadana przez nas nazwa sugeruje zastosowanie walizki, jednak warty podkre\u015blenia jest fakt, \u017ce przegrody mo\u017cna dowolnie regulowa\u0107, co zapewnia mo\u017cliwo\u015b\u0107 dostosowania walizki do w\u0142asnych potrzeb.<\/p>\n<p>W\u0142a\u015bciwo\u015bci:<\/p>\n<p>&#8211; materia\u0142 wykonania: aluminium, p\u0142yta drewniano &#8211; pil\u015bniowa oraz tworzywo sztuczne;<\/p>\n<p>&#8211; wzmocnione naro\u017cniki;<\/p>\n<p>&#8211; mocny uchwyt;<\/p>\n<p>&#8211; solidne zamki;<\/p>\n<p>&#8211; liczne schowki i przegr\u00f3dki, z \u0142atwym dost\u0119pem i mo\u017cliwo\u015bci\u0105 regulacji.<\/p>\n<p>Zapraszamy do zakup\u00f3w w bardzo korzystnych cenach!<\/p>\n<p><strong>wymiar zewn\u0119trzny: \u2013 365x230x275 mm<\/strong><\/p>\n<p><strong>wymiar wewn\u0119trznych kom\u00f3r \u2013 4x315x85x35 mm<\/strong><\/p>\n<p><strong>wymiar wewn\u0119trzny dolnej cz\u0119\u015bci \u2013 345x210x140 mm<\/strong><\/p>\n","protected":false},"excerpt":{"rendered":"<p><strong>Wymiary: wys\/szer\/g\u0142 275x365x230mm<\/strong><\/p>\n","protected":false},"featured_media":3622,"comment_status":"open","ping_status":"closed","template":"","meta":[],"product_cat":[1794,1813,1401],"product_tag":[1802,1804,1955,1940,1954],"yst_prominent_words":[1887,1972,1978,450,874,1977,1888,1964,1970],"class_list":{"0":"post-3620","1":"product","2":"type-product","3":"status-publish","4":"has-post-thumbnail","6":"product_cat-aluminiowe-metalowe-skrzynie-walizki","7":"product_cat-walizki","8":"product_cat-wyposazenie-warsztatu","9":"product_tag-skrzynia-transportowa","10":"product_tag-skrzynka-do-transportu","11":"product_tag-toolcase14","12":"product_tag-walizka-narzedziowa","13":"product_tag-waln-425300","14":"entry","16":"first","17":"instock","18":"shipping-taxable","19":"product-type-simple"},"_links":{"self":[{"href":"https:\/\/www.metal-styl.com\/index.php\/wp-json\/wp\/v2\/product\/3620","targetHints":{"allow":["GET"]}}],"collection":[{"href":"https:\/\/www.metal-styl.com\/index.php\/wp-json\/wp\/v2\/product"}],"about":[{"href":"https:\/\/www.metal-styl.com\/index.php\/wp-json\/wp\/v2\/types\/product"}],"replies":[{"embeddable":true,"href":"https:\/\/www.metal-styl.com\/index.php\/wp-json\/wp\/v2\/comments?post=3620"}],"version-history":[{"count":2,"href":"https:\/\/www.metal-styl.com\/index.php\/wp-json\/wp\/v2\/product\/3620\/revisions"}],"predecessor-version":[{"id":3643,"href":"https:\/\/www.metal-styl.com\/index.php\/wp-json\/wp\/v2\/product\/3620\/revisions\/3643"}],"wp:featuredmedia":[{"embeddable":true,"href":"https:\/\/www.metal-styl.com\/index.php\/wp-json\/wp\/v2\/media\/3622"}],"wp:attachment":[{"href":"https:\/\/www.metal-styl.com\/index.php\/wp-json\/wp\/v2\/media?parent=3620"}],"wp:term":[{"taxonomy":"product_cat","embeddable":true,"href":"https:\/\/www.metal-styl.com\/index.php\/wp-json\/wp\/v2\/product_cat?post=3620"},{"taxonomy":"product_tag","embeddable":true,"href":"https:\/\/www.metal-styl.com\/index.php\/wp-json\/wp\/v2\/product_tag?post=3620"},{"taxonomy":"yst_prominent_words","embeddable":true,"href":"https:\/\/www.metal-styl.com\/index.php\/wp-json\/wp\/v2\/yst_prominent_words?post=3620"}],"curies":[{"name":"wp","href":"https:\/\/api.w.org\/{rel}","templated":true}]}}