{"id":3624,"date":"2020-02-25T16:22:24","date_gmt":"2020-02-25T16:22:24","guid":{"rendered":"https:\/\/www.metal-styl.com\/?post_type=product&#038;p=3624"},"modified":"2020-02-27T09:13:37","modified_gmt":"2020-02-27T09:13:37","slug":"walizka-narzedziowa-waln-421050","status":"publish","type":"product","link":"https:\/\/www.metal-styl.com\/index.php\/produkt\/walizka-narzedziowa-waln-421050\/","title":{"rendered":"Walizka narz\u0119dziowa WALN-421050"},"content":{"rendered":"<p><span style=\"color: #800000;\"><strong>Skrzynia narz\u0119dziowa WALN-421050<br \/>\n<\/strong><\/span><\/p>\n<p class=\"title\"><strong>Wymiary: wys\/szer\/g\u0142 375x365x365mm<\/strong><\/p>\n<p><b>Aluminiowa skrzynia \/ walizka na narz\u0119dzia<\/b> z wiekiem wy\u0142o\u017conym piank\u0105 i solidnymi zamkami na klucz.<\/p>\n<ul>\n<li>Wytrzyma\u0142a powierzchnia, stabilne naro\u017cniki, wygodny uchwyt .<\/li>\n<li>Wn\u0119trze wieka wy\u0142o\u017cone piank\u0105, mo\u017cliwo\u015b\u0107 zmiany ustawienia elastycznych przegr\u00f3d.<\/li>\n<li>Solidne zamki na klucz.<\/li>\n<li>Wykonana z aluminium, p\u0142yty drewniano-pil\u015bniowe, tworzywo sztuczne.<\/li>\n<\/ul>\n<p>Oferujemy solidny produkt niemieckiej marki Allit &#8211; estetyczn\u0105, <strong>czarn\u0105 transportow\u0105 walizk\u0119 aluminiow\u0105<\/strong>. To najmniejsza ze skrzy\u0144 transportowych dost\u0119pnych w naszej ofercie. Jest przystosowana do przechowywania niewielkich przedmiot\u00f3w, jednak za spraw\u0105 udogodnie\u0144 typu uchwyt, zamkni\u0119cie na zamki czy opcja monta\u017cu k\u00f3\u0142ek, \u015bwietnie sprawdza si\u0119 jako kufer transportowy.<\/p>\n<p>W\u0142a\u015bciwo\u015bci:<\/p>\n<p>&#8211; materia\u0142 wykonania: aluminium, p\u0142yta drewniano-pil\u015bniowa, tworzywo sztuczne;<\/p>\n<p>&#8211; wzmocnione naro\u017cniki;<\/p>\n<p>&#8211; wygodny i wytrzyma\u0142y uchwyt do przenoszenia walizki;<\/p>\n<p>&#8211; solidne zamki;<\/p>\n<p>&#8211; wieko wype\u0142nione zabezpieczaj\u0105ca piank\u0105;<\/p>\n<p>&#8211; przegrody umo\u017cliwiaj\u0105ce bezpieczne rozmieszczenie przechowywanych czy transportowanych produkt\u00f3w;<\/p>\n<p>&#8211; mo\u017cliwo\u015b\u0107 monta\u017cu k\u00f3\u0142ek.<\/p>\n<p>Walizka jest idealnym po\u0142\u0105czeniem funkcji praktycznych i estetycznych &#8211; \u0142atwa w transporcie, zabezpiecza przewo\u017cone sprz\u0119ty i daje si\u0119 zachowa\u0107 w dobrym stanie przez d\u0142ugi okres u\u017cytkowania.<\/p>\n<p><strong>wymiar zewn\u0119trzny &#8211; 365x365x375 mm<\/strong><\/p>\n<p><strong>wymiar wewn\u0119trzny &#8211; 340x340x330 mm<\/strong><\/p>\n","protected":false},"excerpt":{"rendered":"<p><strong>Wymiary: wys\/szer\/g\u0142 375x365x365mm<\/strong><\/p>\n","protected":false},"featured_media":3626,"comment_status":"open","ping_status":"closed","template":"","meta":[],"product_cat":[1794,1813,1401],"product_tag":[1802,1804,1940,1958],"yst_prominent_words":[1972,1957,1976,1974,1968,450,1963,1902,1956,1490,1966,1973,1975,1967,1969,1886,1971,1964,1970],"class_list":{"0":"post-3624","1":"product","2":"type-product","3":"status-publish","4":"has-post-thumbnail","6":"product_cat-aluminiowe-metalowe-skrzynie-walizki","7":"product_cat-walizki","8":"product_cat-wyposazenie-warsztatu","9":"product_tag-skrzynia-transportowa","10":"product_tag-skrzynka-do-transportu","11":"product_tag-walizka-narzedziowa","12":"product_tag-waln-421050","13":"entry","15":"first","16":"instock","17":"shipping-taxable","18":"product-type-simple"},"_links":{"self":[{"href":"https:\/\/www.metal-styl.com\/index.php\/wp-json\/wp\/v2\/product\/3624","targetHints":{"allow":["GET"]}}],"collection":[{"href":"https:\/\/www.metal-styl.com\/index.php\/wp-json\/wp\/v2\/product"}],"about":[{"href":"https:\/\/www.metal-styl.com\/index.php\/wp-json\/wp\/v2\/types\/product"}],"replies":[{"embeddable":true,"href":"https:\/\/www.metal-styl.com\/index.php\/wp-json\/wp\/v2\/comments?post=3624"}],"version-history":[{"count":3,"href":"https:\/\/www.metal-styl.com\/index.php\/wp-json\/wp\/v2\/product\/3624\/revisions"}],"predecessor-version":[{"id":3642,"href":"https:\/\/www.metal-styl.com\/index.php\/wp-json\/wp\/v2\/product\/3624\/revisions\/3642"}],"wp:featuredmedia":[{"embeddable":true,"href":"https:\/\/www.metal-styl.com\/index.php\/wp-json\/wp\/v2\/media\/3626"}],"wp:attachment":[{"href":"https:\/\/www.metal-styl.com\/index.php\/wp-json\/wp\/v2\/media?parent=3624"}],"wp:term":[{"taxonomy":"product_cat","embeddable":true,"href":"https:\/\/www.metal-styl.com\/index.php\/wp-json\/wp\/v2\/product_cat?post=3624"},{"taxonomy":"product_tag","embeddable":true,"href":"https:\/\/www.metal-styl.com\/index.php\/wp-json\/wp\/v2\/product_tag?post=3624"},{"taxonomy":"yst_prominent_words","embeddable":true,"href":"https:\/\/www.metal-styl.com\/index.php\/wp-json\/wp\/v2\/yst_prominent_words?post=3624"}],"curies":[{"name":"wp","href":"https:\/\/api.w.org\/{rel}","templated":true}]}}