{"id":3637,"date":"2020-02-27T09:06:02","date_gmt":"2020-02-27T09:06:02","guid":{"rendered":"https:\/\/www.metal-styl.com\/?post_type=product&#038;p=3637"},"modified":"2020-02-27T09:09:44","modified_gmt":"2020-02-27T09:09:44","slug":"walizka-narzedziowa-waln-421200","status":"publish","type":"product","link":"https:\/\/www.metal-styl.com\/index.php\/produkt\/walizka-narzedziowa-waln-421200\/","title":{"rendered":"Walizka narz\u0119dziowa WALN-421200"},"content":{"rendered":"<p><span style=\"color: #800000;\"><strong>Skrzynia narz\u0119dziowa WALN-421200<br \/>\n<\/strong><\/span><\/p>\n<p class=\"title\"><strong>Wymiary: wys\/szer\/g\u0142 355x565x475mm<\/strong><\/p>\n<p>Jedna z wi\u0119kszych dost\u0119pnych w naszym sklepie <strong>skrzy\u0144 transportowych (walizek aluminiowych)<\/strong>, wyprodukowana przez sprawdzon\u0105 mark\u0119 Allit. Polecamy, by wykorzysta\u0107 j\u0105 do transportu du\u017cych przedmiot\u00f3w, wymagaj\u0105cych starannego zabezpieczenia. Pozwoli bezpiecznie przetransportowa\u0107 delikatne urz\u0105dzenia pomiarowe, sprz\u0119t muzyczny, rzutniki, itp. Satysfakcj\u0119 z jej u\u017cytkowania zapewniaj\u0105 solidne boczne uchwyty, kt\u00f3re zdecydowanie u\u0142atwiaj\u0105 manewrowanie skrzyni\u0105 w trakcie transportu. Dodatkowym zabezpieczeniem przed uszkodzeniami s\u0105 naro\u017cniki os\u0142oni\u0119te stalowymi kulami.<\/p>\n<p>W\u0142a\u015bciwo\u015bci:<\/p>\n<p>&#8211; g\u0142\u00f3wny materia\u0142, z kt\u00f3rego jest wykonana to aluminium, materia\u0142y uzupe\u0142niaj\u0105ce to tworzywo sztuczne i p\u0142yta drewniano-pil\u015bniowa;<\/p>\n<p>&#8211; naro\u017cniki wzmocnione za pomoc\u0105 stalowych kul;<\/p>\n<p>&#8211; zestaw por\u0119cznych uchwyt\u00f3w;<\/p>\n<p>&#8211; zamki;<\/p>\n<p>&#8211; wieko z gumami umo\u017cliwiaj\u0105cymi uporz\u0105dkowanie lu\u017anych element\u00f3w transportowanych produkt\u00f3w, np. kabli, itp.<\/p>\n<p>&#8211; mo\u017cliwo\u015b\u0107 monta\u017cu k\u00f3\u0142ek.<\/p>\n<p>Skrzynia transportowa wykonana z wysokojako\u015bciowych materia\u0142\u00f3w zadowoli najbardziej wymagaj\u0105cych u\u017cytkownik\u00f3w.<\/p>\n<p><strong>wymiar zewn\u0119trzny &#8211; 565x475x355 mm<\/strong><\/p>\n<p><strong>wymiar wewn\u0119trzny &#8211; 530x435x325 mm<\/strong><\/p>\n<p>&nbsp;<\/p>\n<p>&nbsp;<\/p>\n","protected":false},"excerpt":{"rendered":"<p><strong>Wymiary: wys\/szer\/g\u0142 355x565x475mm<\/strong><\/p>\n","protected":false},"featured_media":3626,"comment_status":"open","ping_status":"closed","template":"","meta":[],"product_cat":[1794,1813,1401],"product_tag":[1802,1804,1940,1965],"yst_prominent_words":[1962,1963,1956,1960,1930,1961,1964],"class_list":{"0":"post-3637","1":"product","2":"type-product","3":"status-publish","4":"has-post-thumbnail","6":"product_cat-aluminiowe-metalowe-skrzynie-walizki","7":"product_cat-walizki","8":"product_cat-wyposazenie-warsztatu","9":"product_tag-skrzynia-transportowa","10":"product_tag-skrzynka-do-transportu","11":"product_tag-walizka-narzedziowa","12":"product_tag-waln-421200","13":"entry","15":"first","16":"instock","17":"shipping-taxable","18":"product-type-simple"},"_links":{"self":[{"href":"https:\/\/www.metal-styl.com\/index.php\/wp-json\/wp\/v2\/product\/3637","targetHints":{"allow":["GET"]}}],"collection":[{"href":"https:\/\/www.metal-styl.com\/index.php\/wp-json\/wp\/v2\/product"}],"about":[{"href":"https:\/\/www.metal-styl.com\/index.php\/wp-json\/wp\/v2\/types\/product"}],"replies":[{"embeddable":true,"href":"https:\/\/www.metal-styl.com\/index.php\/wp-json\/wp\/v2\/comments?post=3637"}],"version-history":[{"count":1,"href":"https:\/\/www.metal-styl.com\/index.php\/wp-json\/wp\/v2\/product\/3637\/revisions"}],"predecessor-version":[{"id":3638,"href":"https:\/\/www.metal-styl.com\/index.php\/wp-json\/wp\/v2\/product\/3637\/revisions\/3638"}],"wp:featuredmedia":[{"embeddable":true,"href":"https:\/\/www.metal-styl.com\/index.php\/wp-json\/wp\/v2\/media\/3626"}],"wp:attachment":[{"href":"https:\/\/www.metal-styl.com\/index.php\/wp-json\/wp\/v2\/media?parent=3637"}],"wp:term":[{"taxonomy":"product_cat","embeddable":true,"href":"https:\/\/www.metal-styl.com\/index.php\/wp-json\/wp\/v2\/product_cat?post=3637"},{"taxonomy":"product_tag","embeddable":true,"href":"https:\/\/www.metal-styl.com\/index.php\/wp-json\/wp\/v2\/product_tag?post=3637"},{"taxonomy":"yst_prominent_words","embeddable":true,"href":"https:\/\/www.metal-styl.com\/index.php\/wp-json\/wp\/v2\/yst_prominent_words?post=3637"}],"curies":[{"name":"wp","href":"https:\/\/api.w.org\/{rel}","templated":true}]}}