{"id":3648,"date":"2020-02-27T09:36:26","date_gmt":"2020-02-27T09:36:26","guid":{"rendered":"https:\/\/www.metal-styl.com\/?post_type=product&#038;p=3648"},"modified":"2020-02-27T09:53:43","modified_gmt":"2020-02-27T09:53:43","slug":"walizka-serwisowa-wals-426100","status":"publish","type":"product","link":"https:\/\/www.metal-styl.com\/index.php\/produkt\/walizka-serwisowa-wals-426100\/","title":{"rendered":"Walizka serwisowa ma\u0142a z przegrodami WALS-426100"},"content":{"rendered":"<p><span style=\"color: #800000;\"><strong>Skrzynia serwisowa WALS-426100<br \/>\n<\/strong><\/span><\/p>\n<p class=\"title\"><strong>Wymiary: wys\/szer\/g\u0142 135x355x325mm<\/strong><\/p>\n<p>W pe\u0142ni profesjonalna walizka serwisowa niemieckiej firmy Allit z regulowanymi przegrodami oraz metalowymi uchwytami na narz\u0119dzia r\u0119czne w g\u00f3rnej cz\u0119\u015bci walizki ( bez wyposa\u017cenia narz\u0119dzi ). Solidna aluminiowa obudowa, zamkni\u0119cia szyfrowe oraz mocne naro\u017cniki naro\u017cniki z tworzywa sztucznego sprawiaj\u0105 i\u017c walizka jest mocna i niedost\u0119pna dla os\u00f3b postronnych.<\/p>\n<p>&nbsp;<\/p>\n","protected":false},"excerpt":{"rendered":"<p><strong>Wymiary: wys\/szer\/g\u0142 135x355x325mm<\/strong><\/p>\n","protected":false},"featured_media":3649,"comment_status":"open","ping_status":"closed","template":"","meta":[],"product_cat":[1794,1813,1401],"product_tag":[1802,1804,1940,1984,1987],"yst_prominent_words":[1963,1982,1886],"class_list":{"0":"post-3648","1":"product","2":"type-product","3":"status-publish","4":"has-post-thumbnail","6":"product_cat-aluminiowe-metalowe-skrzynie-walizki","7":"product_cat-walizki","8":"product_cat-wyposazenie-warsztatu","9":"product_tag-skrzynia-transportowa","10":"product_tag-skrzynka-do-transportu","11":"product_tag-walizka-narzedziowa","12":"product_tag-walizka-serwisowa","13":"product_tag-wals-426100","14":"entry","16":"first","17":"instock","18":"shipping-taxable","19":"product-type-simple"},"_links":{"self":[{"href":"https:\/\/www.metal-styl.com\/index.php\/wp-json\/wp\/v2\/product\/3648","targetHints":{"allow":["GET"]}}],"collection":[{"href":"https:\/\/www.metal-styl.com\/index.php\/wp-json\/wp\/v2\/product"}],"about":[{"href":"https:\/\/www.metal-styl.com\/index.php\/wp-json\/wp\/v2\/types\/product"}],"replies":[{"embeddable":true,"href":"https:\/\/www.metal-styl.com\/index.php\/wp-json\/wp\/v2\/comments?post=3648"}],"version-history":[{"count":3,"href":"https:\/\/www.metal-styl.com\/index.php\/wp-json\/wp\/v2\/product\/3648\/revisions"}],"predecessor-version":[{"id":3653,"href":"https:\/\/www.metal-styl.com\/index.php\/wp-json\/wp\/v2\/product\/3648\/revisions\/3653"}],"wp:featuredmedia":[{"embeddable":true,"href":"https:\/\/www.metal-styl.com\/index.php\/wp-json\/wp\/v2\/media\/3649"}],"wp:attachment":[{"href":"https:\/\/www.metal-styl.com\/index.php\/wp-json\/wp\/v2\/media?parent=3648"}],"wp:term":[{"taxonomy":"product_cat","embeddable":true,"href":"https:\/\/www.metal-styl.com\/index.php\/wp-json\/wp\/v2\/product_cat?post=3648"},{"taxonomy":"product_tag","embeddable":true,"href":"https:\/\/www.metal-styl.com\/index.php\/wp-json\/wp\/v2\/product_tag?post=3648"},{"taxonomy":"yst_prominent_words","embeddable":true,"href":"https:\/\/www.metal-styl.com\/index.php\/wp-json\/wp\/v2\/yst_prominent_words?post=3648"}],"curies":[{"name":"wp","href":"https:\/\/api.w.org\/{rel}","templated":true}]}}