{"id":3651,"date":"2020-02-27T09:42:45","date_gmt":"2020-02-27T09:42:45","guid":{"rendered":"https:\/\/www.metal-styl.com\/?post_type=product&#038;p=3651"},"modified":"2020-02-27T09:59:45","modified_gmt":"2020-02-27T09:59:45","slug":"walizka-serwisowa-wals-426210","status":"publish","type":"product","link":"https:\/\/www.metal-styl.com\/index.php\/produkt\/walizka-serwisowa-wals-426210\/","title":{"rendered":"Walizka serwisowa pusta WALS-426210"},"content":{"rendered":"<p><span style=\"color: #800000;\"><strong>Skrzynia serwisowa WALS-426210<br \/>\n<\/strong><\/span><\/p>\n<p class=\"title\"><strong>Wymiary: wys\/szer\/g\u0142 145x445x370mm<\/strong><\/p>\n<p>W pe\u0142ni profesjonalna walizka serwisowa niemieckiej firmy Allit z regulowanymi przegrodami oraz metalowymi uchwytami na narz\u0119dzia r\u0119czne w g\u00f3rnej cz\u0119\u015bci walizki ( bez wyposa\u017cenia narz\u0119dzi ). Solidna aluminiowa obudowa, zamkni\u0119cia szyfrowe oraz mocne naro\u017cniki naro\u017cniki z tworzywa sztucznego sprawiaj\u0105 i\u017c walizka jest mocna i niedost\u0119pna dla os\u00f3b postronnych.<\/p>\n","protected":false},"excerpt":{"rendered":"<p><strong>Wymiary: wys\/szer\/g\u0142 145x445x370mm<\/strong><\/p>\n","protected":false},"featured_media":3655,"comment_status":"open","ping_status":"closed","template":"","meta":[],"product_cat":[1794,1813,1401],"product_tag":[1802,1804,1940,1984,1988],"yst_prominent_words":[1963,1982,1886],"class_list":{"0":"post-3651","1":"product","2":"type-product","3":"status-publish","4":"has-post-thumbnail","6":"product_cat-aluminiowe-metalowe-skrzynie-walizki","7":"product_cat-walizki","8":"product_cat-wyposazenie-warsztatu","9":"product_tag-skrzynia-transportowa","10":"product_tag-skrzynka-do-transportu","11":"product_tag-walizka-narzedziowa","12":"product_tag-walizka-serwisowa","13":"product_tag-wals-426210","14":"entry","16":"first","17":"instock","18":"shipping-taxable","19":"product-type-simple"},"_links":{"self":[{"href":"https:\/\/www.metal-styl.com\/index.php\/wp-json\/wp\/v2\/product\/3651","targetHints":{"allow":["GET"]}}],"collection":[{"href":"https:\/\/www.metal-styl.com\/index.php\/wp-json\/wp\/v2\/product"}],"about":[{"href":"https:\/\/www.metal-styl.com\/index.php\/wp-json\/wp\/v2\/types\/product"}],"replies":[{"embeddable":true,"href":"https:\/\/www.metal-styl.com\/index.php\/wp-json\/wp\/v2\/comments?post=3651"}],"version-history":[{"count":1,"href":"https:\/\/www.metal-styl.com\/index.php\/wp-json\/wp\/v2\/product\/3651\/revisions"}],"predecessor-version":[{"id":3656,"href":"https:\/\/www.metal-styl.com\/index.php\/wp-json\/wp\/v2\/product\/3651\/revisions\/3656"}],"wp:featuredmedia":[{"embeddable":true,"href":"https:\/\/www.metal-styl.com\/index.php\/wp-json\/wp\/v2\/media\/3655"}],"wp:attachment":[{"href":"https:\/\/www.metal-styl.com\/index.php\/wp-json\/wp\/v2\/media?parent=3651"}],"wp:term":[{"taxonomy":"product_cat","embeddable":true,"href":"https:\/\/www.metal-styl.com\/index.php\/wp-json\/wp\/v2\/product_cat?post=3651"},{"taxonomy":"product_tag","embeddable":true,"href":"https:\/\/www.metal-styl.com\/index.php\/wp-json\/wp\/v2\/product_tag?post=3651"},{"taxonomy":"yst_prominent_words","embeddable":true,"href":"https:\/\/www.metal-styl.com\/index.php\/wp-json\/wp\/v2\/yst_prominent_words?post=3651"}],"curies":[{"name":"wp","href":"https:\/\/api.w.org\/{rel}","templated":true}]}}