{"id":3657,"date":"2020-02-27T10:00:42","date_gmt":"2020-02-27T10:00:42","guid":{"rendered":"https:\/\/www.metal-styl.com\/?post_type=product&#038;p=3657"},"modified":"2020-02-27T10:06:56","modified_gmt":"2020-02-27T10:06:56","slug":"walizka-warsztatowa-walw-420350","status":"publish","type":"product","link":"https:\/\/www.metal-styl.com\/index.php\/produkt\/walizka-warsztatowa-walw-420350\/","title":{"rendered":"Walizka warsztatowa WALW-420350"},"content":{"rendered":"<p><span style=\"color: #800000;\"><strong>Skrzynia serwisowa WALS-420350<\/strong><\/span><\/p>\n<p class=\"title\"><strong>Wymiary: wys\/szer\/g\u0142 385x520x255mm<\/strong><\/p>\n<p>Prezentowana du\u017ca, uniwersalna, <strong>aluminiowa walizka serwisowa<\/strong> zas\u0142uguje na miano przeno\u015bnego warsztatu. To jeden z najlepiej zorganizowanych produkt\u00f3w w naszej ofercie &#8211; z licznymi schowkami, pojemnikami oraz przegrodami, jest pojemny, jak \u017cadna inna walizka. Ka\u017cdy u\u017cytkownik b\u0119dzie zadowolony z dw\u00f3ch palet na r\u00f3\u017cnego rodzaju narz\u0119dzia oraz przegrody na dokumenty i akcesoria. Dodatkowo korzystanie z walizki u\u0142atwia dwucz\u0119\u015bciowe wieko, za spraw\u0105 kt\u00f3rego dost\u0119p na narz\u0119dzi jest bardzo \u0142atwy. Warto uwzgl\u0119dni\u0107 r\u00f3wnie\u017c, \u017ce walizka jest wyposa\u017cona w zamki szyfrowe, dodatkowe boczne zamkni\u0119cia oraz pasek na rami\u0119.<\/p>\n<p>W\u0142a\u015bciwo\u015bci:<\/p>\n<p>&#8211; materia\u0142 wykonania: aluminium, tworzywo sztuczne oraz p\u0142yta drewniano &#8211; pil\u015bniowa;<\/p>\n<p>&#8211; wzmocnione naro\u017cniki;<\/p>\n<p>&#8211; mocny uchwyt;<\/p>\n<p>&#8211; zamki szyfrowe;<\/p>\n<p>&#8211; funkcjonalny podzia\u0142 wn\u0119trza walizki, z dodatkowymi przegrodami i kieszeniami.<\/p>\n<p>W wypadku tego sprz\u0119tu istnieje mo\u017cliwo\u015b\u0107 monta\u017cu k\u00f3\u0142ek.<\/p>\n<p>&nbsp;<\/p>\n","protected":false},"excerpt":{"rendered":"<p><strong>\u00a0<\/strong><strong>Wymiary: wys\/szer\/g\u0142 385x520x255mm<\/strong><\/p>\n<p><strong>\u00a0<\/strong><\/p>\n","protected":false},"featured_media":3658,"comment_status":"open","ping_status":"closed","template":"","meta":[],"product_cat":[1794,1813,1401],"product_tag":[1802,1804,1940,1984,1992,1991],"yst_prominent_words":[1986,1982,1990,1886,1977,1970,1989],"class_list":{"0":"post-3657","1":"product","2":"type-product","3":"status-publish","4":"has-post-thumbnail","6":"product_cat-aluminiowe-metalowe-skrzynie-walizki","7":"product_cat-walizki","8":"product_cat-wyposazenie-warsztatu","9":"product_tag-skrzynia-transportowa","10":"product_tag-skrzynka-do-transportu","11":"product_tag-walizka-narzedziowa","12":"product_tag-walizka-serwisowa","13":"product_tag-walizka-warsztatowa","14":"product_tag-walw-420350","15":"entry","17":"first","18":"instock","19":"shipping-taxable","20":"product-type-simple"},"_links":{"self":[{"href":"https:\/\/www.metal-styl.com\/index.php\/wp-json\/wp\/v2\/product\/3657","targetHints":{"allow":["GET"]}}],"collection":[{"href":"https:\/\/www.metal-styl.com\/index.php\/wp-json\/wp\/v2\/product"}],"about":[{"href":"https:\/\/www.metal-styl.com\/index.php\/wp-json\/wp\/v2\/types\/product"}],"replies":[{"embeddable":true,"href":"https:\/\/www.metal-styl.com\/index.php\/wp-json\/wp\/v2\/comments?post=3657"}],"version-history":[{"count":1,"href":"https:\/\/www.metal-styl.com\/index.php\/wp-json\/wp\/v2\/product\/3657\/revisions"}],"predecessor-version":[{"id":3660,"href":"https:\/\/www.metal-styl.com\/index.php\/wp-json\/wp\/v2\/product\/3657\/revisions\/3660"}],"wp:featuredmedia":[{"embeddable":true,"href":"https:\/\/www.metal-styl.com\/index.php\/wp-json\/wp\/v2\/media\/3658"}],"wp:attachment":[{"href":"https:\/\/www.metal-styl.com\/index.php\/wp-json\/wp\/v2\/media?parent=3657"}],"wp:term":[{"taxonomy":"product_cat","embeddable":true,"href":"https:\/\/www.metal-styl.com\/index.php\/wp-json\/wp\/v2\/product_cat?post=3657"},{"taxonomy":"product_tag","embeddable":true,"href":"https:\/\/www.metal-styl.com\/index.php\/wp-json\/wp\/v2\/product_tag?post=3657"},{"taxonomy":"yst_prominent_words","embeddable":true,"href":"https:\/\/www.metal-styl.com\/index.php\/wp-json\/wp\/v2\/yst_prominent_words?post=3657"}],"curies":[{"name":"wp","href":"https:\/\/api.w.org\/{rel}","templated":true}]}}