{"id":3661,"date":"2020-02-27T10:08:06","date_gmt":"2020-02-27T10:08:06","guid":{"rendered":"https:\/\/www.metal-styl.com\/?post_type=product&#038;p=3661"},"modified":"2020-02-27T10:14:42","modified_gmt":"2020-02-27T10:14:42","slug":"walizka-z-wypelnianiem-piankowym-wali-425830","status":"publish","type":"product","link":"https:\/\/www.metal-styl.com\/index.php\/produkt\/walizka-z-wypelnianiem-piankowym-wali-425830\/","title":{"rendered":"Walizka z wype\u0142nieniem piankowym WALI-425830"},"content":{"rendered":"<p><span style=\"color: #800000;\"><strong>Skrzynia serwisowa WALI-425830<\/strong><\/span><\/p>\n<p class=\"title\"><strong>Wymiary: wys\/szer\/g\u0142 140x1225x355mm<\/strong><\/p>\n<p>Prezentujemy kolejny z godnych polecenia produkt\u00f3w marki Allit &#8211; tym razem to <strong>walizka aluminiowa o specyficznym pod\u0142u\u017cnym kszta\u0142cie<\/strong>, kt\u00f3ry sprawia, \u017ce jest doskona\u0142ym rozwi\u0105zaniem do transportu przedmiot\u00f3w typu sprz\u0119t pomiarowy czy instrumenty muzyczne. Dodatkowym udogodnieniem dla delikatnych sprz\u0119t\u00f3w jest piankowe wype\u0142nienie walizki, kt\u00f3re stanowi gratisowy dodatek. Pianka naci\u0119ta jest w ma\u0142e kwadraty do samodzielnego usuwania, co pozwala \u0142atwo dopasowa\u0107 j\u0105 do ka\u017cdego przedmiotu.<\/p>\n<p>W\u0142a\u015bciwo\u015bci:<\/p>\n<p>&#8211; wykonana z: aluminium, tworzywa sztucznego oraz p\u0142yta drewniano &#8211; pil\u015bniowa;<\/p>\n<p>&#8211; wzmocnione naro\u017cniki;<\/p>\n<p>&#8211; mocny uchwyt;<\/p>\n<p>&#8211; zamki szyfrowe;<\/p>\n<p>&#8211; mo\u017cliwo\u015b\u0107 dowolnej aran\u017cacji wn\u0119trza walizki,<\/p>\n<p>&#8211; piankowe wype\u0142nienie w komplecie.<\/p>\n<p>Walizka aluminiowa o pod\u0142u\u017cnym kszta\u0142cie to doskona\u0142a odpowied\u017a na indywidualne oczekiwania os\u00f3b chc\u0105cych bezpiecznie przechowa\u0107 lub przetransportowa\u0107 przedmioty o niestandardowych wymiarach.<\/p>\n<p>&nbsp;<\/p>\n<p>&nbsp;<\/p>\n","protected":false},"excerpt":{"rendered":"<p><strong>Wymiary: wys\/szer\/g\u0142 140x1225x355mm<\/strong><\/p>\n<p><strong>\u00a0<\/strong><\/p>\n","protected":false},"featured_media":3662,"comment_status":"open","ping_status":"closed","template":"","meta":[],"product_cat":[1794,1813,1401],"product_tag":[1802,1804,1911,1907,1984,2000],"yst_prominent_words":[1887,1997,1998,1995,1996,1994,1886,1993,1977,1999],"class_list":{"0":"post-3661","1":"product","2":"type-product","3":"status-publish","4":"has-post-thumbnail","6":"product_cat-aluminiowe-metalowe-skrzynie-walizki","7":"product_cat-walizki","8":"product_cat-wyposazenie-warsztatu","9":"product_tag-skrzynia-transportowa","10":"product_tag-skrzynka-do-transportu","11":"product_tag-wali-425830","12":"product_tag-walizka-na-instrumenty","13":"product_tag-walizka-serwisowa","14":"product_tag-walizka-z-wypelnieniem-piankowym","15":"entry","17":"first","18":"instock","19":"shipping-taxable","20":"product-type-simple"},"_links":{"self":[{"href":"https:\/\/www.metal-styl.com\/index.php\/wp-json\/wp\/v2\/product\/3661","targetHints":{"allow":["GET"]}}],"collection":[{"href":"https:\/\/www.metal-styl.com\/index.php\/wp-json\/wp\/v2\/product"}],"about":[{"href":"https:\/\/www.metal-styl.com\/index.php\/wp-json\/wp\/v2\/types\/product"}],"replies":[{"embeddable":true,"href":"https:\/\/www.metal-styl.com\/index.php\/wp-json\/wp\/v2\/comments?post=3661"}],"version-history":[{"count":1,"href":"https:\/\/www.metal-styl.com\/index.php\/wp-json\/wp\/v2\/product\/3661\/revisions"}],"predecessor-version":[{"id":3665,"href":"https:\/\/www.metal-styl.com\/index.php\/wp-json\/wp\/v2\/product\/3661\/revisions\/3665"}],"wp:featuredmedia":[{"embeddable":true,"href":"https:\/\/www.metal-styl.com\/index.php\/wp-json\/wp\/v2\/media\/3662"}],"wp:attachment":[{"href":"https:\/\/www.metal-styl.com\/index.php\/wp-json\/wp\/v2\/media?parent=3661"}],"wp:term":[{"taxonomy":"product_cat","embeddable":true,"href":"https:\/\/www.metal-styl.com\/index.php\/wp-json\/wp\/v2\/product_cat?post=3661"},{"taxonomy":"product_tag","embeddable":true,"href":"https:\/\/www.metal-styl.com\/index.php\/wp-json\/wp\/v2\/product_tag?post=3661"},{"taxonomy":"yst_prominent_words","embeddable":true,"href":"https:\/\/www.metal-styl.com\/index.php\/wp-json\/wp\/v2\/yst_prominent_words?post=3661"}],"curies":[{"name":"wp","href":"https:\/\/api.w.org\/{rel}","templated":true}]}}