{"id":3673,"date":"2020-02-27T15:01:07","date_gmt":"2020-02-27T15:01:07","guid":{"rendered":"https:\/\/www.metal-styl.com\/?post_type=product&#038;p=3673"},"modified":"2020-02-27T15:05:05","modified_gmt":"2020-02-27T15:05:05","slug":"walizka-warsztatowa-walw-cws20","status":"publish","type":"product","link":"https:\/\/www.metal-styl.com\/index.php\/produkt\/walizka-warsztatowa-walw-cws20\/","title":{"rendered":"Walizka warsztatowa WALW-CWS20"},"content":{"rendered":"<p><span style=\"color: #800000;\"><strong>Skrzynia serwisowa WALW-CWS20<\/strong><\/span><\/p>\n<p class=\"title\"><strong>Wymiary: wys\/szer\/g\u0142 370x500x250mm<\/strong><\/p>\n<p>Proponujemy ta\u0144sz\u0105 i ja\u015bniejsz\u0105 wersj\u0119 du\u017cej uniwersalnej, <strong>aluminiowej walizki serwisowej.<\/strong> Pozwala mie\u0107 przy sobie wszystko, co niezb\u0119dne do pracy profesjonalisty. Bardzo liczne i pojemne schowki rozmieszczone s\u0105 w taki spos\u00f3b, \u017ce \u0142atwo do nich dotrze\u0107, bez potrzeby rozpakowywania ca\u0142ej walizki. Opr\u00f3cz przegr\u00f3d typowo narz\u0119dziowych producent pomy\u015bla\u0142 r\u00f3wnie\u017c o kieszeni na dokumenty, kt\u00f3re za spraw\u0105 transportu w walizce pozostan\u0105 w idealnym stanie. Dodatkowym zabezpieczeniem s\u0105 zamki szyfrowe i zwi\u0119kszaj\u0105ce odporno\u015b\u0107 na uderzenia wzmacniane naro\u017cniki.<\/p>\n<p>W\u0142a\u015bciwo\u015bci:<\/p>\n<p>&#8211; materia\u0142 wykonania: aluminium, tworzywo sztuczne oraz p\u0142yta drewniano &#8211; pil\u015bniowa;<\/p>\n<p>&#8211; wzmocnione naro\u017cniki;<\/p>\n<p>&#8211; mocny uchwyt;<\/p>\n<p>&#8211; zamki szyfrowe;<\/p>\n<p>&#8211; funkcjonalny podzia\u0142 wn\u0119trza walizki, z dodatkowymi przegrodami i kieszeniami,<\/p>\n<p>&#8211; mo\u017cliwo\u015b\u0107 monta\u017cu k\u00f3\u0142ek.<\/p>\n<p>Du\u017ca walizka serwisowa to najlepsza odpowied\u017a na potrzeby profesjonalist\u00f3w i ludzi lubi\u0105cych mie\u0107 narz\u0119dzia pod r\u0119k\u0105.<\/p>\n<p>&nbsp;<\/p>\n","protected":false},"excerpt":{"rendered":"<p><strong>Wymiary: wys\/szer\/g\u0142 370x500x250mm<\/strong><\/p>\n","protected":false},"featured_media":3674,"comment_status":"open","ping_status":"closed","template":"","meta":[],"product_cat":[1794,1813,1401],"product_tag":[1802,1804,1992,2008],"yst_prominent_words":[1963,2007,1982,1990,1977,1970,1989],"class_list":{"0":"post-3673","1":"product","2":"type-product","3":"status-publish","4":"has-post-thumbnail","6":"product_cat-aluminiowe-metalowe-skrzynie-walizki","7":"product_cat-walizki","8":"product_cat-wyposazenie-warsztatu","9":"product_tag-skrzynia-transportowa","10":"product_tag-skrzynka-do-transportu","11":"product_tag-walizka-warsztatowa","12":"product_tag-walw-cws20","13":"entry","15":"first","16":"instock","17":"shipping-taxable","18":"product-type-simple"},"_links":{"self":[{"href":"https:\/\/www.metal-styl.com\/index.php\/wp-json\/wp\/v2\/product\/3673","targetHints":{"allow":["GET"]}}],"collection":[{"href":"https:\/\/www.metal-styl.com\/index.php\/wp-json\/wp\/v2\/product"}],"about":[{"href":"https:\/\/www.metal-styl.com\/index.php\/wp-json\/wp\/v2\/types\/product"}],"replies":[{"embeddable":true,"href":"https:\/\/www.metal-styl.com\/index.php\/wp-json\/wp\/v2\/comments?post=3673"}],"version-history":[{"count":1,"href":"https:\/\/www.metal-styl.com\/index.php\/wp-json\/wp\/v2\/product\/3673\/revisions"}],"predecessor-version":[{"id":3677,"href":"https:\/\/www.metal-styl.com\/index.php\/wp-json\/wp\/v2\/product\/3673\/revisions\/3677"}],"wp:featuredmedia":[{"embeddable":true,"href":"https:\/\/www.metal-styl.com\/index.php\/wp-json\/wp\/v2\/media\/3674"}],"wp:attachment":[{"href":"https:\/\/www.metal-styl.com\/index.php\/wp-json\/wp\/v2\/media?parent=3673"}],"wp:term":[{"taxonomy":"product_cat","embeddable":true,"href":"https:\/\/www.metal-styl.com\/index.php\/wp-json\/wp\/v2\/product_cat?post=3673"},{"taxonomy":"product_tag","embeddable":true,"href":"https:\/\/www.metal-styl.com\/index.php\/wp-json\/wp\/v2\/product_tag?post=3673"},{"taxonomy":"yst_prominent_words","embeddable":true,"href":"https:\/\/www.metal-styl.com\/index.php\/wp-json\/wp\/v2\/yst_prominent_words?post=3673"}],"curies":[{"name":"wp","href":"https:\/\/api.w.org\/{rel}","templated":true}]}}