{"id":3681,"date":"2020-02-27T15:08:48","date_gmt":"2020-02-27T15:08:48","guid":{"rendered":"https:\/\/www.metal-styl.com\/?post_type=product&#038;p=3681"},"modified":"2020-02-27T15:14:22","modified_gmt":"2020-02-27T15:14:22","slug":"wozek-do-walizek-kolka-wwal-420900","status":"publish","type":"product","link":"https:\/\/www.metal-styl.com\/index.php\/produkt\/wozek-do-walizek-kolka-wwal-420900\/","title":{"rendered":"W\u00f3zek do walizek WWAL-420900"},"content":{"rendered":"<p><span style=\"color: #800000;\"><strong>Skrzynia serwisowa WWAL-420900<\/strong><\/span><\/p>\n<p class=\"title\"><strong>Wymiary z\u0142o\u017conego w\u00f3zka: wys\/szer\/g\u0142 50x270x560mm<\/strong><\/p>\n<p>Uniwersalny lekki podr\u0119czny w\u00f3zek do walizek lub skrzy\u0144 aluminiowych z rozk\u0142adan\u0105 r\u0105czk\u0105 do samodzielnego monta\u017cu. Pomaga w \u0142atwym przemieszczaniu ci\u0119\u017ckich walizek lub skrzy\u0144 transportowych. Szybki monta\u017c i demonta\u017c k\u00f3\u0142ek na zatrzask. Dzia\u0142a na zasadzie walizek podr\u00f3\u017cnych.<\/p>\n<p>&nbsp;<\/p>\n","protected":false},"excerpt":{"rendered":"<p><strong>Wymiary z\u0142o\u017conego w\u00f3zka: wys\/szer\/g\u0142 50x270x560mm<\/strong><\/p>\n","protected":false},"featured_media":3682,"comment_status":"open","ping_status":"closed","template":"","meta":[],"product_cat":[1794,1813,1401],"product_tag":[2015,2016],"yst_prominent_words":[2012,2011,2010],"class_list":{"0":"post-3681","1":"product","2":"type-product","3":"status-publish","4":"has-post-thumbnail","6":"product_cat-aluminiowe-metalowe-skrzynie-walizki","7":"product_cat-walizki","8":"product_cat-wyposazenie-warsztatu","9":"product_tag-wozek-do-walizek","10":"product_tag-wwal-420900","11":"entry","13":"first","14":"instock","15":"shipping-taxable","16":"product-type-simple"},"_links":{"self":[{"href":"https:\/\/www.metal-styl.com\/index.php\/wp-json\/wp\/v2\/product\/3681","targetHints":{"allow":["GET"]}}],"collection":[{"href":"https:\/\/www.metal-styl.com\/index.php\/wp-json\/wp\/v2\/product"}],"about":[{"href":"https:\/\/www.metal-styl.com\/index.php\/wp-json\/wp\/v2\/types\/product"}],"replies":[{"embeddable":true,"href":"https:\/\/www.metal-styl.com\/index.php\/wp-json\/wp\/v2\/comments?post=3681"}],"version-history":[{"count":1,"href":"https:\/\/www.metal-styl.com\/index.php\/wp-json\/wp\/v2\/product\/3681\/revisions"}],"predecessor-version":[{"id":3685,"href":"https:\/\/www.metal-styl.com\/index.php\/wp-json\/wp\/v2\/product\/3681\/revisions\/3685"}],"wp:featuredmedia":[{"embeddable":true,"href":"https:\/\/www.metal-styl.com\/index.php\/wp-json\/wp\/v2\/media\/3682"}],"wp:attachment":[{"href":"https:\/\/www.metal-styl.com\/index.php\/wp-json\/wp\/v2\/media?parent=3681"}],"wp:term":[{"taxonomy":"product_cat","embeddable":true,"href":"https:\/\/www.metal-styl.com\/index.php\/wp-json\/wp\/v2\/product_cat?post=3681"},{"taxonomy":"product_tag","embeddable":true,"href":"https:\/\/www.metal-styl.com\/index.php\/wp-json\/wp\/v2\/product_tag?post=3681"},{"taxonomy":"yst_prominent_words","embeddable":true,"href":"https:\/\/www.metal-styl.com\/index.php\/wp-json\/wp\/v2\/yst_prominent_words?post=3681"}],"curies":[{"name":"wp","href":"https:\/\/api.w.org\/{rel}","templated":true}]}}