{"id":3686,"date":"2020-02-27T15:14:39","date_gmt":"2020-02-27T15:14:39","guid":{"rendered":"https:\/\/www.metal-styl.com\/?post_type=product&#038;p=3686"},"modified":"2020-02-27T15:34:02","modified_gmt":"2020-02-27T15:34:02","slug":"wypelnienie-piankowe-do-walizki-wp-cwp10","status":"publish","type":"product","link":"https:\/\/www.metal-styl.com\/index.php\/produkt\/wypelnienie-piankowe-do-walizki-wp-cwp10\/","title":{"rendered":"Wype\u0142nienie piankowe do walizki aluminiowej du\u017cej WP-CWP10"},"content":{"rendered":"<p><span style=\"color: #800000;\"><strong>Wype\u0142nienie piankowe do walizki aluminiowej du\u017cej WP-CWP10<br \/>\n<\/strong><\/span><\/p>\n<p class=\"title\">Walizka przedstawiona na zdj\u0119ciu nie jest elementem kompletu wype\u0142nie\u0144.<\/p>\n<div class=\"resetcss\"><\/div>\n<p>&nbsp;<\/p>\n","protected":false},"excerpt":{"rendered":"<p><strong>\u00a0<\/strong><\/p>\n<p><strong>\u00a0<\/strong><\/p>\n","protected":false},"featured_media":3687,"comment_status":"open","ping_status":"closed","template":"","meta":[],"product_cat":[1794,1813,1401],"product_tag":[1802,2018,2017],"yst_prominent_words":[],"class_list":{"0":"post-3686","1":"product","2":"type-product","3":"status-publish","4":"has-post-thumbnail","6":"product_cat-aluminiowe-metalowe-skrzynie-walizki","7":"product_cat-walizki","8":"product_cat-wyposazenie-warsztatu","9":"product_tag-skrzynia-transportowa","10":"product_tag-wp-cwp10","11":"product_tag-wypelnienie-piankowe-do-walizki","12":"entry","14":"first","15":"instock","16":"shipping-taxable","17":"product-type-simple"},"_links":{"self":[{"href":"https:\/\/www.metal-styl.com\/index.php\/wp-json\/wp\/v2\/product\/3686","targetHints":{"allow":["GET"]}}],"collection":[{"href":"https:\/\/www.metal-styl.com\/index.php\/wp-json\/wp\/v2\/product"}],"about":[{"href":"https:\/\/www.metal-styl.com\/index.php\/wp-json\/wp\/v2\/types\/product"}],"replies":[{"embeddable":true,"href":"https:\/\/www.metal-styl.com\/index.php\/wp-json\/wp\/v2\/comments?post=3686"}],"version-history":[{"count":3,"href":"https:\/\/www.metal-styl.com\/index.php\/wp-json\/wp\/v2\/product\/3686\/revisions"}],"predecessor-version":[{"id":3700,"href":"https:\/\/www.metal-styl.com\/index.php\/wp-json\/wp\/v2\/product\/3686\/revisions\/3700"}],"wp:featuredmedia":[{"embeddable":true,"href":"https:\/\/www.metal-styl.com\/index.php\/wp-json\/wp\/v2\/media\/3687"}],"wp:attachment":[{"href":"https:\/\/www.metal-styl.com\/index.php\/wp-json\/wp\/v2\/media?parent=3686"}],"wp:term":[{"taxonomy":"product_cat","embeddable":true,"href":"https:\/\/www.metal-styl.com\/index.php\/wp-json\/wp\/v2\/product_cat?post=3686"},{"taxonomy":"product_tag","embeddable":true,"href":"https:\/\/www.metal-styl.com\/index.php\/wp-json\/wp\/v2\/product_tag?post=3686"},{"taxonomy":"yst_prominent_words","embeddable":true,"href":"https:\/\/www.metal-styl.com\/index.php\/wp-json\/wp\/v2\/yst_prominent_words?post=3686"}],"curies":[{"name":"wp","href":"https:\/\/api.w.org\/{rel}","templated":true}]}}